{"id":10,"date":"2014-10-17T15:49:24","date_gmt":"2014-10-17T13:49:24","guid":{"rendered":"http:\/\/wordpress.gedenken-in-hessen.de\/?page_id=10"},"modified":"2019-09-20T23:00:24","modified_gmt":"2019-09-20T21:00:24","slug":"uebersichtskarte","status":"publish","type":"page","link":"https:\/\/www.lag-gedenken-in-hessen.de\/?page_id=10","title":{"rendered":"Gedenkst\u00e4tten und Erinnerungsinitiativen zur NS-Zeit in Hessen (LAG)"},"content":{"rendered":"<hr \/>\n<p><img loading=\"lazy\" decoding=\"async\" class=\"aligncenter size-medium_large wp-image-1178\" src=\"https:\/\/www.lag-gedenken-in-hessen.de\/wp-content\/uploads\/Gedenkst\u00e4ttenkarte_transparent1a-768x1087.png\" alt=\"\" width=\"700\" height=\"991\" srcset=\"https:\/\/www.lag-gedenken-in-hessen.de\/wp-content\/uploads\/Gedenkst\u00e4ttenkarte_transparent1a-768x1087.png 768w, https:\/\/www.lag-gedenken-in-hessen.de\/wp-content\/uploads\/Gedenkst\u00e4ttenkarte_transparent1a-212x300.png 212w, https:\/\/www.lag-gedenken-in-hessen.de\/wp-content\/uploads\/Gedenkst\u00e4ttenkarte_transparent1a-724x1024.png 724w, https:\/\/www.lag-gedenken-in-hessen.de\/wp-content\/uploads\/Gedenkst\u00e4ttenkarte_transparent1a.png 1753w\" sizes=\"auto, (max-width: 700px) 100vw, 700px\" \/><\/p>\n\n<table id=\"tablepress-3\" class=\"tablepress tablepress-id-3\">\n<tbody class=\"row-striping\">\n<tr class=\"row-1\">\n\t<td class=\"column-1\"><a href=\"https:\/\/www.lag-gedenken-in-hessen.de\/?page_id=254\"><b>Aktives Museum Spiegelgasse, Wiesbaden<\/b><\/a><\/td><td class=\"column-2\"><\/td><td class=\"column-3\"><a href=\"https:\/\/www.lag-gedenken-in-hessen.de\/?page_id=443\"><b>Gedenkst\u00e4tte Breitenau, Guxhagen<\/b><\/a><\/td>\n<\/tr>\n<tr class=\"row-2\">\n\t<td class=\"column-1\"><a href=\"https:\/\/www.lag-gedenken-in-hessen.de\/?page_id=332\"><b>Arbeitskreis ehemalige Synagoge, Gro\u00dfkrotzenburg<\/b><\/a><\/td><td class=\"column-2\"><\/td><td class=\"column-3\"><a href=\"https:\/\/www.lag-gedenken-in-hessen.de\/?page_id=192\"><b>Gedenkst\u00e4tte Hadamar<\/b><\/a><\/td>\n<\/tr>\n<tr class=\"row-3\">\n\t<td class=\"column-1\"><a href=\"https:\/\/www.lag-gedenken-in-hessen.de\/?page_id=326\"><b>Arbeitskreis ehemalige Synagoge Klein-Krotzenburg<\/b><\/a><\/td><td class=\"column-2\"><\/td><td class=\"column-3\"><a href=\"https:\/\/www.lag-gedenken-in-hessen.de\/?page_id=989\"><strong>Gedenkst\u00e4tte Strafgefangenenlager Rollwald,<br \/>\nAG Lager Rollwald bei munaVeRo, Rodgau<\/strong><\/a><\/td>\n<\/tr>\n<tr class=\"row-4\">\n\t<td class=\"column-1\"><a href=\"https:\/\/www.lag-gedenken-in-hessen.de\/?page_id=411\"><b>Arbeitskreis ehemalige Synagoge Pfungstadt e.V.<\/b><\/a><\/td><td class=\"column-2\"><\/td><td class=\"column-3\"><a href=\"https:\/\/www.lag-gedenken-in-hessen.de\/?page_id=433\"><b>Gedenkst\u00e4tte und Museum Trutzhain<\/b><\/a><\/td>\n<\/tr>\n<tr class=\"row-5\">\n\t<td class=\"column-1\"><a href=\"https:\/\/www.lag-gedenken-in-hessen.de\/?page_id=1132\"><b>Arbeitskreis Korbach - Gedenkportal f\u00fcr die Opfer des Nationalsozialismus<\/b><\/a><\/td><td class=\"column-2\"><\/td><td class=\"column-3\"><a href=\"https:\/\/www.lag-gedenken-in-hessen.de\/?page_id=476\"><b>Gegen Vergessen -  F\u00fcr Demokratie e.V., Frankfurt am Main, Giessen, M\u00f6rfelden-Walldorf, Volkmarsen<\/b><\/a><\/td>\n<\/tr>\n<tr class=\"row-6\">\n\t<td class=\"column-1\"><a href=\"https:\/\/www.lag-gedenken-in-hessen.de\/?page_id=280\"><b>Arbeitskreis Landsynagoge Roth e.V.<\/b><\/a><\/td><td class=\"column-2\"><\/td><td class=\"column-3\"><a href=\"https:\/\/www.lag-gedenken-in-hessen.de\/?page_id=210\"><b>Geschichtswerkstatt Marburg e.V.<\/b><\/a><\/td>\n<\/tr>\n<tr class=\"row-7\">\n\t<td class=\"column-1\"><a href=\"https:\/\/www.lag-gedenken-in-hessen.de\/?page_id=301\"><b>Arbeitskreis Muna Grebenhain<\/b><\/a><\/td><td class=\"column-2\"><\/td><td class=\"column-3\"><a href=\"https:\/\/www.lag-gedenken-in-hessen.de\/?page_id=1343\"><b>Horvath Zentrum M\u00f6rfelden Walldorf<\/b><\/a><\/td>\n<\/tr>\n<tr class=\"row-8\">\n\t<td class=\"column-1\"><a href=\"https:\/\/www.lag-gedenken-in-hessen.de\/?page_id=391\"><b>Arbeitskreis R\u00fcckblende -  Gegen das Vergessen e.V., Volkmarsen<\/b><\/a><\/td><td class=\"column-2\"><\/td><td class=\"column-3\"><a href=\"https:\/\/www.lag-gedenken-in-hessen.de\/?page_id=355\"><b>Initiative 9. November e. V. , Frankfurt a. M.<\/b><\/a><\/td>\n<\/tr>\n<tr class=\"row-9\">\n\t<td class=\"column-1\"><a href=\"https:\/\/www.lag-gedenken-in-hessen.de\/?page_id=490\"><b>Arbeitskreis \"Spurensicherung\" in der Friedenskooperative Laubach<\/b><\/a><\/td><td class=\"column-2\"><\/td><td class=\"column-3\"><a href=\"https:\/\/www.lag-gedenken-in-hessen.de\/?page_id=360\"><b>Initiative  \"Gedenkort G\u00fcterbahnhof Darmstadt\"<\/b><\/a><\/td>\n<\/tr>\n<tr class=\"row-10\">\n\t<td class=\"column-1\"><b>Arbeitskreis Spurensuche im DGB, Schwalmstadt<\/b><br \/>\n<b> - wir k\u00fcmmern uns!<\/b><\/td><td class=\"column-2\"><\/td><td class=\"column-3\"><a href=\"https:\/\/www.lag-gedenken-in-hessen.de\/?page_id=347\"><b>Initiative gegen das Vergessen \/ Leben und Arbeiten in Gallus und Griesheim (LAGG) e.V. \/ Initiative Adlerwerke, Frankfurt a. M.<\/b><\/a><\/td>\n<\/tr>\n<tr class=\"row-11\">\n\t<td class=\"column-1\"><a href=\"https:\/\/www.lag-gedenken-in-hessen.de\/?page_id=310\"><b>Auerbacher Synagogenverein e.V.<\/b><\/a><br \/>\n<\/td><td class=\"column-2\"><\/td><td class=\"column-3\"><a href=\"https:\/\/www.lag-gedenken-in-hessen.de\/?page_id=746\"><b>Judaica im Stadtmuseum Hofgeismar<\/b><\/a><\/td>\n<\/tr>\n<tr class=\"row-12\">\n\t<td class=\"column-1\"><a href=\"https:\/\/www.lag-gedenken-in-hessen.de\/?page_id=373\"><b>Arbeitskreis Zwingenberger Synagoge e.V.<\/b><\/a><\/td><td class=\"column-2\"><\/td><td class=\"column-3\"><a href=\"https:\/\/www.lag-gedenken-in-hessen.de\/?page_id=700\"><b>Juden in Gro\u00df-Gerau. Eine lokale Spurensuche<\/b><\/a><\/td>\n<\/tr>\n<tr class=\"row-13\">\n\t<td class=\"column-1\"><a href=\"https:\/\/www.lag-gedenken-in-hessen.de\/?page_id=270\"><b>Br\u00fcder-Sch\u00f6nfeld-Forum e.V. Maintal<\/b><\/a><\/td><td class=\"column-2\"><\/td><td class=\"column-3\"><a href=\"https:\/\/www.lag-gedenken-in-hessen.de\/?page_id=1202\" ><strong>J\u00fcdisches Museum Frankfurt am Main<\/strong><\/td>\n<\/tr>\n<tr class=\"row-14\">\n\t<td class=\"column-1\"><a href=\"https:\/\/www.lag-gedenken-in-hessen.de\/?page_id=293\"><b>Dokumentations- und Informationszentrum Stadtallendorf<\/b><\/a><\/td><td class=\"column-2\"><\/td><td class=\"column-3\"><a href=\"https:\/\/www.lag-gedenken-in-hessen.de\/?page_id=496 \"><b>KZ-Gedenkst\u00e4tte \"Unter den Eichen\", Wiesbaden<\/b><\/a><\/td>\n<\/tr>\n<tr class=\"row-15\">\n\t<td class=\"column-1\"><b>Erinnerungsinitiative Konzentrationslager im Taunus, <br \/>\nBad Homburg<\/b><\/td><td class=\"column-2\"><\/td><td class=\"column-3\"><a href=\"https:\/\/www.lag-gedenken-in-hessen.de\/?page_id=470\"><b>Lagergemeinschaft Auschwitz - Freundeskreis der Auschwitzer e.V. <\/b><\/a><\/td>\n<\/tr>\n<tr class=\"row-16\">\n\t<td class=\"column-1\"><a href=\"https:\/\/www.lag-gedenken-in-hessen.de\/?page_id=262\"><b>Ettie-und-Peter-Gingold-Erinnerungsinitiative, <br \/>\nFrankfurt am Main<\/b><\/a><\/td><td class=\"column-2\"><\/td><td class=\"column-3\"><a href=\"https:\/\/www.lag-gedenken-in-hessen.de\/?page_id=1792\"><b>Lern- und Gedenkort Synagoge Abterode<\/b><\/a><\/td>\n<\/tr>\n<tr class=\"row-17\">\n\t<td class=\"column-1\"><a href=\"https:\/\/www.lag-gedenken-in-hessen.de\/?page_id=420\"><b>F\u00f6rderkreis Ehemaliges J\u00fcdisches Ritualbad Rotenburg an der Fulda. Gedenk- und Begegnungsst\u00e4tte<\/b><\/a><\/td><td class=\"column-2\"><\/td><td class=\"column-3\"><a href=\"https:\/\/www.lag-gedenken-in-hessen.de\/?page_id=383\"><b>Memor Gernsheim<\/b><\/a><\/td>\n<\/tr>\n<tr class=\"row-18\">\n\t<td class=\"column-1\"><a href=\"https:\/\/www.lag-gedenken-in-hessen.de\/?page_id=464 \"><b>F\u00f6rderkreis J\u00fcdisches Lehrerhaus e.V. Schenklengsfeld<\/b><\/a><\/td><td class=\"column-2\"><\/td><td class=\"column-3\"><a href=\"https:\/\/www.lag-gedenken-in-hessen.de\/?page_id=529\"><b>Projekt j\u00fcdisches Leben in Frankfurt - Spurensuche, Begegnung, Erinnerung e. V.<\/b><\/a><\/td>\n<\/tr>\n<tr class=\"row-19\">\n\t<td class=\"column-1\"><a href=\"https:\/\/www.lag-gedenken-in-hessen.de\/?page_id=341\"><b>F\u00f6rderkreis \"Synagoge in V\u00f6hl\" e.V.<\/b><\/a><\/td><td class=\"column-2\"><\/td><td class=\"column-3\"><a href=\"https:\/\/www.lag-gedenken-in-hessen.de\/?page_id=805\"><br \/>\n<b>Stiftung Adam von Trott, Imshausen<\/b><\/a> <\/td>\n<\/tr>\n<tr class=\"row-20\">\n\t<td class=\"column-1\"><a href=\"https:\/\/www.lag-gedenken-in-hessen.de\/?page_id=399\"><b>F\u00f6rderverein J\u00fcdische Geschichte und Kultur im Kreis Gro\u00df-Gerau e.V. (Riedstadt)<\/b><\/a><\/td><td class=\"column-2\"><\/td><td class=\"column-3\"><a href=\"https:\/\/www.lag-gedenken-in-hessen.de\/?page_id=455 \"><b>Stiftung Alte Synagoge, R\u00fcsselsheim<\/b><\/a><\/td>\n<\/tr>\n<tr class=\"row-21\">\n\t<td class=\"column-1\"><a href=\"https:\/\/www.lag-gedenken-in-hessen.de\/?page_id=1043\"><strong>F\u00f6rderverein zur Errichtung einer Gedenk- und Bildungsst\u00e4tte KZ-Katzbach in den Adlerwerken und zur Zwangsarbeit in Frankfurt am Main e. V.<\/strong><\/a><\/td><td class=\"column-2\"><\/td><td class=\"column-3\"><a href=\"https:\/\/www.lag-gedenken-in-hessen.de\/?page_id=244\"><b>Studienkreis Deutscher Widerstand 1933-1945 e.V., Frankfurt a. M.<\/b><\/a><\/td>\n<\/tr>\n<tr class=\"row-22\">\n\t<td class=\"column-1\"><a href=\"https:\/\/www.lag-gedenken-in-hessen.de\/?page_id=164\"><b>Fritz Bauer Institut, Frankfurt a. M.<\/b><\/a><\/td><td class=\"column-2\"><\/td><td class=\"column-3\"><a href=\"https:\/\/www.lag-gedenken-in-hessen.de\/?page_id=1444\"><b>Volksbund Deutsche Kriegsgr\u00e4berf\u00fcrsorge e. V., Landesverband Hessen<\/b> <\/a><\/td>\n<\/tr>\n<tr class=\"row-23\">\n\t<td class=\"column-1\"><a href=\"https:\/\/www.lag-gedenken-in-hessen.de\/?page_id=1629\"><strong>Gedenkort Kalmenhof e.V.<\/strong><\/a><\/td><td class=\"column-2\"><\/td><td class=\"column-3\"><a href=\"https:\/\/www.lag-gedenken-in-hessen.de\/?page_id=1420\"><b>Weilburg erinnert e. V.<\/b><\/a><\/td>\n<\/tr>\n<tr class=\"row-24\">\n\t<td class=\"column-1\"><a href=\"https:\/\/www.lag-gedenken-in-hessen.de\/?page_id=1675\"><strong>Gedenkort Polenkreuz<\/strong><\/a><\/td><td class=\"column-2\"><\/td><td class=\"column-3\"><a href=\"https:\/\/www.lag-gedenken-in-hessen.de\/?page_id=610\"><b>Wetzlar erinnert e. V.<\/b><\/a><\/td>\n<\/tr>\n<\/tbody>\n<\/table>\n<!-- #tablepress-3 from cache -->\n<div class='printomatic pom-default ' id='id5171' alt='Seitentext drucken' title='Seitentext drucken' data-print_target='article'><\/div>\n","protected":false},"excerpt":{"rendered":"","protected":false},"author":1,"featured_media":0,"parent":0,"menu_order":0,"comment_status":"closed","ping_status":"closed","template":"page-full-width.php","meta":{"footnotes":""},"class_list":["entry","page","publish","author-admin","post-10"],"_links":{"self":[{"href":"https:\/\/www.lag-gedenken-in-hessen.de\/index.php?rest_route=\/wp\/v2\/pages\/10","targetHints":{"allow":["GET"]}}],"collection":[{"href":"https:\/\/www.lag-gedenken-in-hessen.de\/index.php?rest_route=\/wp\/v2\/pages"}],"about":[{"href":"https:\/\/www.lag-gedenken-in-hessen.de\/index.php?rest_route=\/wp\/v2\/types\/page"}],"author":[{"embeddable":true,"href":"https:\/\/www.lag-gedenken-in-hessen.de\/index.php?rest_route=\/wp\/v2\/users\/1"}],"replies":[{"embeddable":true,"href":"https:\/\/www.lag-gedenken-in-hessen.de\/index.php?rest_route=%2Fwp%2Fv2%2Fcomments&post=10"}],"version-history":[{"count":25,"href":"https:\/\/www.lag-gedenken-in-hessen.de\/index.php?rest_route=\/wp\/v2\/pages\/10\/revisions"}],"predecessor-version":[{"id":1237,"href":"https:\/\/www.lag-gedenken-in-hessen.de\/index.php?rest_route=\/wp\/v2\/pages\/10\/revisions\/1237"}],"wp:attachment":[{"href":"https:\/\/www.lag-gedenken-in-hessen.de\/index.php?rest_route=%2Fwp%2Fv2%2Fmedia&parent=10"}],"curies":[{"name":"wp","href":"https:\/\/api.w.org\/{rel}","templated":true}]}}