{"id":1043,"date":"2019-05-27T01:23:36","date_gmt":"2019-05-26T23:23:36","guid":{"rendered":"https:\/\/www.lag-gedenken-in-hessen.de\/?page_id=1043"},"modified":"2019-09-20T22:56:30","modified_gmt":"2019-09-20T20:56:30","slug":"foerderverein-zur-errichtung-einer-gedenk-und-bildungsstaette-kz-katzbach-in-den-adlerwerken-und-zur-zwangsarbeit-in-frankfurt-am-main-e-v","status":"publish","type":"page","link":"https:\/\/www.lag-gedenken-in-hessen.de\/?page_id=1043","title":{"rendered":"F\u00f6rderverein zur Errichtung einer Gedenk- und Bildungsst\u00e4tte KZ-Katzbach in den Adlerwerken und zur Zwangsarbeit in Frankfurt am Main e.V."},"content":{"rendered":"<p><img loading=\"lazy\" decoding=\"async\" class=\"aligncenter  wp-image-1047\" src=\"https:\/\/www.lag-gedenken-in-hessen.de\/wp-content\/uploads\/Adlerwerke-Bild-f\u00fcr-Antifa.jpg\" alt=\"\" width=\"603\" height=\"393\" srcset=\"https:\/\/www.lag-gedenken-in-hessen.de\/wp-content\/uploads\/Adlerwerke-Bild-f\u00fcr-Antifa.jpg 361w, https:\/\/www.lag-gedenken-in-hessen.de\/wp-content\/uploads\/Adlerwerke-Bild-f\u00fcr-Antifa-300x195.jpg 300w\" sizes=\"auto, (max-width: 603px) 100vw, 603px\" \/><\/p>\n<p style=\"text-align: center;\">\n<hr \/>\n<p style=\"text-align: center;\">\n<table id=\"tablepress-40\" class=\"tablepress tablepress-id-40\">\n<tbody class=\"row-striping\">\n<tr class=\"row-1\">\n\t<td class=\"column-1\"><b>Kurzbeschreibung<b>  <\/td><td class=\"column-2\">Durch Errichtung einer Gedenk- und Bildungsst\u00e4tte am historischen Ort soll an ein Au\u00dfenlager des Konzentrationslagers Natzweiler- Struthof erinnert werden, das sich in der Sp\u00e4tphase der NS-Diktatur in den Adlerwerken im Frankfurter Stadtteil Gallus befand.<\/td>\n<\/tr>\n<tr class=\"row-2\">\n\t<td class=\"column-1\"><b>Tr\u00e4ger \/<br \/>\nInitiative<\/b><\/td><td class=\"column-2\">F\u00f6rderverein zur Errichtung einer Gedenk- und Bildungsst\u00e4tte KZ-Katzbach in den Adlerwerken und zur Zwangsarbeit in Frankfurt am Main e. V.., (Eingetragen unter VR 15760 beim Amtsgericht Frankfurt\/M).<br \/>\n<br \/>\nDer F\u00f6rderverein setzt sich f\u00fcr eine dauerhafte und nachhaltige Erinnerung an die Zwangsarbeit in Frankfurt im Allgemeinen und an die Verbrechen im KZ Katzbach im Besonderen ein.<br \/>\n<br \/>\n<b>Sie k\u00f6nnen unsere Arbeit durch eine Mitgliedschaft oder Spende unterst\u00fctzen.<\/b><br \/>\n<b>Bankverbindung:<\/b> Frankfurter Sparkasse <br \/>\nIBAN= DE09 5005 0201 0200 6147 97   BIC=HELADEF1822<br \/>\n<br \/>\n<\/td>\n<\/tr>\n<tr class=\"row-3\">\n\t<td class=\"column-1\"><b>Information<\/b><\/td><td class=\"column-2\">An dem Erinnerungsort KZ Katzbach soll an ein Au\u00dfenlager des Konzentrationslagers Natzweiler- Struthof erinnert werden, das sich in der Sp\u00e4tphase der NS-Diktatur in den Adlerwerken im Frankfurter Stadtteil Gallus befand. In dieses Lager wurden \u00fcberwiegend polnische M\u00e4nner verschleppt, die am Warschauer Aufstand (Sommer 1944) beteiligt waren. In den Adlerwerken mussten sie Sklavenarbeit leisten. W\u00e4hrend des Nationalsozialismus produzierten die Adlerwerke fast ausschlie\u00dflich f\u00fcr die Wehr- macht und stiegen zum gr\u00f6\u00dften Hersteller von Sch\u00fctzenpanzer-Fahrgestellen auf. Bereits im Juli 1941 entstanden Baracken f\u00fcr franz\u00f6sische Zivilarbeiter auf dem Gel\u00e4nde zwischen Werk I und II. Dieses Areal hatten die Adlerwerke zwischen 1936 und 1938 den j\u00fcdischen Unternehmern, die dort kleine Fabriken betrieben, abgepresst. Ab 1942 verschleppte man vor allem russische Kriegsgefangene nach Frankfurt, weshalb ein neues Massenquartier in der Froschh\u00e4user Stra\u00dfe in Griesheim auf st\u00e4dtischem Grund entstand. Etwa 2.000 Zwangsarbeiter\/innen mussten dort unter unmenschlichen Bedingungen hausen. 1943 besch\u00e4ftigten die Adlerwerke das dritt- gr\u00f6\u00dfte Zwangsarbeiterheer Frankfurts, nach den IG Farben und VDM. Der Luftangriff vom 22.04.1944 f\u00fchrte zu schweren Zerst\u00f6rungen bei den Adlerwerken. Dringend wurden weitere Arbeitskr\u00e4fte ben\u00f6tigt. Um den Bedarf zu decken, forderten die Adlerwerke KZ-H\u00e4ftlinge an. Am 22. August 1944 war das KZ Adlerwerke ein- gerichtet und erhielt den Decknamen \u201eKatzbach\u201c. Etwa 1.600 M\u00e4nner wurden von der Werksleitung vorwiegend in den Konzentrationslagern Buchenwald und Dachau zur Sklavenarbeit aus- gesucht. Die Todesrate im KZ Adlerwerke \u00fcbertraf die aller hessischen KZ-Au\u00dfenlager. Die H\u00e4ftlinge (aus acht Nationen, die meisten jedoch aus Polen) mussten 84 Stunden in der Woche in ungeheizten, teils zerst\u00f6rten Hallen arbeiten. Sie besa\u00dfen in dem eisigen Winter 1944\/45 nur ihre zerlumpten Sommermonturen. Hygiene und \u00e4rztliche Versorgung gab es praktisch nicht. Gewalt und Schikane waren allt\u00e4glich. Die Menschen verhungerten buchst\u00e4blich oder fielen, v\u00f6llig geschw\u00e4cht, Krankheiten zum Opfer. Fluchtversuche wurden mit \u00f6ffentlicher Hinrichtung bestraft. Am 23. M\u00e4rz 1945 stellte das Werk die Produktion ein, am n\u00e4chsten Tag wurden die letzten verbliebenen H\u00e4ftlinge auf einen Todesmarsch nach Buchenwald geschickt. Der F\u00f6rderverein setzt sich f\u00fcr eine dauerhafte und nachhaltige Erinnerung an die Zwangsarbeit in Frankfurt im Allgemeinen und an die Verbrechen im KZ Katzbach im Besonderen ein<\/td>\n<\/tr>\n<tr class=\"row-4\">\n\t<td class=\"column-1\"><b>Standort<\/b><\/td><td class=\"column-2\">Vorgesehen am Erinnerungsort im Geb\u00e4udekomplex der ehemaligen Adlerwerke, zwischen Kleyerstra\u00dfe und Weilburgerstra\u00dfe<\/td>\n<\/tr>\n<tr class=\"row-5\">\n\t<td class=\"column-1\"><b>Internet<\/b><\/td><td class=\"column-2\"><a href=\"https:\/\/kz-katzbach-adlerwerke.de\" rel=\"noopener\" target=\"_blank\"><strong>eigene Webseite: <\/strong>https:\/\/kz-katzbach-adlerwerke.de<\/a><br \/>\n<strong>facebook: <\/strong> <a href=\"https:\/\/www.facebook.com kz.katzbach.adlerwerke\/\" rel=\"noopener\" target=\"_blank\">https:\/\/www.facebook.com\/kz.katzbach.adlerwerke\/<\/a><\/td>\n<\/tr>\n<tr class=\"row-6\">\n\t<td class=\"column-1\"><b>Kontakt<\/b><\/td><td class=\"column-2\">F\u00f6rderverein zur  Errichtung einer Gedenk- und Bildungsst\u00e4tte KZ-Katzbach in den Adlerwerken und zur Zwangsarbeit in Frankfurt am Main e. V.<br \/>\nHenschelstra\u00dfe 11,  60314 Frankfurt am Main<br \/>\nTel. 0151 - 75 01 51 45 \u00b7 Fax 032 22 29 81 69 35 <br \/>\nAnsprechpartner: Horst Koch-Panzner<br \/>\nMail:  kzkatzbach@web.de<\/td>\n<\/tr>\n<\/tbody>\n<\/table>\n<!-- #tablepress-40 from cache --><\/p>\n<div class='printomatic pom-default ' id='id6274' alt='Seitentext drucken' title='Seitentext drucken' data-print_target='article'><\/div>\n","protected":false},"excerpt":{"rendered":"","protected":false},"author":1,"featured_media":1048,"parent":0,"menu_order":0,"comment_status":"closed","ping_status":"closed","template":"page-full-width.php","meta":{"footnotes":""},"class_list":{"0":"entry","1":"page","2":"publish","3":"author-admin","4":"post-1043","6":"has-post-thumbnail"},"_links":{"self":[{"href":"https:\/\/www.lag-gedenken-in-hessen.de\/index.php?rest_route=\/wp\/v2\/pages\/1043","targetHints":{"allow":["GET"]}}],"collection":[{"href":"https:\/\/www.lag-gedenken-in-hessen.de\/index.php?rest_route=\/wp\/v2\/pages"}],"about":[{"href":"https:\/\/www.lag-gedenken-in-hessen.de\/index.php?rest_route=\/wp\/v2\/types\/page"}],"author":[{"embeddable":true,"href":"https:\/\/www.lag-gedenken-in-hessen.de\/index.php?rest_route=\/wp\/v2\/users\/1"}],"replies":[{"embeddable":true,"href":"https:\/\/www.lag-gedenken-in-hessen.de\/index.php?rest_route=%2Fwp%2Fv2%2Fcomments&post=1043"}],"version-history":[{"count":17,"href":"https:\/\/www.lag-gedenken-in-hessen.de\/index.php?rest_route=\/wp\/v2\/pages\/1043\/revisions"}],"predecessor-version":[{"id":1232,"href":"https:\/\/www.lag-gedenken-in-hessen.de\/index.php?rest_route=\/wp\/v2\/pages\/1043\/revisions\/1232"}],"wp:featuredmedia":[{"embeddable":true,"href":"https:\/\/www.lag-gedenken-in-hessen.de\/index.php?rest_route=\/wp\/v2\/media\/1048"}],"wp:attachment":[{"href":"https:\/\/www.lag-gedenken-in-hessen.de\/index.php?rest_route=%2Fwp%2Fv2%2Fmedia&parent=1043"}],"curies":[{"name":"wp","href":"https:\/\/api.w.org\/{rel}","templated":true}]}}