{"id":1132,"date":"2019-06-07T22:29:42","date_gmt":"2019-06-07T20:29:42","guid":{"rendered":"https:\/\/www.lag-gedenken-in-hessen.de\/?page_id=1132"},"modified":"2019-09-20T22:37:41","modified_gmt":"2019-09-20T20:37:41","slug":"arbeitskreis-korbach-gedenkportal-fuer-die-die-opfer-des-nationalsozialismus","status":"publish","type":"page","link":"https:\/\/www.lag-gedenken-in-hessen.de\/?page_id=1132","title":{"rendered":"Arbeitskreis Korbach &#8211; Gedenkportal f\u00fcr die die Opfer des Nationalsozialismus"},"content":{"rendered":"\n<p>.<\/p>\n\n\n\n\n\n<div class=\"wp-block-image\"><figure class=\"aligncenter is-resized\"><img loading=\"lazy\" decoding=\"async\" src=\"https:\/\/www.lag-gedenken-in-hessen.de\/wp-content\/uploads\/GedenkportalGanz-1-848x1024.jpg\" alt=\"\" class=\"wp-image-1122\" width=\"408\" height=\"493\" srcset=\"https:\/\/www.lag-gedenken-in-hessen.de\/wp-content\/uploads\/GedenkportalGanz-1-848x1024.jpg 848w, https:\/\/www.lag-gedenken-in-hessen.de\/wp-content\/uploads\/GedenkportalGanz-1-248x300.jpg 248w, https:\/\/www.lag-gedenken-in-hessen.de\/wp-content\/uploads\/GedenkportalGanz-1-768x927.jpg 768w, https:\/\/www.lag-gedenken-in-hessen.de\/wp-content\/uploads\/GedenkportalGanz-1.jpg 901w\" sizes=\"auto, (max-width: 408px) 100vw, 408px\" \/><figcaption><strong>Online: das Gedenkportal Korbach f\u00fcr die Opfer des Nationalsozialismus 1933-194<\/strong>5<\/figcaption><\/figure><\/div>\n\n\n<p><\/p>\n<p style=\"text-align: center;\">\n<table id=\"tablepress-41\" class=\"tablepress tablepress-id-41\">\n<tbody class=\"row-striping row-hover\">\n<tr class=\"row-1\">\n\t<td class=\"column-1\"><b>Tr\u00e4ger\/Institution<\/b><\/td><td class=\"column-2\">Arbeitskreis Korbach - Gedenkportal f\u00fcr die Opfer des Nationalsozialismus<\/td>\n<\/tr>\n<tr class=\"row-2\">\n\t<td class=\"column-1\"><b>Kurzbeschreibung<\/b><\/td><td class=\"column-2\">Der Arbeitskreis widmet sich der Aufarbeitung der NS-Vergangenheit lokal und regional. Die Ergebnisse werden u.a. im Rahmen von Publikationen, Aufs\u00e4tzen, Zeitungsartikeln, Ausstellungen, Gedenkveranstaltungen, F\u00fchrungen, Lesungen oder online der \u00d6ffentlichkeit zug\u00e4nglich gemacht.<\/td>\n<\/tr>\n<tr class=\"row-3\">\n\t<td class=\"column-1\"><b>Information<\/b><\/td><td class=\"column-2\">Das nationalsozialistische Gewalt- und Unrechtssystem grenzte unter rassenideologischen Pr\u00e4missen eine Vielzahl von Menschen aus der NS-\u201cGemeinschaft\u201c aus. Zahllose Korbacherinnen und Korbacher wurden von den Nationalsozialisten als Angeh\u00f6rige einer unerw\u00fcnschten \u201eGruppe\u201c verfolgt oder ermordet. <br \/>\n<br \/>\n2009 entstand die Idee, ein Informations- und Gedenkportal zu schaffen, das an die Schicksale der Verfolgten erinnert. Seitdem wurden viele neue Forschungsergebnisse im Rahmen von Gedenkveranstaltungen, Ausstellungen, Aufs\u00e4tzen, Publikationen anschlie\u00dfend im Online-Gedenkportal der \u00d6ffentlichkeit zug\u00e4nglich gemacht. Mit der Ver\u00f6ffentlichung der Schicksale wird an die zahlreichen Verfolgten aus Korbach erinnert: politisch und religi\u00f6s Verfolgte, Juden, Sinti und Roma, Homosexuelle, Zwangssterilisierte, \u201eEuthanasie\u201c-Opfer, darunter Sch\u00fcler der Alten Landesschule. Daneben wird eine Vielzahl an  T\u00e4terbiographien pr\u00e4sentiert. H\u00f6rbeitr\u00e4ge, Fotos, Artikel, ein virtueller Stadtrundgang. Familienchroniken, \u00dcberblickmaterialien, Unterrichtsmaterialien und Veranstaltungshinweise erg\u00e4nzen die Sammlung. <br \/>\n<br \/>\nDurch die Unterst\u00fctzung vieler Institutionen, Datenbanken und Archiven konnte eine umfassende Datenbank der Opfer des Nationalsozialismus f\u00fcr Korbach erstellt werden, eine moderne Form der Gedenk-, Erinnerungs- und Informationskultur.<br \/>\n<\/td>\n<\/tr>\n<tr class=\"row-4\">\n\t<td class=\"column-1\"><b>Angebote<\/b><\/td><td class=\"column-2\">\u2022 Informationen\/Dokumente f\u00fcr \u00dcberlebende und deren Angeh\u00f6rige, Schulen, Vereine, Institutionen, eben alle, die sich mit der NS-Zeit in Korbach auseinandersetzen. <br \/>\n\u2022 Bereitstellung von Wanderausstellungen f\u00fcr Kirchengemeinden, Schule, Institutionen oder Vereine<br \/>\n\u2022 F\u00fchrungen<br \/>\n\u2022 umfangreicher Materialienpool (siehe Gedenkportal)<br \/>\n<\/td>\n<\/tr>\n<tr class=\"row-5\">\n\t<td class=\"column-1\"><b>Kooperationspartner <\/b><\/td><td class=\"column-2\">Unterst\u00fctzt wird das Projekt durch den \u201eArbeitskreis Zeit-Geschichte Korbach\u201c. Kooperationspartner sind u.a. der International Tracing Service (Bad Arolsen), Gegen Vergessen \u2013 F\u00fcr Demokratie e.V, der Waldeckische Geschichtsverein, der Arbeitskreis R\u00fcckblende \u2013 Gegen das Vergessen\u201c, die Synagoge V\u00f6hl e.V., das Fritz Bauer Institut Frankfurt a.M. sowie etliche Regional-, Staats- und Hauptsstaatsarchive.<\/td>\n<\/tr>\n<tr class=\"row-6\">\n\t<td class=\"column-1\"><b>Standort<\/b><\/td><td class=\"column-2\">34497 Korbach<br \/>\nBundesland Hessen<br \/>\n<\/td>\n<\/tr>\n<tr class=\"row-7\">\n\t<td class=\"column-1\"><b>Internet<\/b><\/td><td class=\"column-2\">eigene Internetseite: <a href=\"http:\/\/www.gedenkportal-korbach.de\"><b>www.gedenkportal-korbach.de<\/b><\/a><\/td>\n<\/tr>\n<tr class=\"row-8\">\n\t<td class=\"column-1\"><b>Kontakt<\/b><\/td><td class=\"column-2\">Dr. Marion Lilienthal<br \/>\nGedenkportal Korbach<br \/>\n34497 Korbach<br \/>\nE-Mail: info [ at ] gedenkportal-korbach.de<br \/>\n<\/td>\n<\/tr>\n<tr class=\"row-9\">\n\t<td class=\"column-1\"><b>Publikationen (Auswahl)<\/b><\/td><td class=\"column-2\">\u2022 Autorenteam Klasse 10 e und Marion M\u00f6ller [heute Lilienthal], Korbach w\u00e4hrend des Nationalsozialismus. 1933 - 1945, hrsg. von der Alten Landesschule Korbach und Marion M\u00f6ller [heute Lilienthal], Korbach 2006.<br \/>\n\u2022 Marion Lilienthal, Karl-Heinz Stadtler, Wilhelm V\u00f6lcker-Janssen (Hrsg.), \u201eAuf Omas Geburtstag fahren wir nach P.\u201c Die gewaltsame Verschleppung von Juden aus Waldeck-Frankenberg 1941\/42. Kassel \u2013 Riga, Sobibor\/Majdanek, Theresienstadt (=Beitr\u00e4ge aus Archiv und Museum der Kreisstadt Korbach und Archiv der Alten Landesschule, Bd. 2), Korbach 2013 (443 Seiten).<br \/>\n\u2022 Marion Lilienthal, Erbbiologische Selektion in Korbach (1933-1945). Rassenhygiene, Zwangssterilisierung und NS-\u201eEuthanasie\u201c \u2013 Der Wahn vom gesunden Volksk\u00f6rper und seine Folgen, hrsg. von Wolfgang Klu\u00df, Marion Lilienthal und Wilhelm V\u00f6lcker-Janssen (=Beitr\u00e4ge aus Archiv und Museum der Kreisstadt Korbach und Archiv der Alten Landesschule, Bd. 3), Korbach 2014 (512 Seiten).<br \/>\n\u2022 Marion Lilienthal, Karl-Heinz Stadtler (Hg.), Novemberpogrome 1938. Ausschreitungen und \u00dcbergriffe in Waldeck-Frankenberg  (=Beitr\u00e4ge aus Archiv und Museum der Kreis- und Hansestadt Korbach und Archiv der Alten Landesschule, Bd. 4), Berlin 2018 (384 Seiten).<br \/>\n\u2022 Gerhard Menk, Waldeck im Dritten Reich. Voraussetzungen und Wirken des Nationalsozialismus im hessischen Norden (= Beitr\u00e4ge aus Archiv und Museum der Kreisstadt Korbach und Archiv der Alten Landesschule, Bd. 1), Korbach\/Wiesbaden 2010 (315 Seiten).<br \/>\n\u2022 Marion M\u00f6ller [heute Lilienthal], Sch\u00fcler\/innen der Alten Landesschule, Spuren j\u00fcdischen Lebens und nationalsozialistischer Machtdemonstration. Der andere Stadtf\u00fchrer durch Korbach\/Waldeck, Korbach 2008.<br \/>\n<br \/>\n<b>Ausstellungskataloge und Brosch\u00fcren<\/b><br \/>\n\u2022 Marion Lilienthal und Sch\u00fcler\/innen der Alten Landesschule, Schicksale. Menschen aus Waldeck-Frankenberg im Konzentrations- und Arbeitserziehungslager Breitenau, Korbach 2018.<br \/>\n\u2022 Marion Lilienthal und Sch\u00fcler\/innen der Alten Landesschule, Schicksale. Menschen aus Waldeck-Frankenberg im Konzentrationslager Buchenwald, Korbach 2014.<br \/>\n\u2022 Marion M\u00f6ller [heute Lilienthal], Bernhard Sturm: unangepasst-konsequent-kreativ, in: LEX MIHI ARS. Der Korbacher Kunsterzieher, Grafiker und Maler Bernhard Sturm (1886 - 1985), hrsg. von W. V\u00f6lcker-Janssen (Wolfgang-Bonhage-Museum Korbach)\/R. Gassner (Alte Landesschule), Korbach 2006, S. 8 \u2013 35.<br \/>\n<br \/>\n<b>Aufs\u00e4tze<\/b><br \/>\n\u2022 Marion Lilienthal, Hermann Krumey \u2013 Manager der Judenvernichtung, in: Geschichtsbl\u00e4tter f\u00fcr Waldeck, hrsg. vom Waldeckischen Geschichtsverein e.V. Bad Arolsen, Bd. 106, 2018, S. 145 \u2013183.<br \/>\n\u2022 Marion Lilienthal, Die Pogromnacht in Korbach 1938. Terror, Brandstiftung, KZ-Haft, in: Geschichtsbl\u00e4tter f\u00fcr Waldeck, hrsg. vom Waldeckischen Geschichtsverein e.V. Bad Arolsen, Bd. 103, 2015, S. 83 \u2013 115.<br \/>\n\u2022 \u201eBernhard Sturm, unangepasst \u2013 konsequent \u2013 kreativ. Ein K\u00fcnstler und P\u00e4dagoge der Alten Landesschule\u201c, in: Klostergl\u00f6ckchen. Nachrichten f\u00fcr die Mitglieder des Vereins ehemaliger Korbacher Gymnasiasten, 73. Jg., Nr. 2, Juli 2006.<br \/>\n\u2022 Marion Lilienthal, \u201eEndstation des Lebens \u2013 Henriette und Edmund Mosheim ermordert im Vernichtungslager Auschwitz, In: Karl-Heinz Stadtler  u. F\u00f6rderkreis \u201eSynagoge V\u00f6hl\u201c (Hg.), Auschwitz \u2013 Ort der Vernichtung auch f\u00fcr Juden aus Waldeck-Frankenberg, V\u00f6hl 2016, S. 26 \u2013 33.<br \/>\n<br \/>\n<\/td>\n<\/tr>\n<\/tbody>\n<\/table>\n<!-- #tablepress-41 from cache --><\/p>\n<div class='printomatic pom-default ' id='id5662' alt='Seitentext drucken' title='Seitentext drucken' data-print_target='article'><\/div>","protected":false},"excerpt":{"rendered":"<p>.<\/p>\n","protected":false},"author":1,"featured_media":0,"parent":0,"menu_order":0,"comment_status":"closed","ping_status":"closed","template":"page-full-width.php","meta":{"footnotes":""},"class_list":["entry","page","publish","author-admin","post-1132"],"_links":{"self":[{"href":"https:\/\/www.lag-gedenken-in-hessen.de\/index.php?rest_route=\/wp\/v2\/pages\/1132","targetHints":{"allow":["GET"]}}],"collection":[{"href":"https:\/\/www.lag-gedenken-in-hessen.de\/index.php?rest_route=\/wp\/v2\/pages"}],"about":[{"href":"https:\/\/www.lag-gedenken-in-hessen.de\/index.php?rest_route=\/wp\/v2\/types\/page"}],"author":[{"embeddable":true,"href":"https:\/\/www.lag-gedenken-in-hessen.de\/index.php?rest_route=\/wp\/v2\/users\/1"}],"replies":[{"embeddable":true,"href":"https:\/\/www.lag-gedenken-in-hessen.de\/index.php?rest_route=%2Fwp%2Fv2%2Fcomments&post=1132"}],"version-history":[{"count":14,"href":"https:\/\/www.lag-gedenken-in-hessen.de\/index.php?rest_route=\/wp\/v2\/pages\/1132\/revisions"}],"predecessor-version":[{"id":1218,"href":"https:\/\/www.lag-gedenken-in-hessen.de\/index.php?rest_route=\/wp\/v2\/pages\/1132\/revisions\/1218"}],"wp:attachment":[{"href":"https:\/\/www.lag-gedenken-in-hessen.de\/index.php?rest_route=%2Fwp%2Fv2%2Fmedia&parent=1132"}],"curies":[{"name":"wp","href":"https:\/\/api.w.org\/{rel}","templated":true}]}}