{"id":1202,"date":"2019-09-20T21:44:39","date_gmt":"2019-09-20T19:44:39","guid":{"rendered":"https:\/\/www.lag-gedenken-in-hessen.de\/?page_id=1202"},"modified":"2019-09-22T17:07:31","modified_gmt":"2019-09-22T15:07:31","slug":"juedisches-museum-frankfurt","status":"publish","type":"page","link":"https:\/\/www.lag-gedenken-in-hessen.de\/?page_id=1202","title":{"rendered":"J\u00fcdisches Museum Frankfurt"},"content":{"rendered":"\n<p><img loading=\"lazy\" decoding=\"async\" class=\"aligncenter  wp-image-1207\" src=\"https:\/\/www.lag-gedenken-in-hessen.de\/wp-content\/uploads\/Logo-JM-768x290.jpg\" alt=\"\" width=\"506\" height=\"191\" srcset=\"https:\/\/www.lag-gedenken-in-hessen.de\/wp-content\/uploads\/Logo-JM-768x290.jpg 768w, https:\/\/www.lag-gedenken-in-hessen.de\/wp-content\/uploads\/Logo-JM-300x113.jpg 300w, https:\/\/www.lag-gedenken-in-hessen.de\/wp-content\/uploads\/Logo-JM-1024x386.jpg 1024w, https:\/\/www.lag-gedenken-in-hessen.de\/wp-content\/uploads\/Logo-JM.jpg 1280w\" sizes=\"auto, (max-width: 506px) 100vw, 506px\" \/><\/p>\n<p>\u00a0<\/p>\n<p><img loading=\"lazy\" decoding=\"async\" class=\"wp-image-1206 alignnone\" src=\"https:\/\/www.lag-gedenken-in-hessen.de\/wp-content\/uploads\/boerneplatz-768x576.jpg\" alt=\"\" width=\"463\" height=\"348\" srcset=\"https:\/\/www.lag-gedenken-in-hessen.de\/wp-content\/uploads\/boerneplatz-768x576.jpg 768w, https:\/\/www.lag-gedenken-in-hessen.de\/wp-content\/uploads\/boerneplatz-300x225.jpg 300w, https:\/\/www.lag-gedenken-in-hessen.de\/wp-content\/uploads\/boerneplatz.jpg 1000w\" sizes=\"auto, (max-width: 463px) 100vw, 463px\" \/> <img loading=\"lazy\" decoding=\"async\" class=\"wp-image-1208 alignnone\" src=\"https:\/\/www.lag-gedenken-in-hessen.de\/wp-content\/uploads\/gedenk-grossmarkthalle-01_klein-768x657.jpg\" alt=\"\" width=\"411\" height=\"352\" srcset=\"https:\/\/www.lag-gedenken-in-hessen.de\/wp-content\/uploads\/gedenk-grossmarkthalle-01_klein-768x657.jpg 768w, https:\/\/www.lag-gedenken-in-hessen.de\/wp-content\/uploads\/gedenk-grossmarkthalle-01_klein-300x257.jpg 300w, https:\/\/www.lag-gedenken-in-hessen.de\/wp-content\/uploads\/gedenk-grossmarkthalle-01_klein.jpg 1024w\" sizes=\"auto, (max-width: 411px) 100vw, 411px\" \/><\/p>\n<p>\u00a0<\/p>\n<p style=\"text-align: center;\">\n<table id=\"tablepress-44\" class=\"tablepress tablepress-id-44\">\n<tbody class=\"row-striping row-hover\">\n<tr class=\"row-1\">\n\t<td class=\"column-1\"><b>Kurzbeschreibung<\/b><\/td><td class=\"column-2\">Die Gedenkst\u00e4tte B\u00f6rneplatz und die Erinnerungsst\u00e4tte an der Gro\u00dfmarkthalle \u2013 zwei Erinnerungsorte des J\u00fcdischen Museums Frankfurt<\/td>\n<\/tr>\n<tr class=\"row-2\">\n\t<td class=\"column-1\"><b>Tr\u00e4ger\/Initiative<\/b><\/td><td class=\"column-2\">J\u00fcdisches Museum Frankfurt<\/td>\n<\/tr>\n<tr class=\"row-3\">\n\t<td class=\"column-1\"><b>Information<\/b><\/td><td class=\"column-2\"><strong>Gedenkst\u00e4tte B\u00f6rneplatz<\/strong><br \/>\n11.908 Namen, 11.908 Schicksale: Die Gedenkst\u00e4tte B\u00f6rneplatz erinnert an die im Nationalsozialismus vernichtete J\u00fcdische Gemeinde Frankfurts. Sie liegt in der \u00f6stlichen Innenstadt zwischen dem \u00e4ltesten j\u00fcdischen Friedhof Frankfurts und der R\u00fcckseite des Geb\u00e4udes, in dem auch das Museum Judengasse untergebracht ist. Das Zentrum der 1996 er\u00f6ffneten Gedenkst\u00e4tte bildet der Fries auf der Au\u00dfenmauer des Alten J\u00fcdischen Friedhofs. 11.908 Namensbl\u00f6cke erinnern an alle bekannten Frankfurter Opfer der NS-Vernichtungspolitik. Besucherinnen und Besucher der Gedenkst\u00e4tte k\u00f6nnen hier nach j\u00fcdischem Trauerritus kleine Steine ablegen. <br \/>\nDie Gedenkst\u00e4tte befindet sich am B\u00f6rneplatz, 60311 Frankfurt.<br \/>\n<br \/>\n<strong>Erinnerungsst\u00e4tte an der Gro\u00dfmarkthalle<\/strong><br \/>\nVon 1941 bis 1945 benutzte die Geheime Staatspolizei den Keller der Gro\u00dfmarkthalle als Sammelplatz f\u00fcr J\u00fcdinnen und Juden, die deportiert werden sollten. Nahezu 10.000 Menschen wurden von hier aus mit Z\u00fcgen gewaltsam in Ghettos, Konzentrations- und Vernichtungslager verschleppt und ermordet. Auf diese Ereignisse und die Bedeutung des Ortes verweist die Erinnerungsst\u00e4tte an der Gro\u00dfmarkthalle, die sich seit 2015 auf dem Gel\u00e4nde der Europ\u00e4ischen Zentralbank befindet und in Teilen \u00f6ffentlich zug\u00e4nglich ist.<br \/>\nDie Erinnerungsst\u00e4tte befindet sich Ecke Sonnemannstra\u00dfe und Philipp-Holzmann-Weg, 60314 Frankfurt.<br \/>\n<br \/>\n<strong>J\u00fcdisches Museum Frankfurt<\/strong><br \/>\nDas J\u00fcdische Museum in Frankfurt am Main ist das erste eigenst\u00e4ndige Museum der Bundesrepublik Deutschland, das mit dem Auftrag gegr\u00fcndet wurde, j\u00fcdische Kulturen in Geschichte und Gegenwart erfahrbar zu machen. Es sammelt, bewahrt und erforscht Kulturg\u00fcter und Zeugnisse, die mit der j\u00fcdischen Geschichte Frankfurts verbunden sind. Mit kunst- und kulturhistorischen Ausstellungen, Bildungsprogrammen und digitalen Angeboten sowie der Freude an experimentellen Formaten verstehen wir uns als ein Museum ohne Mauern. <br \/>\n<\/td>\n<\/tr>\n<tr class=\"row-4\">\n\t<td class=\"column-1\"><b>Standort<\/b><\/td><td class=\"column-2\">J\u00fcdisches Museum Frankfurt<br \/>\nBertha-Pappenheim-Platz 1<br \/>\n60311 Frankfurt<br \/>\n<\/td>\n<\/tr>\n<tr class=\"row-5\">\n\t<td class=\"column-1\"><b>Internet<\/b><\/td><td class=\"column-2\"><a href=\"https:\/\/www.juedischesmuseum.de\/\" rel=\"noopener\" target=\"_blank\"><strong>www.juedischesmuseum.de\/<\/strong><\/a><\/td>\n<\/tr>\n<\/tbody>\n<\/table>\n<!-- #tablepress-44 from cache --><\/p>\n<div class='printomatic pom-default ' id='id7326' alt='Seitentext drucken' title='Seitentext drucken' data-print_target='article'><\/div>\n<p>\u00a0<\/p>\n<p>\u00a0<\/p>\n<p>\u00a0<\/p>\n\n\n\n<p><\/p>\n","protected":false},"excerpt":{"rendered":"<p>\u00a0 \u00a0 \u00a0 \u00a0 \u00a0<\/p>\n","protected":false},"author":1,"featured_media":0,"parent":0,"menu_order":0,"comment_status":"closed","ping_status":"closed","template":"page-full-width.php","meta":{"footnotes":""},"class_list":["entry","page","publish","author-admin","post-1202"],"_links":{"self":[{"href":"https:\/\/www.lag-gedenken-in-hessen.de\/index.php?rest_route=\/wp\/v2\/pages\/1202","targetHints":{"allow":["GET"]}}],"collection":[{"href":"https:\/\/www.lag-gedenken-in-hessen.de\/index.php?rest_route=\/wp\/v2\/pages"}],"about":[{"href":"https:\/\/www.lag-gedenken-in-hessen.de\/index.php?rest_route=\/wp\/v2\/types\/page"}],"author":[{"embeddable":true,"href":"https:\/\/www.lag-gedenken-in-hessen.de\/index.php?rest_route=\/wp\/v2\/users\/1"}],"replies":[{"embeddable":true,"href":"https:\/\/www.lag-gedenken-in-hessen.de\/index.php?rest_route=%2Fwp%2Fv2%2Fcomments&post=1202"}],"version-history":[{"count":11,"href":"https:\/\/www.lag-gedenken-in-hessen.de\/index.php?rest_route=\/wp\/v2\/pages\/1202\/revisions"}],"predecessor-version":[{"id":1262,"href":"https:\/\/www.lag-gedenken-in-hessen.de\/index.php?rest_route=\/wp\/v2\/pages\/1202\/revisions\/1262"}],"wp:attachment":[{"href":"https:\/\/www.lag-gedenken-in-hessen.de\/index.php?rest_route=%2Fwp%2Fv2%2Fmedia&parent=1202"}],"curies":[{"name":"wp","href":"https:\/\/api.w.org\/{rel}","templated":true}]}}