{"id":1629,"date":"2023-02-04T18:18:39","date_gmt":"2023-02-04T17:18:39","guid":{"rendered":"https:\/\/www.lag-gedenken-in-hessen.de\/?page_id=1629"},"modified":"2023-02-05T23:17:58","modified_gmt":"2023-02-05T22:17:58","slug":"gedenkort-kalmenhof-e-v","status":"publish","type":"page","link":"https:\/\/www.lag-gedenken-in-hessen.de\/?page_id=1629","title":{"rendered":"Gedenkort Kalmenhof e.V."},"content":{"rendered":"\n\n\n<div class=\"wp-block-columns is-layout-flex wp-container-core-columns-is-layout-9d6595d7 wp-block-columns-is-layout-flex\">\n<div class=\"wp-block-column is-layout-flow wp-block-column-is-layout-flow\" style=\"flex-basis:100%\">\n<p style=\"text-align: center;\"><img loading=\"lazy\" decoding=\"async\" class=\"alignnone  wp-image-1642\" src=\"https:\/\/www.lag-gedenken-in-hessen.de\/wp-content\/uploads\/LogoKalmenhof.png\" alt=\"\" width=\"151\" height=\"150\" srcset=\"https:\/\/www.lag-gedenken-in-hessen.de\/wp-content\/uploads\/LogoKalmenhof.png 300w, https:\/\/www.lag-gedenken-in-hessen.de\/wp-content\/uploads\/LogoKalmenhof-150x150.png 150w\" sizes=\"auto, (max-width: 151px) 100vw, 151px\" \/><\/p>\n<p style=\"text-align: center;\"><img loading=\"lazy\" decoding=\"async\" class=\"alignnone  wp-image-1638\" src=\"https:\/\/www.lag-gedenken-in-hessen.de\/wp-content\/uploads\/zuKalmenhof_003-300x270.jpg\" alt=\"\" width=\"393\" height=\"354\" srcset=\"https:\/\/www.lag-gedenken-in-hessen.de\/wp-content\/uploads\/zuKalmenhof_003-300x270.jpg 300w, https:\/\/www.lag-gedenken-in-hessen.de\/wp-content\/uploads\/zuKalmenhof_003-768x692.jpg 768w, https:\/\/www.lag-gedenken-in-hessen.de\/wp-content\/uploads\/zuKalmenhof_003.jpg 1024w\" sizes=\"auto, (max-width: 393px) 100vw, 393px\" \/><\/p>\n<p style=\"text-align: center;\">Kalmenhof Krankenhaus mit Leichenhalle im Hintergrund <br \/>Herbst 2021 Aufnahme Hartmann-Menz<\/p>\n<\/div>\n<\/div>\n\n\n\n<p><\/p>\n\n\n\n\n<table id=\"tablepress-49\" class=\"tablepress tablepress-id-49\">\n<tbody class=\"row-striping row-hover\">\n<tr class=\"row-1\">\n\t<td class=\"column-1\"><b>Kurzbeschreibung:<\/b><\/td><td class=\"column-2\">Der Kalmenhof in Idstein als urspr\u00fcngliche Heilanstalt und Einrichtung zur Betreuug Behinderter war w\u00e4hrend der NS-Zeit Teil des Euthanasieprogramms und der Krankenmorde der Nationalsozialisten. <\/td>\n<\/tr>\n<tr class=\"row-2\">\n\t<td class=\"column-1\"><b>Tr\u00e4ger \/ Initiative:<\/b><\/td><td class=\"column-2\">Gedenkort Kalmenhof e.V.<br \/>\nMartina Hartmann-Menz, J\u00fcrgen Schmitt, Rainer Ratmann<br \/>\nIm Vorderlenzen 25<br \/>\nD-65510 Idstein<\/td>\n<\/tr>\n<tr class=\"row-3\">\n\t<td class=\"column-1\"><b>Information:<\/b><\/td><td class=\"column-2\"><strong>Historie:<\/strong><br \/>\n<br \/>\nDer Verein \u201eGedenkort Kalmenhof\u201c ist aus einem Arbeitskreis hervorgegangen, der Forschung und Erinnerungsarbeit zu den NS-Verbrechen auf dem Kalmenhof in Idstein wie auch Erinnerungsarbeit f\u00fcr lokale Opfer der NS-Krankenmorde betreibt. Die Vereinsgr\u00fcndung erfolgte, nachdem 2016 bekannt geworden war, dass der historische Tatort von NS-Verbrechen, das Kalmenhof-Krankenhaus, vom Tr\u00e4ger zum Verkauf angeboten worden war. Durch ein breites, zivilgesellschaftlich lokal und \u00fcberregional verankertes B\u00fcndnis von Engagierten konnte der Verkauf verhindert werden. Zwischenzeitlich stehen das Kalmenhof-Krankenhaus, die Leichenhalle wie auch das umliegenden Gel\u00e4nde als Sachgesamtheit unter Denkmalschutz. <br \/>\n<br \/>\n<strong>Ziele:<\/strong><br \/>\n<br \/>\nDer Verein \u201eGedenkort Kalmenhof\u201c setzt sich f\u00fcr die Einrichtung eines Lern- und Gedenkortes im Kalmenhof-Krankenhaus und die w\u00fcrdige Gestaltung des Kalmenhof-Friedhofes mit namentlicher Nennung aller Ermordeten ein. Neben der Aufarbeitung der NS-\u201eEuthanasie\u201c im Kalmenhof soll auch die Zeit der \u201eschwarzen P\u00e4dagogik\u201c in den Mittelpunkt der Bildungsarbeit ger\u00fcckt werden. <br \/>\n<br \/>\n<strong>T\u00e4tigkeitsfelder:<\/strong><br \/>\n<br \/>\nDie lokal geleistete Arbeit gliedert sich in die Schwerpunkte \u201eErinnerung und Gedenken\u201c; \u201eArbeit mit Angeh\u00f6rigen\u201c,  \u201eForschung und Bildung\u201c. Die Vereinsziele werden umgesetzt durch:<br \/>\n <br \/>\n\u2022\tErforschung von Biografien<br \/>\n\u2022\tVer\u00f6ffentlichung der Klarnamen der Ermordeten<br \/>\n\u2022\tAnlaufstelle f\u00fcr Angeh\u00f6rige (Informationen und Rundg\u00e4nge)<br \/>\n\u2022\tBereitstellung von Informationen f\u00fcr Gedenkinitiativen (bundesweit)  z.B. f\u00fcr die Verlegung von \u201eStolpersteinen\u201c; Kooperation mit Forscher:innen<br \/>\n\u2022\tErinnerungs- und Gedenkveranstaltungen in Kooperation mit lokalen Institutionen<br \/>\n\u2022\tVortr\u00e4ge, Fortbildungsveranstaltungen f\u00fcr Multiplikator:innen<br \/>\n\u2022\tDurchf\u00fchrung von wissenschaftlichen Tagungen<br \/>\n\u2022\tKontakte mit Politiker:innen aus Bund, Land und Kommune<br \/>\n<br \/>\nBesonders freut uns, dass wir als Verein \u201eGedenkort Kalmenhof\u201c im Jahr 2020 den Impuls f\u00fcr die Bereitstellung von Mitteln im Landeshaushalt f\u00fcr die Studie zu den hessischen \u201eZwischenanstalten\u201c setzen konnten. Dort sind wir im wissenschaftlichen Beirat vertreten.<\/td>\n<\/tr>\n<tr class=\"row-4\">\n\t<td class=\"column-1\"><b>Standort:<\/b><\/td><td class=\"column-2\">D-65510 Idstein<\/td>\n<\/tr>\n<tr class=\"row-5\">\n\t<td class=\"column-1\"><b>Kontakt:<\/b><\/td><td class=\"column-2\">Gedenkort Kalmenhof e.V.<br \/>\nMartina Hartmann-Menz, J\u00fcrgen Schmitt, Rainer Ratmann<br \/>\nIm Vorderlenzen 25<br \/>\nD-65510 Idstein<br \/>\nE-Mail: <a href=\"mailto:info@gedenkort-kalmenhof.de\">info@gedenkort-kalmenhof.de<\/a><br \/>\nTel. (mobil): 01577\/3437783<br \/>\nTel. (Festnetz): 06126\/57122<br \/>\n <br \/>\n<\/td>\n<\/tr>\n<tr class=\"row-6\">\n\t<td class=\"column-1\"><b>Internet:<\/b><\/td><td class=\"column-2\"><a href=\"https:\/\/www.gedenkort-kalmenhof.de\">www.gedenkort-kalmenhof.de<\/a><\/td>\n<\/tr>\n<tr class=\"row-7\">\n\t<td class=\"column-1\"><b>Publikationen:<\/b><\/td><td class=\"column-2\"><\/td>\n<\/tr>\n<\/tbody>\n<\/table>\n<!-- #tablepress-49 from cache -->\n<p>\u00a0<\/p>\n<p><strong>R\u00fcckblicke<\/strong>:<\/p>\n\n<table id=\"tablepress-50\" class=\"tablepress tablepress-id-50\">\n<tbody class=\"row-striping row-hover\">\n<tr class=\"row-1\">\n\t<td class=\"column-1\"><br \/>\n<em>Foto rechts (Aufnahme M. Hartmann-Menz):<\/em><br \/>\n<br \/>\nKalmenhof-Friedhof im Herbst 2022. Der Verein \u201eGedenkort Kalmenhof setzt sich daf\u00fcr ein, den Friedhof als solchen kenntlich zu machen und die Namen der dort Verscharrten auf w\u00fcrdige Weise zu nennen.<\/td><td class=\"column-2\"><img loading=\"lazy\" decoding=\"async\" src=\"https:\/\/www.lag-gedenken-in-hessen.de\/wp-content\/uploads\/zuKalmenhof_004-300x225.jpg\" alt=\"\" width=\"300\" height=\"225\" class=\"alignnone size-medium wp-image-1639\" srcset=\"https:\/\/www.lag-gedenken-in-hessen.de\/wp-content\/uploads\/zuKalmenhof_004-300x225.jpg 300w, https:\/\/www.lag-gedenken-in-hessen.de\/wp-content\/uploads\/zuKalmenhof_004-768x576.jpg 768w, https:\/\/www.lag-gedenken-in-hessen.de\/wp-content\/uploads\/zuKalmenhof_004-160x120.jpg 160w, https:\/\/www.lag-gedenken-in-hessen.de\/wp-content\/uploads\/zuKalmenhof_004.jpg 1024w\" sizes=\"auto, (max-width: 300px) 100vw, 300px\" \/><\/td>\n<\/tr>\n<tr class=\"row-2\">\n\t<td class=\"column-1\"><img loading=\"lazy\" decoding=\"async\" src=\"https:\/\/www.lag-gedenken-in-hessen.de\/wp-content\/uploads\/zuKalmenhof_Besuch112022-300x200.jpg\" alt=\"\" width=\"300\" height=\"200\" class=\"alignnone size-medium wp-image-1641\" srcset=\"https:\/\/www.lag-gedenken-in-hessen.de\/wp-content\/uploads\/zuKalmenhof_Besuch112022-300x200.jpg 300w, https:\/\/www.lag-gedenken-in-hessen.de\/wp-content\/uploads\/zuKalmenhof_Besuch112022-120x80.jpg 120w, https:\/\/www.lag-gedenken-in-hessen.de\/wp-content\/uploads\/zuKalmenhof_Besuch112022.jpg 683w\" sizes=\"auto, (max-width: 300px) 100vw, 300px\" \/><\/td><td class=\"column-2\"><br \/>\n<em>Foto links (Bildrechte: Stefan G\u00e4rth, Idstein):<\/em><br \/>\n<br \/>\nOrtstermin im November 2022 mit Staatsministerin Anna L\u00fchrmann auf dem Kalmenhof-Friedhof. Auf dem Bild von links nach rechts: J\u00fcrgen Schmitt (Gedenkort Kalmenhof), Staatsministerin Anna L\u00fchrmann, Martina Hartmann-Menz (Gedenkort Kalmenhof), Timo M\u00fcller (Kreisvorsitzender B\u00fcndnis\/90 Die Gr\u00fcnen), Felix Bleuel (Mitglied des Kreistages des Rheingau-Taunus-Kreises) und Evelin Sch\u00f6nhut-Keil (Erste Beigeordnete des Landeswohlfahrtsverbandes Hessen i.R. und Mitglied von \u201eGedenkort Kalmenhof) <br \/>\n<br \/>\n<\/td>\n<\/tr>\n<tr class=\"row-3\">\n\t<td class=\"column-1\"><br \/>\n<em>Foto rechts:<\/em><br \/>\n<br \/>\nEiner der vielen, auf Initiative von \u201eGedenkort Kalmenhof\u201c verlegten Stolpersteine f\u00fcr Menschen, die in Idstein ermordet wurden. Hier der Stolperstein f\u00fcr Agnes Basquit aus Limburg, verlegt im Jahr 2022. Die Recherchen f\u00fcr die Stolpersteine wie auch die Finanzierung werden vom Verein \u201eGedenkort Kalmenhof\u201c \u00fcbernommen.<br \/>\n<\/td><td class=\"column-2\"><img loading=\"lazy\" decoding=\"async\" src=\"https:\/\/www.lag-gedenken-in-hessen.de\/wp-content\/uploads\/zuKalmenhof_005-285x300.jpg\" alt=\"\" width=\"285\" height=\"300\" class=\"alignnone size-medium wp-image-1640\" srcset=\"https:\/\/www.lag-gedenken-in-hessen.de\/wp-content\/uploads\/zuKalmenhof_005-285x300.jpg 285w, https:\/\/www.lag-gedenken-in-hessen.de\/wp-content\/uploads\/zuKalmenhof_005.jpg 490w\" sizes=\"auto, (max-width: 285px) 100vw, 285px\" \/><\/td>\n<\/tr>\n<tr class=\"row-4\">\n\t<td class=\"column-1\"><img loading=\"lazy\" decoding=\"async\" src=\"https:\/\/www.lag-gedenken-in-hessen.de\/wp-content\/uploads\/zuKalmenhof_002-225x300.jpg\" alt=\"\" width=\"225\" height=\"300\" class=\"alignnone size-medium wp-image-1637\" srcset=\"https:\/\/www.lag-gedenken-in-hessen.de\/wp-content\/uploads\/zuKalmenhof_002-225x300.jpg 225w, https:\/\/www.lag-gedenken-in-hessen.de\/wp-content\/uploads\/zuKalmenhof_002.jpg 768w\" sizes=\"auto, (max-width: 225px) 100vw, 225px\" \/><\/td><td class=\"column-2\"><br \/>\n<em>Foto links (Aufnahme M. Hartmann-Menz 11\/2020):<\/em><br \/>\n<br \/>\nVolkstrauertag 2020 in Idstein \u201eDie Namen der Ermordeten im Stadtbild sichtbar machen\u201c \u2013 Ausstellung der Roll-ups in der Fu\u00dfg\u00e4ngerzone in Idstein <\/td>\n<\/tr>\n<\/tbody>\n<\/table>\n<!-- #tablepress-50 from cache -->\n<div class='printomatic pom-default ' id='id1150' alt='Seitentext drucken' title='Seitentext drucken' data-print_target='article'><\/div>\n","protected":false},"excerpt":{"rendered":"<p>Kalmenhof Krankenhaus mit Leichenhalle im Hintergrund Herbst 2021 Aufnahme Hartmann-Menz \u00a0 R\u00fcckblicke:<\/p>\n","protected":false},"author":1,"featured_media":0,"parent":0,"menu_order":0,"comment_status":"closed","ping_status":"closed","template":"page-full-width.php","meta":{"footnotes":""},"class_list":["entry","page","publish","author-admin","post-1629"],"_links":{"self":[{"href":"https:\/\/www.lag-gedenken-in-hessen.de\/index.php?rest_route=\/wp\/v2\/pages\/1629","targetHints":{"allow":["GET"]}}],"collection":[{"href":"https:\/\/www.lag-gedenken-in-hessen.de\/index.php?rest_route=\/wp\/v2\/pages"}],"about":[{"href":"https:\/\/www.lag-gedenken-in-hessen.de\/index.php?rest_route=\/wp\/v2\/types\/page"}],"author":[{"embeddable":true,"href":"https:\/\/www.lag-gedenken-in-hessen.de\/index.php?rest_route=\/wp\/v2\/users\/1"}],"replies":[{"embeddable":true,"href":"https:\/\/www.lag-gedenken-in-hessen.de\/index.php?rest_route=%2Fwp%2Fv2%2Fcomments&post=1629"}],"version-history":[{"count":14,"href":"https:\/\/www.lag-gedenken-in-hessen.de\/index.php?rest_route=\/wp\/v2\/pages\/1629\/revisions"}],"predecessor-version":[{"id":1691,"href":"https:\/\/www.lag-gedenken-in-hessen.de\/index.php?rest_route=\/wp\/v2\/pages\/1629\/revisions\/1691"}],"wp:attachment":[{"href":"https:\/\/www.lag-gedenken-in-hessen.de\/index.php?rest_route=%2Fwp%2Fv2%2Fmedia&parent=1629"}],"curies":[{"name":"wp","href":"https:\/\/api.w.org\/{rel}","templated":true}]}}