{"id":1792,"date":"2023-10-07T21:34:30","date_gmt":"2023-10-07T19:34:30","guid":{"rendered":"https:\/\/www.lag-gedenken-in-hessen.de\/?page_id=1792"},"modified":"2023-10-07T22:16:56","modified_gmt":"2023-10-07T20:16:56","slug":"lern-und-gedenkort-synagoge-abterode","status":"publish","type":"page","link":"https:\/\/www.lag-gedenken-in-hessen.de\/?page_id=1792","title":{"rendered":"Lern- und Gedenkort Synagoge Abterode"},"content":{"rendered":"<div class=\"wp-block-image\">\n<figure class=\"aligncenter size-full is-resized\"><img loading=\"lazy\" decoding=\"async\" src=\"https:\/\/www.lag-gedenken-in-hessen.de\/wp-content\/uploads\/Bild-Marke-Synagoge-Abterode-klein.jpg\" alt=\"\" class=\"wp-image-1797\" style=\"width:123px;height:177px\" width=\"123\" height=\"177\" srcset=\"https:\/\/www.lag-gedenken-in-hessen.de\/wp-content\/uploads\/Bild-Marke-Synagoge-Abterode-klein.jpg 300w, https:\/\/www.lag-gedenken-in-hessen.de\/wp-content\/uploads\/Bild-Marke-Synagoge-Abterode-klein-208x300.jpg 208w\" sizes=\"auto, (max-width: 123px) 100vw, 123px\" \/><\/figure>\n<\/div>\n\n\n<p><\/p>\n\n\n<div class=\"wp-block-image\">\n<figure class=\"alignleft size-large is-resized\"><img loading=\"lazy\" decoding=\"async\" src=\"https:\/\/www.lag-gedenken-in-hessen.de\/wp-content\/uploads\/Synagoge-von-aussen-2-1024x768.jpg\" alt=\"Synagoge Abterode\" class=\"wp-image-1796\" style=\"width:421px;height:316px\" width=\"421\" height=\"316\" srcset=\"https:\/\/www.lag-gedenken-in-hessen.de\/wp-content\/uploads\/Synagoge-von-aussen-2-1024x768.jpg 1024w, https:\/\/www.lag-gedenken-in-hessen.de\/wp-content\/uploads\/Synagoge-von-aussen-2-300x225.jpg 300w, https:\/\/www.lag-gedenken-in-hessen.de\/wp-content\/uploads\/Synagoge-von-aussen-2-768x576.jpg 768w, https:\/\/www.lag-gedenken-in-hessen.de\/wp-content\/uploads\/Synagoge-von-aussen-2-160x120.jpg 160w, https:\/\/www.lag-gedenken-in-hessen.de\/wp-content\/uploads\/Synagoge-von-aussen-2.jpg 1280w\" sizes=\"auto, (max-width: 421px) 100vw, 421px\" \/><\/figure>\n<\/div>\n\n<div class=\"wp-block-image\">\n<figure class=\"alignright size-large is-resized\"><img loading=\"lazy\" decoding=\"async\" src=\"https:\/\/www.lag-gedenken-in-hessen.de\/wp-content\/uploads\/Lern-und-Gedenkort-Abterode-2-1024x768.jpg\" alt=\"Abterode Lernort-innen\" class=\"wp-image-1798\" style=\"width:422px;height:317px\" width=\"422\" height=\"317\" srcset=\"https:\/\/www.lag-gedenken-in-hessen.de\/wp-content\/uploads\/Lern-und-Gedenkort-Abterode-2-1024x768.jpg 1024w, https:\/\/www.lag-gedenken-in-hessen.de\/wp-content\/uploads\/Lern-und-Gedenkort-Abterode-2-300x225.jpg 300w, https:\/\/www.lag-gedenken-in-hessen.de\/wp-content\/uploads\/Lern-und-Gedenkort-Abterode-2-768x576.jpg 768w, https:\/\/www.lag-gedenken-in-hessen.de\/wp-content\/uploads\/Lern-und-Gedenkort-Abterode-2-160x120.jpg 160w, https:\/\/www.lag-gedenken-in-hessen.de\/wp-content\/uploads\/Lern-und-Gedenkort-Abterode-2.jpg 1280w\" sizes=\"auto, (max-width: 422px) 100vw, 422px\" \/><\/figure>\n<\/div>\n\n\n<table id=\"tablepress-52\" class=\"tablepress tablepress-id-52\">\n<tbody class=\"row-striping\">\n<tr class=\"row-1\">\n\t<td class=\"column-1\"><b>Tr\u00e4ger \/<br \/>\nInitiative <\/b><\/td><td class=\"column-2\">Freundinnen und Freunde j\u00fcdischen Lebens im Werra-Mei\u00dfner-Kreis<\/td>\n<\/tr>\n<tr class=\"row-2\">\n\t<td class=\"column-1\"><strong>Information<\/strong><\/td><td class=\"column-2\">Seit 2019 erinnert in der ehemaligen Synagoge in Abterode ein Lern- und Gedenkort an die j\u00fcdische Geschichte, Kultur und Religion im Werra-Mei\u00df- ner-Kreis. In der Region lebten seit dem Mittelalter J\u00fcdinnen und  Juden. In 14 D\u00f6rfern und St\u00e4dten existierten Synagogen. Im Nationalsozialismus wurden J\u00fcdinnen und Juden der Regi- on diskriminiert, vertrieben, deportiert und in Konzentrationslagern ermordet. Die Einrichtung der Synagoge Abtero- de wurde w\u00e4hrend des Novemberpog- roms 1938 zerst\u00f6rt.<br \/>\n<br \/>\nDer Verein der \u201eFreundinnen und Freunde j\u00fcdischen Lebens in der Region Werra-Mei\u00dfner\u201c erinnert an die j\u00fcdische Geschichte, Kultur und Religion in der Region. Besonders junge Menschen sollen in Begegnungen und kulturellen Veranstaltungen j\u00fcdisches Leben wertsch\u00e4tzend kennenlernen. Zudem werden in der ehemaligen Synagoge Dokumente und Gegenst\u00e4nde aus der j\u00fcdischen Geschichte der Region digital zug\u00e4nglich gemacht. Historische Zeugnisse, Fotografien, Zeitzeugeninterviews, die virtuelle Rekonstruktion einer zerst\u00f6rten Synagoge und eine umfangreiche Literaturdatenbank er\u00f6ffnen interessante Einblicke und viele Lernm\u00f6glichkeiten.<\/td>\n<\/tr>\n<tr class=\"row-3\">\n\t<td class=\"column-1\"><b>Standort <\/b><\/td><td class=\"column-2\">Ehemalige Synagoge Abterode<br \/>\nVorderweg 1, 37290 Mei\u00dfner<br \/>\nBesuch planen?<br \/>\n<a href=\"https:\/\/goo.gl\/maps\/XPhmPsfAfEKs8ra38\">Anfahrt \u00fcber Google Maps<\/a><\/td>\n<\/tr>\n<tr class=\"row-4\">\n\t<td class=\"column-1\"><strong>Kontakt:<\/strong><\/td><td class=\"column-2\">Lern- und Gedenkort Synagoge Abterode <br \/>\nc\/o Dr. Martin Arnold <br \/>\nAm Werrauferpark 2<br \/>\n37269 Eschwege<br \/>\nTel.: 05651 - 33 92 81<br \/>\nE-Mail: info@synagoge-abterode.de<br \/>\n<br \/>\n<\/td>\n<\/tr>\n<tr class=\"row-5\">\n\t<td class=\"column-1\"><b>Internet \/ Publikationen<\/b><\/td><td class=\"column-2\"><a href=\"http:\/\/www.synagoge-abterode.de\" target=\"_blank\" rel=\"noopener\"><b>www.synagoge-abterode.de<\/b><\/a><br \/>\n<br \/>\nKollmann, Karl \/ Wiegand, Thomas: Spuren einer Minderheit. J\u00fcdische Friedh\u00f6fe und Synagogen im Werra-Mei\u00dfner-Kreis. Kassel 1996<br \/>\n<\/td>\n<\/tr>\n<\/tbody>\n<\/table>\n<!-- #tablepress-52 from cache -->\n\n\n\n<p><\/p>\n\n\n<div class='printomatic pom-default ' id='id5949' alt='Seitentext drucken' title='Seitentext drucken' data-print_target='article'><\/div>\n","protected":false},"excerpt":{"rendered":"","protected":false},"author":1,"featured_media":0,"parent":0,"menu_order":0,"comment_status":"closed","ping_status":"closed","template":"page-full-width.php","meta":{"footnotes":""},"class_list":["entry","page","publish","author-admin","post-1792"],"_links":{"self":[{"href":"https:\/\/www.lag-gedenken-in-hessen.de\/index.php?rest_route=\/wp\/v2\/pages\/1792","targetHints":{"allow":["GET"]}}],"collection":[{"href":"https:\/\/www.lag-gedenken-in-hessen.de\/index.php?rest_route=\/wp\/v2\/pages"}],"about":[{"href":"https:\/\/www.lag-gedenken-in-hessen.de\/index.php?rest_route=\/wp\/v2\/types\/page"}],"author":[{"embeddable":true,"href":"https:\/\/www.lag-gedenken-in-hessen.de\/index.php?rest_route=\/wp\/v2\/users\/1"}],"replies":[{"embeddable":true,"href":"https:\/\/www.lag-gedenken-in-hessen.de\/index.php?rest_route=%2Fwp%2Fv2%2Fcomments&post=1792"}],"version-history":[{"count":10,"href":"https:\/\/www.lag-gedenken-in-hessen.de\/index.php?rest_route=\/wp\/v2\/pages\/1792\/revisions"}],"predecessor-version":[{"id":1810,"href":"https:\/\/www.lag-gedenken-in-hessen.de\/index.php?rest_route=\/wp\/v2\/pages\/1792\/revisions\/1810"}],"wp:attachment":[{"href":"https:\/\/www.lag-gedenken-in-hessen.de\/index.php?rest_route=%2Fwp%2Fv2%2Fmedia&parent=1792"}],"curies":[{"name":"wp","href":"https:\/\/api.w.org\/{rel}","templated":true}]}}