{"id":2,"date":"2014-10-17T13:39:55","date_gmt":"2014-10-17T11:39:55","guid":{"rendered":"http:\/\/wordpress.gedenken-in-hessen.de\/?page_id=2"},"modified":"2023-08-03T23:32:12","modified_gmt":"2023-08-03T21:32:12","slug":"allgemein","status":"publish","type":"page","link":"https:\/\/www.lag-gedenken-in-hessen.de\/?page_id=2","title":{"rendered":"Die LAG &#8211; Allgemein"},"content":{"rendered":"<hr \/>\n<p><strong>Am 3. September 1999 gr\u00fcndete sich in Marburg die Landesarbeitsgemeinschaft als<em><br \/>\nInteressenvertretung der Gedenkst\u00e4tten und Erinnerungsinitiativen zur NS-Zeit in Hessen.<\/em><\/strong><\/p>\n<p><strong>Sie versteht sich als ein landesweiter Zusammenschluss, der f\u00fcr alle in der Erinnerungsarbeit an die NS-Zeit t\u00e4tigen Einrichtungen offen ist. Ihr Ziel ist intensivere Kooperation und regelm\u00e4\u00dfiger Erfahrungsaustausch auf der einen sowie verst\u00e4rkte \u00d6ffentlichkeitsarbeit und die Wahrnehmung politischer Interessen auf der anderen Seite.<\/strong><\/p>\n<p><strong>Die Website wurde mit dem Jahreswechsel 2014\/2015 ins Internet gestellt. Von der Startseite aus gelangen Sie zu den Seiten, die direkt die LAG betreffen.<\/strong><\/p>\n<p><span style=\"text-decoration: underline;\"><strong>Zur Orientierung:<\/strong><\/span><br \/>\n<strong>Vom Men\u00fcpunkt &#8222;<span style=\"text-decoration: underline;\">Gedenkst\u00e4tten und Erinnerungsinitiativen<\/span>&#8220; aus gelangen Sie zu den Einzeldarstellungen der in der LAG vertretenen oder mit ihr verbundenen Gedenkst\u00e4tten und Erinnerungsinitiativen zur NS-Zeit in Hessen.<\/strong><\/p>\n<p><strong><span style=\"text-decoration: underline;\">Anpassungen:<\/span><br \/>\nBasierend auf einer Abfrage seitens des Sprecherrats\u00a0 im Sommer 2019\u00a0 wurden viele der Einzeldarstellungen aktualisiert und Pr\u00e4sentationen weiterer Mitgliedsorganisationen\/ Initiativen online gestellt, soweit diese die erforderlichen Daten bzw. \u00c4nderungen an den Webmaster\/ Betreuer der Webseite zur\u00fcck gemeldet hatten. <\/strong><\/p>\n<p><strong>Ein neuerlicher Anlass zur Pr\u00fcfung und Aktualisierung der &#8222;Mitgliederseiten&#8220; ergab sich durch den Umzug zu einem anderen Provider, der in 2 Schritten am 24.09.2022 und am 15.01.23 vollzogen wurde..<\/strong><\/p>\n<p><strong>Als derzeitiger Verwalter der Homepage hatte ich deshalb die Mitgliedsorganisationen \/-Initiativen gebeten, umgehend erforderliche Anpassungen zu melden.\u00a0 Diese Bitte gilt auch weiterhin.<\/strong><\/p>\n<p><strong>In Vorbereitung des LAG-Treffens am 28.09.2022 wurde der Domainumzug mit allen alten Inhalten zum neuen Provider und auf neue URL-Adressen vollzogen,\u00a0 die sich von den bisher bekannten beiden URLs\u00a0 &#8222;www.gedenken-in-hessen.de&#8220; und\u00a0 &#8222;www.erinnern-in-hessen.de&#8220; nur durch die vorangestellte\u00a0 Zeichenfolge&#8220;lag-&#8220; unterscheiden. Eine weitere Zugangsm\u00f6glichkeit zu der neuen Internetpr\u00e4senz besteht in der wesentlich k\u00fcrzeren URL &#8222;www.laggih.de&#8220;.<\/strong><\/p>\n<p><strong>Kurzzeitig (vom 24.09.2022 &#8211; 15.01.2023) existierten nebeneinander 2 Internetpr\u00e4senzen der LAG. Seit dem 15.01.2023 ist die Seite beim alten Provider gel\u00f6scht und beim neuen Provider \u00fcber die neuen und auch \u00fcber die alten Adressen gleicherma\u00dfen erreichbar. <\/strong><strong>Im Gegensatz zu fr\u00fcher erfolgt der Zugang aber \u00fcber eine mit Sicherheitszertifikat verschl\u00fcsselte Verbindung (https &#8230;).<br \/>\n<\/strong><\/p>\n<p><strong>Einige\u00a0 bereits vor \u00dcbernahme der Webseiten-Betreuung\u00a0 durch den aktuellen Administrator: Dr. Rudolf Ostermann bestehende nur &#8222;formale&#8220; Gedenkst\u00e4tten-Eintr\u00e4ge\u00a0 ohne Inhalt wurden weiterhin auf der<\/strong>\u00a0<strong>\u00dcbersichtsseite\u00a0 belassen.<\/strong><\/p>\n<p><strong>Sie werden anders als die Mehrheit der Eintr\u00e4ge\u00a0 in schwarzer Farbe angezeigt und sind nicht anw\u00e4hlbar, da mangels einer Anmeldung und Daten-Bereitstellung weder eine Informationsseite, noch ein weiterf\u00fchrender Link hinterlegt werden konnte. \u00dcber den Sinn und Verbleib dieser Eintr\u00e4ge in der Gedenkst\u00e4tten-\u00dcbersicht muss die Mitgliederversammlung bzw. der Sprecher:innenrat entscheiden.<\/strong><\/p>\n<p><span style=\"text-decoration: underline;\"><strong>Eine Bitte an Mitglieder der LAG als Besucher der Webseite:<\/strong><\/span><br \/>\n<strong>Sollten Sie Ver\u00e4nderungen\/ Korrekturen oder Erg\u00e4nzungen der Darstellung ihrer Gedenkst\u00e4tte oder Erinnerungsinitiative auf dieser Website w\u00fcnschen, so senden Sie bitte die erforderlichen Angaben und Materialien ( Inhalte, Links, Ansprechpartner, eigene Webseiten und Mailadressen) mit ausreichend klaren Erl\u00e4uterungen in elektronischer Form an den Webmaster (Text- und Bilddateien in guter Aufl\u00f6sung, bitte keine pdf-Dateien oder solche nur als Gestaltungsvorlagen).<\/strong><\/p>\n<p><strong>F\u00fcr Bilder gilt: Bitte keine hochaufgel\u00f6sten Monsterfotos sondern Bilder, die als Empfehlung etwa folgende Ma\u00dfe (Breite in Pixel) haben:<\/strong><\/p>\n<ul>\n<li><strong>Gro\u00df:<\/strong> 1280<\/li>\n<li><strong>Mittelgro\u00df:<\/strong> 800<\/li>\n<li><strong>Vorschaubilder:<\/strong> 400<\/li>\n<\/ul>\n<p><strong><span style=\"text-decoration: underline;\">Neue Mitglieder<\/span> beachten f\u00fcr den Ersteintrag ihrer Gedenkst\u00e4tte\/ Erinnerungsinitiative auf der LAG-Seite: bitte die Angaben unter:<\/strong><\/p>\n<p><strong><a href=\"https:\/\/www.lag-gedenken-in-hessen.de\/?page_id=1314\">Die LAG -&gt;Mitglied werden<\/a><\/strong><\/p>\n<p><strong>(Rudolf Ostermann, 16.01.2023)<\/strong><\/p>\n<div class='printomatic pom-default ' id='id1487' alt='Seitentext drucken' title='Seitentext drucken' data-print_target='article'><\/div>\n","protected":false},"excerpt":{"rendered":"<p>Am 3. September 1999 gr\u00fcndete sich in Marburg die Landesarbeitsgemeinschaft als Interessenvertretung der Gedenkst\u00e4tten und Erinnerungsinitiativen zur NS-Zeit in Hessen. Sie versteht sich als ein landesweiter Zusammenschluss, der f\u00fcr alle in der Erinnerungsarbeit an die NS-Zeit t\u00e4tigen Einrichtungen offen ist. Ihr Ziel ist intensivere Kooperation und regelm\u00e4\u00dfiger Erfahrungsaustausch auf der einen sowie verst\u00e4rkte \u00d6ffentlichkeitsarbeit und &#8230; <span class=\"more\"><a class=\"more-link\" href=\"https:\/\/www.lag-gedenken-in-hessen.de\/?page_id=2\">[weiterlesen&#8230;]<\/a><\/span><\/p>\n","protected":false},"author":1,"featured_media":0,"parent":0,"menu_order":0,"comment_status":"closed","ping_status":"closed","template":"page-full-width.php","meta":{"footnotes":""},"class_list":["entry","page","publish","author-admin","post-2"],"_links":{"self":[{"href":"https:\/\/www.lag-gedenken-in-hessen.de\/index.php?rest_route=\/wp\/v2\/pages\/2","targetHints":{"allow":["GET"]}}],"collection":[{"href":"https:\/\/www.lag-gedenken-in-hessen.de\/index.php?rest_route=\/wp\/v2\/pages"}],"about":[{"href":"https:\/\/www.lag-gedenken-in-hessen.de\/index.php?rest_route=\/wp\/v2\/types\/page"}],"author":[{"embeddable":true,"href":"https:\/\/www.lag-gedenken-in-hessen.de\/index.php?rest_route=\/wp\/v2\/users\/1"}],"replies":[{"embeddable":true,"href":"https:\/\/www.lag-gedenken-in-hessen.de\/index.php?rest_route=%2Fwp%2Fv2%2Fcomments&post=2"}],"version-history":[{"count":21,"href":"https:\/\/www.lag-gedenken-in-hessen.de\/index.php?rest_route=\/wp\/v2\/pages\/2\/revisions"}],"predecessor-version":[{"id":1729,"href":"https:\/\/www.lag-gedenken-in-hessen.de\/index.php?rest_route=\/wp\/v2\/pages\/2\/revisions\/1729"}],"wp:attachment":[{"href":"https:\/\/www.lag-gedenken-in-hessen.de\/index.php?rest_route=%2Fwp%2Fv2%2Fmedia&parent=2"}],"curies":[{"name":"wp","href":"https:\/\/api.w.org\/{rel}","templated":true}]}}