{"id":310,"date":"2014-10-21T09:38:56","date_gmt":"2014-10-21T07:38:56","guid":{"rendered":"http:\/\/wordpress.gedenken-in-hessen.de\/?page_id=310"},"modified":"2019-09-20T22:49:52","modified_gmt":"2019-09-20T20:49:52","slug":"auerbacher-synagogenverein-e-v","status":"publish","type":"page","link":"https:\/\/www.lag-gedenken-in-hessen.de\/?page_id=310","title":{"rendered":"Auerbacher Synagogenverein e.V."},"content":{"rendered":"<p><img loading=\"lazy\" decoding=\"async\" class=\"aligncenter size-full wp-image-149\" src=\"https:\/\/www.lag-gedenken-in-hessen.de\/wp-content\/uploads\/Auerbach-Synagoge-Logo.jpg\" alt=\"Auerbach Synagoge Logo\" width=\"170\" height=\"133\" \/><\/p>\n<p>\u00a0<\/p>\n\n<table id=\"tablepress-12\" class=\"tablepress tablepress-id-12\">\n<tbody class=\"row-striping\">\n<tr class=\"row-1\">\n\t<td class=\"column-1\"><b>Tr\u00e4ger \/<br \/>\nInitiative<\/b><\/td><td class=\"column-2\">Auerbacher Synagogenverein e.V. <\/td>\n<\/tr>\n<tr class=\"row-2\">\n\t<td class=\"column-1\"><b>Information<\/b><\/td><td class=\"column-2\"><b>Ehemalige Synagoge<\/b><br \/>\n<br \/>\nDie 1779 erbaute sp\u00e4tbarocke Landsynagoge in der Ortsmitte von Bensheim-Auerbach geh\u00f6rt zu den wenigen j\u00fcdischen Gottesh\u00e4usern, die in der Reichspogromnacht vom 9.\/10. November 1938 nicht dem Brand zum Opfer fielen. Zu diesem Zeitpunkt war das Geb\u00e4ude bereits verkauft und zweckentfremdet genutzt worden. Nur wenige j\u00fcdische Menschen lebten zu diesem Zeitpunkt noch in Auerbach. <br \/>\n<br \/>\nDie Stadt Bensheim erkannte in der ehemaligen Synagoge ein baugeschichtlich wertvolles Geb\u00e4ude und sorgte in Zusammenarbeit mit der Hessischen Denkmalpflege mit beispielhaftem Engagement f\u00fcr die Au\u00dfenrenovierung. Gro\u00dfz\u00fcgig stellte sie die notwendigen Mittel zur Verf\u00fcgung, um eine w\u00fcrdige Instandsetzung zu erm\u00f6glichen. <br \/>\n<br \/>\n<b>Der Auerbacher Synagogenverein <\/b><br \/>\n<br \/>\nB\u00fcrger aus Bensheim-Auerbach und aus der n\u00e4heren und weiteren Umgebung Auerbachs erkannten in der ehemaligen Synagoge einen geistigen Auftrag. So wurde am 29. M\u00e4rz 1984 auf Initiative der evangelischen und der katholischen Pfarrgemeinde zu Bensheim-Auerbach der Auerbacher Synagogenverein e.V. gegr\u00fcndet. <br \/>\n<br \/>\nMit seinen Aktivit\u00e4ten m\u00f6chte der Auerbacher Synagogenverein <br \/>\n- das Andenken an die j\u00fcdischen Gemeinden in Auerbach und im Kreis Bergstra\u00dfe wachhalten <br \/>\n- zum Verst\u00e4ndnis f\u00fcr das Judentum in Geschichte und Gegenwart beitragen <br \/>\n- das Gewissen sch\u00e4rfen zur Wahrnehmung fremdenfeindlicher Tendenzen in unserer Gesellschaft <br \/>\n- ein tolerantes Zusammenleben mit den Minderheiten in unserem Land f\u00f6rdern. <br \/>\n<br \/>\nJ\u00e4hrlich finden rund 10 Veranstaltungen in der ehemaligen Synagoge statt (Vortr\u00e4ge, Begegnungen mit Zeitzeugen, musikalische Abende, Ausstellungen). <br \/>\n<br \/>\n<b>Stolpersteine in Bensheim-Auerbach <\/b><br \/>\n<br \/>\nMit seinen vor den jeweiligen H\u00e4usern ins Trottoir eingelassenen kubischen Mahnmalen mit Messingplatte erinnert der K\u00f6lner K\u00fcnstler und Bildhauer Gunter Demnig namentlich an die Opfer des Nationalsozialismus, die aus ihren H\u00e4usern und Wohnungen verschleppt und ermordet wurden. Inzwischen existieren rund 30.000 solcher \u201aStolpersteine\u2019 in \u00fcber 500 Orten Deutschlands und in mehreren L\u00e4ndern Europas. <br \/>\n<br \/>\nAm 31. Mai 2011 wurden durch den K\u00fcnstler 14 Stolpersteine in Bensheim-Auerbach verlegt. <br \/>\n<\/td>\n<\/tr>\n<tr class=\"row-3\">\n\t<td class=\"column-1\"><b>Lage<\/b><\/td><td class=\"column-2\">Ehemalige Synagoge, Bachgasse 28, 64625 Bensheim-Auerbach<\/td>\n<\/tr>\n<tr class=\"row-4\">\n\t<td class=\"column-1\"><b>Internet<\/b><\/td><td class=\"column-2\">auf der Website <a href=\"http:\/\/www.bergstrasse.de\/synagoge-auerbach\"target=\"_blank\"><b>www.bergstrasse.de\/synagoge-auerbach<\/b><\/a><\/td>\n<\/tr>\n<\/tbody>\n<\/table>\n<!-- #tablepress-12 from cache -->\n<div class='printomatic pom-default ' id='id8996' alt='Seitentext drucken' title='Seitentext drucken' data-print_target='article'><\/div>\n\n","protected":false},"excerpt":{"rendered":"<p>\u00a0<\/p>\n","protected":false},"author":1,"featured_media":0,"parent":0,"menu_order":0,"comment_status":"open","ping_status":"open","template":"page-full-width.php","meta":{"footnotes":""},"class_list":["entry","page","publish","author-admin","post-310"],"_links":{"self":[{"href":"https:\/\/www.lag-gedenken-in-hessen.de\/index.php?rest_route=\/wp\/v2\/pages\/310","targetHints":{"allow":["GET"]}}],"collection":[{"href":"https:\/\/www.lag-gedenken-in-hessen.de\/index.php?rest_route=\/wp\/v2\/pages"}],"about":[{"href":"https:\/\/www.lag-gedenken-in-hessen.de\/index.php?rest_route=\/wp\/v2\/types\/page"}],"author":[{"embeddable":true,"href":"https:\/\/www.lag-gedenken-in-hessen.de\/index.php?rest_route=\/wp\/v2\/users\/1"}],"replies":[{"embeddable":true,"href":"https:\/\/www.lag-gedenken-in-hessen.de\/index.php?rest_route=%2Fwp%2Fv2%2Fcomments&post=310"}],"version-history":[{"count":7,"href":"https:\/\/www.lag-gedenken-in-hessen.de\/index.php?rest_route=\/wp\/v2\/pages\/310\/revisions"}],"predecessor-version":[{"id":1224,"href":"https:\/\/www.lag-gedenken-in-hessen.de\/index.php?rest_route=\/wp\/v2\/pages\/310\/revisions\/1224"}],"wp:attachment":[{"href":"https:\/\/www.lag-gedenken-in-hessen.de\/index.php?rest_route=%2Fwp%2Fv2%2Fmedia&parent=310"}],"curies":[{"name":"wp","href":"https:\/\/api.w.org\/{rel}","templated":true}]}}