{"id":332,"date":"2014-10-21T17:54:16","date_gmt":"2014-10-21T15:54:16","guid":{"rendered":"http:\/\/wordpress.gedenken-in-hessen.de\/?page_id=332"},"modified":"2019-09-20T22:52:12","modified_gmt":"2019-09-20T20:52:12","slug":"ehemalige-synagoge-grosskrotzenburg","status":"publish","type":"page","link":"https:\/\/www.lag-gedenken-in-hessen.de\/?page_id=332","title":{"rendered":"Ehemalige Synagoge Gro\u00dfkrotzenburg"},"content":{"rendered":"<p><img loading=\"lazy\" decoding=\"async\" class=\"aligncenter size-full wp-image-96\" src=\"https:\/\/www.lag-gedenken-in-hessen.de\/wp-content\/uploads\/Grosskrotzenburg-Logo.jpg\" alt=\"Grosskrotzenburg Logo\" width=\"170\" height=\"168\" \/> <img loading=\"lazy\" decoding=\"async\" class=\"aligncenter size-medium wp-image-97\" src=\"https:\/\/www.lag-gedenken-in-hessen.de\/wp-content\/uploads\/grosskrotzenburg_synagoge-288x300.jpg\" alt=\"grosskrotzenburg_synagoge\" width=\"288\" height=\"300\" srcset=\"https:\/\/www.lag-gedenken-in-hessen.de\/wp-content\/uploads\/grosskrotzenburg_synagoge-288x300.jpg 288w, https:\/\/www.lag-gedenken-in-hessen.de\/wp-content\/uploads\/grosskrotzenburg_synagoge.jpg 500w\" sizes=\"auto, (max-width: 288px) 100vw, 288px\" \/><\/p>\n\n<table id=\"tablepress-14\" class=\"tablepress tablepress-id-14\">\n<tbody class=\"row-striping\">\n<tr class=\"row-1\">\n\t<td class=\"column-1\"><b>Tr\u00e4ger \/<br \/>\nInitiative <\/b><\/td><td class=\"column-2\">Gemeinde Gro\u00dfkrotzenburg <br \/>\nArbeitskreis Ehemalige Synagoge, Max-Planck-Stra\u00dfe 1, 63538 Gro\u00dfkrotzenburg <\/td>\n<\/tr>\n<tr class=\"row-2\">\n\t<td class=\"column-1\"><b>Information<\/b><\/td><td class=\"column-2\"><b>Ziele<\/b><br \/>\n<br \/>\nDer Arbeitskreis bietet einen Informationsdienst f\u00fcr Besucher an, ist in der weiteren Erforschung der j\u00fcdischen Lokalgeschichte sowie der Dokumentation des j\u00fcdischen Friedhofs t\u00e4tig und unterst\u00fctzt insbesondere Schul- und Jugendgruppen bei der Bearbeitung einschl\u00e4giger Themen. Interessierte k\u00f6nnen sich mit Pfarrer Heinz Daume unter der o.g. Anschrift in Verbindung setzen.<br \/>\n<br \/>\n<b>ausf\u00fchrliche Beschreibung<\/b><br \/>\n<br \/>\nDie j\u00fcdische Gemeinde Gro\u00dfkrotzenburg z\u00e4hlte zu Beginn des Nazi-Regimes mehr als einhundert Mitglieder, von denen nur etwa die H\u00e4lfte rechtzeitig auswandern konnte. Aus den Untersuchungen in einem Nachkriegsprozess zum Novemberpogrom 1938 ist bekannt, dass am Nachmittag des 10. November etwa einhundert Personen in die 1826 erbaute und sp\u00e4ter erweiterte Synagoge eindrangen, sie im Inneren verw\u00fcsteten und Gebetsb\u00fccher, Thorarollen sowie die zertr\u00fcmmerten Einrichtungsgegenst\u00e4nde auf den Hof warfen. Auch die an die Synagoge angrenzende j\u00fcdische Schule und deren Lehrerwohnung wurden zerst\u00f6rt und gepl\u00fcndert. <br \/>\n<br \/>\nDanach ging das Synagogengeb\u00e4ude in Privatbesitz \u00fcber und wurde bis 1947 gewerblich genutzt. 1952 erwarb es die evangelische Kirchengemeinde und nutzte es bis 1974 als Gotteshaus. Nach zwischenzeitlicher Verwendung als Vereinsheim erwarb die Gemeinde Gro\u00dfkrotzenburg 1988 das Anwesen und \u00fcbergab es nach l\u00e4ngerer Renovierung im Jahr 1992 als Gedenk- und Begegnungsst\u00e4tte der \u00d6ffentlichkeit. Zur gleichen Zeit gr\u00fcndete sich der Arbeitskreis Ehemalige Synagoge, dem Vertreter der Kommune, der \u00f6rtlichen Parteien, der Kirchen, Schulen sowie interessierte B\u00fcrgerinnen und B\u00fcrger angeh\u00f6ren. <br \/>\n<br \/>\nEine Dauerausstellung auf der Empore des Synagogengeb\u00e4udes informiert \u00fcber die Geschichte der j\u00fcdischen Gemeinde sowie \u00fcber religi\u00f6se Gebr\u00e4uche des Judentums. Gedenkveranstaltungen, Vortr\u00e4ge, Lesungen, Musik, Theater und Ausstellungen greifen Themen der j\u00fcdischen Geschichte, Kultur und Religion ebenso auf wie Fragen zum Verh\u00e4ltnis zwischen Christen und Juden oder zu den Beziehungen zwischen Deutschland und Israel (N\u00e4heres bitte erfragen). Eine wichtige Rolle spielt auch die Kontaktpflege zu ehemaligen j\u00fcdischen B\u00fcrgern und deren Nachkommen.<br \/>\n<br \/>\n<b>Angebot<\/b><br \/>\n<br \/>\nEintritt frei<br \/>\n\u00d6ffnungszeiten und F\u00fchrungen nach Vereinbarung<br \/>\nEine Begleitschrift f\u00fcr Besucher der Ehemaligen Synagoge ist erh\u00e4ltlich<br \/>\n<\/td>\n<\/tr>\n<tr class=\"row-3\">\n\t<td class=\"column-1\"><b>Standort <\/b><\/td><td class=\"column-2\">Standort der Synagoge: Steingasse 10, 63538 Gro\u00dfkrotzenburg <\/td>\n<\/tr>\n<tr class=\"row-4\">\n\t<td class=\"column-1\"><b>Kontakt:<\/b><\/td><td class=\"column-2\">Arbeitskreis Ehemalige Synagoge Gro\u00dfkrotzenburg:  Pfarrer Dr. Manuel Goldmann, <br \/>\nMax-Planck-Stra\u00dfe 1, 63538 Gro\u00dfkrotzenburg, Tel. 06186-900607,<br \/>\nMail: Manuel.Goldmann@Ekkw.de<\/td>\n<\/tr>\n<tr class=\"row-5\">\n\t<td class=\"column-1\"><b>Internet<\/b><\/td><td class=\"column-2\">auf der Website der <a href=\"http:\/\/www.hlz.hessen.de\/index.php?id=112\"target=\"_blank\"><b>HLZ<\/b><\/a><br \/>\nauf der Website der <a href=\"http:\/\/www.grosskrotzenburg.de\/101.0.html\"target=\"_blank\"><b>Gemeinde<\/b><\/a><br \/>\nauf der Website <a href=\"http:\/\/www.alemannia-judaica.de\/grosskrotzenburg_synagoge.htm\"target=\"_blank\"><b>www.alemannia-judaica.de<\/b><\/a><br \/>\n<\/td>\n<\/tr>\n<tr class=\"row-6\">\n\t<td class=\"column-1\"><b>Publikationen<\/b><br \/>\n(Auswahl)<\/td><td class=\"column-2\">\u2022 Euler, Willi: R\u00fcckblick auf die j\u00fcdische Gemeinde Gro\u00dfkrotzenburg. Gro\u00dfkrotzenburg 1983. <br \/>\n\u2022 Frank, Abraham \/ Klab, Heinz (postum) \/ Pfeifer, Monika Ilona: Ihre Seele sei eingebunden in das B\u00fcndel des Lebens. Die j\u00fcdische Gemeinde und der j\u00fcdische Friedhof zu Gro\u00dfkrotzenburg. Hrsg.: Arbeitskreis \"Ehemalige Synagoge Gro\u00dfkrotzenburg\", Hanau 2002. <br \/>\n<\/td>\n<\/tr>\n<\/tbody>\n<\/table>\n<!-- #tablepress-14 from cache -->\n<div class='printomatic pom-default ' id='id9645' alt='Seitentext drucken' title='Seitentext drucken' data-print_target='article'><\/div>\n","protected":false},"excerpt":{"rendered":"","protected":false},"author":1,"featured_media":0,"parent":0,"menu_order":0,"comment_status":"open","ping_status":"open","template":"page-full-width.php","meta":{"footnotes":""},"class_list":["entry","page","publish","author-admin","post-332"],"_links":{"self":[{"href":"https:\/\/www.lag-gedenken-in-hessen.de\/index.php?rest_route=\/wp\/v2\/pages\/332","targetHints":{"allow":["GET"]}}],"collection":[{"href":"https:\/\/www.lag-gedenken-in-hessen.de\/index.php?rest_route=\/wp\/v2\/pages"}],"about":[{"href":"https:\/\/www.lag-gedenken-in-hessen.de\/index.php?rest_route=\/wp\/v2\/types\/page"}],"author":[{"embeddable":true,"href":"https:\/\/www.lag-gedenken-in-hessen.de\/index.php?rest_route=\/wp\/v2\/users\/1"}],"replies":[{"embeddable":true,"href":"https:\/\/www.lag-gedenken-in-hessen.de\/index.php?rest_route=%2Fwp%2Fv2%2Fcomments&post=332"}],"version-history":[{"count":6,"href":"https:\/\/www.lag-gedenken-in-hessen.de\/index.php?rest_route=\/wp\/v2\/pages\/332\/revisions"}],"predecessor-version":[{"id":1308,"href":"https:\/\/www.lag-gedenken-in-hessen.de\/index.php?rest_route=\/wp\/v2\/pages\/332\/revisions\/1308"}],"wp:attachment":[{"href":"https:\/\/www.lag-gedenken-in-hessen.de\/index.php?rest_route=%2Fwp%2Fv2%2Fmedia&parent=332"}],"curies":[{"name":"wp","href":"https:\/\/api.w.org\/{rel}","templated":true}]}}