{"id":355,"date":"2014-10-22T06:43:23","date_gmt":"2014-10-22T04:43:23","guid":{"rendered":"http:\/\/wordpress.gedenken-in-hessen.de\/?page_id=355"},"modified":"2019-09-20T18:51:18","modified_gmt":"2019-09-20T16:51:18","slug":"initiative-9-november-e-v","status":"publish","type":"page","link":"https:\/\/www.lag-gedenken-in-hessen.de\/?page_id=355","title":{"rendered":"Initiative 9. November e. V."},"content":{"rendered":"<p><img loading=\"lazy\" decoding=\"async\" class=\"aligncenter size-full wp-image-81\" src=\"https:\/\/www.lag-gedenken-in-hessen.de\/wp-content\/uploads\/Frankfurt-9.-November-Logo.jpg\" alt=\"Frankfurt 9. November Logo\" width=\"145\" height=\"146\" \/><\/p>\n\n<table id=\"tablepress-17\" class=\"tablepress tablepress-id-17\">\n<tbody class=\"row-striping\">\n<tr class=\"row-1\">\n\t<td class=\"column-1\"><b>Tr\u00e4ger \/<br \/>\nInitiative<\/b><\/td><td class=\"column-2\">Initiative 9. November e.V.<\/td>\n<\/tr>\n<tr class=\"row-2\">\n\t<td class=\"column-1\"><b>Kurzbeschreibung<\/b><\/td><td class=\"column-2\">Die Initiative 9. November e. V. engagiert sich seit seit \u00fcber 30 Jahren am Ort der ehemaligen Synagoge der Israelitischen Religionsgesellschaft und des heutigen Hochbunkers.<br \/>\nAls am 29. August 1907 die Synagoge an der Friedberger Anlage feierlich eingeweiht wurde, ahnte niemand, welchem schrecklichen Schicksal Gemeinde und Synagoge schon nach 30 Jahren ausgeliefert sein w\u00fcrden. Sie war einer der pr\u00e4chtigsten und gr\u00f6\u00dften j\u00fcdischen Sakralbauten in Deutschland. Im Novemberpogrom 1938 wurde sie von den Nationalsozialisten in Brand gesteckt und ihre Fundamente 1942 mit einem Hochbunker \u00fcberbaut.<br \/>\n<br \/>\nDie Initiative 9. November hat sich 1988 in Reaktion auf den Konflikt um die neu entdeckten Reste der Judengasse am B\u00f6rneplatz als B\u00fcrgerinitiative gegr\u00fcndet.<br \/>\nAb November 1988 wurden vor dem Bunker \u00fcber acht Monate hinweg jeden Samstag Namen und Deportationsdaten Frankfurter j\u00fcdischer B\u00fcrger verlesen. Seither hat die Initiative die einzigartige Bedeutung dieses Ortes herausgearbeitet. Nach langem Kampf schloss sie 2003 einen Nutzungsvertrag \u00fcber das Erdgeschoss ab. Ende 2016 erwarb die Stadt den Bunker von der Bundesanstalt f\u00fcr Immobilienaufgaben. Inzwischen nutzt die Initiative auch das 1. OG und bem\u00fcht sich um die Instandsetzung und Nutzung weiterer Stockwerke.<br \/>\nSie zeigt im Bunker von Ende April bis Ende November jeweils sonntags von 11-14 Uhr die vier Ausstellungen:<br \/>\n\"Ostend - Blick in ein j\u00fcdisches Viertel\" (eine Ausstellung des J\u00fcdischen Museums) sowie - von Initiativenmitgliedern konzipiert - \"Von F\u00f6hrenwald nach Frankfurt in die Waldschmidtstra\u00dfe\" \u00fcber ehemalige Displaced Persons und \"J\u00fcdische Musikerinnen und Musiker in Frankfurt 1933-1945\". 2019 sind auch Rafael Herlichs Fotografien \"J\u00fcdisches Leben in Deutschland heute\" zu sehen.<br \/>\nF\u00fchrungen finden an Sonntagen oder f\u00fcr Schulklassen und Gruppen unter der Woche statt.<br \/>\n<br \/>\nDar\u00fcber hinaus veranstaltet sie Symposien, Podien mit ZeitzeugInnen und l\u00e4dt zu Vortr\u00e4gen, Lesungen und Filmen.<\/td>\n<\/tr>\n<tr class=\"row-3\">\n\t<td class=\"column-1\"><b>Standort<\/b><\/td><td class=\"column-2\">Hochbunker, Friedberger Anlage 5-6, 60314 Frankfurt am Main <\/td>\n<\/tr>\n<tr class=\"row-4\">\n\t<td class=\"column-1\"><b>Internet<\/b><\/td><td class=\"column-2\">eigene Website: <a href=\"http:\/\/initiative-neunter-november.de\"target=\"_blank\"><b>www.initiative-neunter-november.de<\/b><\/a><\/td>\n<\/tr>\n<tr class=\"row-5\">\n\t<td class=\"column-1\"><b>Publikationen<\/b><br \/>\n(Auswahl)<\/td><td class=\"column-2\">\u2022 The East End - Looking into a Jewish Quarter, engl. Katalog zur<br \/>\nAusstellung. Mirjam Wenzel, J\u00fcdisches Museum Frankfurt 2019, 10 Euro<br \/>\n\u2022 Kurt Gr\u00fcnberg, Wolfgang Leuschner, Initiative 9. November: Populismus,<br \/>\nParanoia, Pogrom. Affekterbschaften des Nationalsozialismus, Brandes und<br \/>\nApsel Verlag, Frankfurt am Main 2017, 184 Seiten, 19,90 Euro, ISBN<br \/>\n9-783-95558-200-5<br \/>\n\u2022 Katharina Pennoyer, Initiative 9. November: Nachrichten aus dem<br \/>\ngelobten Land. Die Briefe der Anuta Sakheim, Weissbooks Verlag,<br \/>\nFrankfurt am Main 2017, 96 Seiten. Mit vielen s\/w Fotos und farbigem<br \/>\nVorsatzpapier, 14,00 Euro, ISBN 978-3-86337-122-7<br \/>\n\u2022 Initiative 9. November: Erinnerung braucht Zukunft. Brandes und Apsel<br \/>\nVerlag, Frankfurt am Main 2010, 268 Seiten, 19,90 Euro. ISBN<br \/>\n978-3-86099-627-0<br \/>\n\u2022 Joachim C. Martini: Musik als Form geistigen Widerstandes - J\u00fcdische<br \/>\nMusikerinnen und Musiker 1933-1945. Das Beispiel Frankfurt am Main, Band<br \/>\n1 und Band 2. Brandes &amp; Apsel, Frankfurt am Main 2010. ISBN<br \/>\n3-86099-620-7, ISBN 3-86099-621-5<br \/>\n\u2022 Petra Bonavita: Mit falschem Pass und Zyankali - Retter und Gerettete<br \/>\naus Frankfurt am Main in der NS-Zeit. Schmetterling Verlag, Stuttgart<br \/>\n2009. ISBN 3-89657-135-4<br \/>\n\u2022 Carmen Renate K\u00f6per: Zwischen Emigration und KZ - F\u00fcnf Leben. Hermann<br \/>\nLangbein; Viktor Matejka; Bernhard Littwack; Karl Paryla; Trude<br \/>\nSimonsohn. Edition Steinbauer, Wien 2008. ISBN 3902494298<br \/>\n\u2022 Carmen Renate K\u00f6per: Das kurze Leben der Sonja Okun. Geliebt -<br \/>\nverlassen - vernichtet. Brandes &amp; Apsel, Frankfurt am Main 2007. ISBN<br \/>\n9783860997291<br \/>\n\u2022 Petra Bonavita: Bombenapplaus - Das Leben der Nanny Becker. Ulrike<br \/>\nHelmer Verlag, K\u00f6nigstein\/Taunus 2005. ISBN 3-89741-173-3<br \/>\n\u2022 Petra Bonavita: Assimilation, Verfolgung, Exil - am Beispiel der<br \/>\nj\u00fcdischen Sch\u00fcler eines Frankfurter Gymnasiums (heute: Heinrich von<br \/>\nGagern-Gymnasium). Schmetterling Verlag, Stuttgart 2002. ISBN 3-89657-462-0<br \/>\n\u2022 Lutz van Dijk: Zu keinem ein Wort! \u00dcberleben im Versteck - Die<br \/>\nGeschichte der Cilly Levitus Peiser. Elefanten Press\/C. Bertelsmann,<br \/>\nM\u00fcnchen 2002. ISBN 3-570-14627-8<br \/>\n\u2022 Ostend - Blick in ein j\u00fcdisches Viertel. Katalog J\u00fcdisches Museum.<br \/>\nFrankfurt am Main 2000. ISBN 3-7973-0742-X<br \/>\n\u2022 Edgar Sarton-Saretzki: Auf Sie haben wir gewartet. CoCon Verlag, Hanau<br \/>\n1997. ISBN 3-928100-55-6<br \/>\n\u2022 Rachel Heuberger\/Helga Krohn: Hinaus aus dem Ghetto... Juden in<br \/>\nFrankfurt am Main 1800 - 1950. S.Fischer Verlag, Frankfurt am Main 1988.<br \/>\nISBN 3-10-031407-7<br \/>\n<\/td>\n<\/tr>\n<tr class=\"row-6\">\n\t<td class=\"column-1\"><b>Kontakt<\/b><\/td><td class=\"column-2\">Initiative 9. November e. V.<br \/>\nHochbunker<br \/>\nFriedberger Anlage 5-6<br \/>\n60314 Frankfurt am Main<br \/>\nEmail: initiative-9-november[ at ]gmx.de<br \/>\nTel.: 0176 4711 7154<br \/>\n<\/td>\n<\/tr>\n<\/tbody>\n<\/table>\n<!-- #tablepress-17 from cache -->\n<div class='printomatic pom-default ' id='id8303' alt='Seitentext drucken' title='Seitentext drucken' data-print_target='article'><\/div>\n","protected":false},"excerpt":{"rendered":"","protected":false},"author":1,"featured_media":0,"parent":0,"menu_order":0,"comment_status":"open","ping_status":"open","template":"page-full-width.php","meta":{"footnotes":""},"class_list":["entry","page","publish","author-admin","post-355"],"_links":{"self":[{"href":"https:\/\/www.lag-gedenken-in-hessen.de\/index.php?rest_route=\/wp\/v2\/pages\/355","targetHints":{"allow":["GET"]}}],"collection":[{"href":"https:\/\/www.lag-gedenken-in-hessen.de\/index.php?rest_route=\/wp\/v2\/pages"}],"about":[{"href":"https:\/\/www.lag-gedenken-in-hessen.de\/index.php?rest_route=\/wp\/v2\/types\/page"}],"author":[{"embeddable":true,"href":"https:\/\/www.lag-gedenken-in-hessen.de\/index.php?rest_route=\/wp\/v2\/users\/1"}],"replies":[{"embeddable":true,"href":"https:\/\/www.lag-gedenken-in-hessen.de\/index.php?rest_route=%2Fwp%2Fv2%2Fcomments&post=355"}],"version-history":[{"count":4,"href":"https:\/\/www.lag-gedenken-in-hessen.de\/index.php?rest_route=\/wp\/v2\/pages\/355\/revisions"}],"predecessor-version":[{"id":1192,"href":"https:\/\/www.lag-gedenken-in-hessen.de\/index.php?rest_route=\/wp\/v2\/pages\/355\/revisions\/1192"}],"wp:attachment":[{"href":"https:\/\/www.lag-gedenken-in-hessen.de\/index.php?rest_route=%2Fwp%2Fv2%2Fmedia&parent=355"}],"curies":[{"name":"wp","href":"https:\/\/api.w.org\/{rel}","templated":true}]}}