{"id":360,"date":"2014-10-22T06:47:10","date_gmt":"2014-10-22T04:47:10","guid":{"rendered":"http:\/\/wordpress.gedenken-in-hessen.de\/?page_id=360"},"modified":"2019-09-20T22:51:02","modified_gmt":"2019-09-20T20:51:02","slug":"denkzeichen-gueterbahnhof-darmstadt","status":"publish","type":"page","link":"https:\/\/www.lag-gedenken-in-hessen.de\/?page_id=360","title":{"rendered":"Denkzeichen G\u00fcterbahnhof Darmstadt"},"content":{"rendered":"<p>Initiative \u201eGedenkort G\u00fcterbahnhof Darmstadt\u201c<\/p>\n<p><img loading=\"lazy\" decoding=\"async\" class=\"aligncenter size-full wp-image-361\" src=\"https:\/\/www.lag-gedenken-in-hessen.de\/wp-content\/uploads\/Gedenkzeichen-G\u00fcterbahnhof-Logo.jpg\" alt=\"Gedenkzeichen G\u00fcterbahnhof Logo\" width=\"170\" height=\"173\" \/><\/p>\n\n<table id=\"tablepress-18\" class=\"tablepress tablepress-id-18\">\n<tbody class=\"row-striping\">\n<tr class=\"row-1\">\n\t<td class=\"column-1\"><b>Kurzbeschreibung<\/b>  <\/td><td class=\"column-2\">Das Denkzeichen G\u00fcterbahnhof Darmstadt erinnert an die Deportationen der Juden, Sinti und Roma 1942\/43 in die Konzentrations- und Vernichtungslager <\/td>\n<\/tr>\n<tr class=\"row-2\">\n\t<td class=\"column-1\"><b>Tr\u00e4ger \/<br \/>\nInitiative<\/b><\/td><td class=\"column-2\">Arbeitskreis ehemalige Synagoge Pfungstadt e.V. \u2013 Darmst\u00e4dter Geschichtswerkstatt e.V. - Gesellschaft f\u00fcr christlich-j\u00fcdische Zusammenarbeit Darmstadt \u2013 GEW Stadtverband Darmstadt \u2013 Vereinigung der Verfolgten des Naziregime - Bund der Antifaschisten Starkenburg - einzelne Pers\u00f6nlichkeiten<\/td>\n<\/tr>\n<tr class=\"row-3\">\n\t<td class=\"column-1\"><b>Information<\/b><\/td><td class=\"column-2\"><b>Ziele<\/b><br \/>\n<br \/>\nIm November 2004 wurde das Denkzeichen G\u00fcterbahnhof Darmstadt eingeweiht. Es erinnert am Deportationsort an die Deportationen der \u00fcber dreitausend j\u00fcdischen M\u00e4nner, Frauen und Kinder und Hunderte von Sinti-Familien aus Darmstadt und dem ehemaligen \u201eVolksstaat Hessen\u201c in die \u201eim Osten\u201c eingerichteten Todeslager.<br \/>\n<br \/>\n<b>ausf\u00fchrliche Beschreibung<\/b><br \/>\n<br \/>\nIm M\u00e4rz 2002 hat sich die Initiative \u201eGedenkort G\u00fcterbahnhof Darmstadt\u201c gegr\u00fcndet. Die Initiative hat sich zum Ziel gesetzt, auf dem der Deutsche Bahn AG geh\u00f6renden Gel\u00e4nde einen Gedenkort zu schaffen, der an die Opfer des Holocaust erinnert, dem Juden, Sinti und Roma zum Opfer gefallen sind. Die Immobiliengesellschaft der Deutschen Bahn AG, Frankfurt, und die Stadt Darmstadt haben das Projekt unterst\u00fctzt. Die k\u00fcnstlerische Gestaltung \u00fcbernahmen die Installationsk\u00fcnstler Ritula Fr\u00e4nkel und Nicholas Morris. <br \/>\n<br \/>\nBesch\u00e4digung und Sanierung des Denkzeichens G\u00fcterbahnhof Darmstadt 2013 <br \/>\n<br \/>\nIn der Nacht vom 9.7. auf 10.7.2006 wurde das Denkzeichen am G\u00fcterbahnhof erheblich besch\u00e4digt. Die Besch\u00e4digung hat gro\u00dfe Best\u00fcrzung ausgel\u00f6st. Die Initiative hat daf\u00fcr Spenden eingeworben. Die Stadt Darmstadt unterst\u00fctzt das Vorhaben finanziell. <br \/>\n<br \/>\nIm Fr\u00fchjahr 2013 wird das Denkzeichen saniert, 6 Wochen sp\u00e4ter erneut besch\u00e4digt. Wegen Stra\u00dfenbauarbeiten war das Denkzeichen fast 3 Jahre auf dem Gel\u00e4nde der J\u00fcdischen Gemeinde, seit letzten M\u00e4rz ist es wieder am historischen Ort.<br \/>\n<br \/>\n<strong>Chronologie und Zusammensetzung der Deportationen <\/strong><br \/>\n<br \/>\n<em>Auf den \u00fcberlieferten Listen sind statistische Vermerke angebracht, die nachfolgend in den Originalformulierungen wiedergegeben werden: <\/em><br \/>\n<br \/>\n20. M\u00e4rz 1942 nach Piaski-Lublin 1000 Juden <br \/>\n27. September 1942 nach Theresienstadt 1288 Juden <br \/>\n30. September 1942 in das Generalgouvernement 883 Juden <br \/>\n10. Februar 1943 Wohnsitzverlegung nach Theresienstadt 53 Juden und viele Sinifamilien <br \/>\n<br \/>\n<b>Angebot<\/b><br \/>\nGedenkveranstaltungen am letzten Sonntag im September, F\u00fchrungen, Veranstaltungen<br \/>\n<\/td>\n<\/tr>\n<tr class=\"row-4\">\n\t<td class=\"column-1\"><b>Standort<\/b><\/td><td class=\"column-2\">In Darmstadt, Bismarckstra\u00dfe, Ecke Kirschenallee<\/td>\n<\/tr>\n<tr class=\"row-5\">\n\t<td class=\"column-1\"><b>Internet<\/b><\/td><td class=\"column-2\">eigene Website: <a href=\"http:\/\/www.denkzeichen-gueterbahnhof.de\" target=\"_blank\"><b>www.denkzeichen-gueterbahnhof.de<\/b><\/a><br \/>\n<\/td>\n<\/tr>\n<tr class=\"row-6\">\n\t<td class=\"column-1\"><b>Publikationen<\/b><br \/>\n(Auswahl)<\/td><td class=\"column-2\"><strong>Darmstadt als Deportationsort:<\/strong> <br \/>\nDarmstadt 2004. ISBN 3-00-013708-4 <br \/>\nSpendenpreis 5.- \u20ac<br \/>\n<br \/>\n<strong>\"Die Deportationslisten\". <\/strong><br \/>\nSpendenpreis 10,- \u20ac<br \/>\n<br \/>\n<strong>Denkzeichen <\/strong><br \/>\nVon Alsbach bis Zwingenberg. <br \/>\nDarmstadt 2005 - Spendenpreis 2.50 \u20ac<br \/>\n<br \/>\n<strong>Denkzeichen G\u00fcterbahnhof Darmstadt. <\/strong><br \/>\nSeptember 2009. Spendenpreis 5,- \u20ac<\/td>\n<\/tr>\n<\/tbody>\n<\/table>\n<!-- #tablepress-18 from cache -->\n<div class='printomatic pom-default ' id='id8422' alt='Seitentext drucken' title='Seitentext drucken' data-print_target='article'><\/div>\n","protected":false},"excerpt":{"rendered":"<p>Initiative \u201eGedenkort G\u00fcterbahnhof Darmstadt\u201c<\/p>\n","protected":false},"author":1,"featured_media":0,"parent":0,"menu_order":0,"comment_status":"open","ping_status":"open","template":"page-full-width.php","meta":{"footnotes":""},"class_list":["entry","page","publish","author-admin","post-360"],"_links":{"self":[{"href":"https:\/\/www.lag-gedenken-in-hessen.de\/index.php?rest_route=\/wp\/v2\/pages\/360","targetHints":{"allow":["GET"]}}],"collection":[{"href":"https:\/\/www.lag-gedenken-in-hessen.de\/index.php?rest_route=\/wp\/v2\/pages"}],"about":[{"href":"https:\/\/www.lag-gedenken-in-hessen.de\/index.php?rest_route=\/wp\/v2\/types\/page"}],"author":[{"embeddable":true,"href":"https:\/\/www.lag-gedenken-in-hessen.de\/index.php?rest_route=\/wp\/v2\/users\/1"}],"replies":[{"embeddable":true,"href":"https:\/\/www.lag-gedenken-in-hessen.de\/index.php?rest_route=%2Fwp%2Fv2%2Fcomments&post=360"}],"version-history":[{"count":5,"href":"https:\/\/www.lag-gedenken-in-hessen.de\/index.php?rest_route=\/wp\/v2\/pages\/360\/revisions"}],"predecessor-version":[{"id":1226,"href":"https:\/\/www.lag-gedenken-in-hessen.de\/index.php?rest_route=\/wp\/v2\/pages\/360\/revisions\/1226"}],"wp:attachment":[{"href":"https:\/\/www.lag-gedenken-in-hessen.de\/index.php?rest_route=%2Fwp%2Fv2%2Fmedia&parent=360"}],"curies":[{"name":"wp","href":"https:\/\/api.w.org\/{rel}","templated":true}]}}