{"id":383,"date":"2014-10-22T06:58:30","date_gmt":"2014-10-22T04:58:30","guid":{"rendered":"http:\/\/wordpress.gedenken-in-hessen.de\/?page_id=383"},"modified":"2019-09-20T23:12:33","modified_gmt":"2019-09-20T21:12:33","slug":"memor-gernsheim","status":"publish","type":"page","link":"https:\/\/www.lag-gedenken-in-hessen.de\/?page_id=383","title":{"rendered":"Memor Gernsheim"},"content":{"rendered":"<p><img loading=\"lazy\" decoding=\"async\" class=\"aligncenter size-full wp-image-93\" src=\"https:\/\/www.lag-gedenken-in-hessen.de\/wp-content\/uploads\/Gernsheim-Memor-Logo.jpg\" alt=\"Gernsheim Memor Logo\" width=\"170\" height=\"167\" \/><\/p>\n\n<table id=\"tablepress-20\" class=\"tablepress tablepress-id-20\">\n<tbody class=\"row-striping\">\n<tr class=\"row-1\">\n\t<td class=\"column-1\">Kurzbeschreibung  <\/td><td class=\"column-2\">B\u00fcrgerinnen und B\u00fcrger von Gernsheim erinnern an verschwundene Nachbarinnen und Nachbarn. <\/td>\n<\/tr>\n<tr class=\"row-2\">\n\t<td class=\"column-1\">Tr\u00e4ger \/<br \/>\nInitiative<\/td><td class=\"column-2\">Memor Gernsheim e.V. <\/td>\n<\/tr>\n<tr class=\"row-3\">\n\t<td class=\"column-1\">Information<\/td><td class=\"column-2\">Mehrere B\u00fcrgerinnen und B\u00fcrger der Sch\u00f6fferstadt Gernsheim hatten sich zu Beginn des Jahres 2006 zu einer Initiative zusammengefunden, um einer Pflicht nachzukommen: Die Erinnerung an die verschwundenen Nachbarinnen und Nachbarn zu pflegen. Mahnwachen vor den H\u00e4usern, in denen j\u00fcdische Mitb\u00fcrgerinnen und -b\u00fcrger mit ihren Kindern gelebt hatten, waren am 27. Januar ihre erste Aktion. <br \/>\n<br \/>\nDie Beteiligten beschlossen, der Initiative die Form eines eingetragenen Vereins zu geben. Am 21. Juli 2008 unterschrieben zw\u00f6lf Mitglieder das Gr\u00fcndungsdokument. Ihre Zahl hat sich inzwischen fast verdoppelt. Dar\u00fcber hinaus geh\u00f6ren zahlreiche Freundinnen und F\u00f6rderer und Unterst\u00fctzerinnen unterschiedlicher politischer und weltanschaulicher Standpunkte zum Freundeskreis von Memor. Viele Verbindungen zu Partnerorganisationen sind gekn\u00fcpft. <br \/>\n<br \/>\n\u201eDer Zweck des Vereins ist die Pflege des Andenkens an die B\u00fcrgerinnen und B\u00fcrger sowie deren Nachkommen, insbesondere aus Gernsheim, die in der Zeit des nationalsozialistischen Regimes wegen ihrer Rasse, ihrer k\u00f6rperlichen oder psychischen Eigenarten, ihrer Gesinnung oder ihres Widerstandes gegen den Naziterror verfolgt worden sind. (...) Aus dieser Zwecksetzung folgt, dass sich der Verein den Tendenzen des Vergessens, Verdr\u00e4ngens und des bequemen Gleichschaltens aller Gewaltopfer widersetzt.\u201c, hei\u00dft es in der Satzung. <br \/>\n<br \/>\nDie Arbeit konzentrierte sich in den ersten Jahren auf das Wirken in der lokalen und regionalen \u00d6ffentlichkeit. <br \/>\n<br \/>\nMehrmals j\u00e4hrlich, vor allem zu den Anl\u00e4ssen der Gedenktage des 27. Januar 1945, des 20. Juli 1944 und des 9. November 1938, gestaltet Memor Pr\u00e4sentationen, organisiert Vortr\u00e4ge, Bildungsexkursionen, Filmvorf\u00fchrungen mit Diskussion, Lesungen, Zeitzeugengespr\u00e4che oder Auftritte von K\u00fcnstlern. Ab 2009 wird bei der traditionellen \u00f6ffentlichen Feier des Volkstrauertages in Gernsheim den in den NS-Jahren Ermordeten mit einer jeweils ihnen gewidmeten Ansprache gedacht. <br \/>\n<br \/>\nEine nachhaltig besonders wichtige Verbindung ist die zu den verantwortlichen P\u00e4dagoginnen und P\u00e4dagogen des Gymnasiums Gernsheim. Seit 2010 finden j\u00e4hrlich gemeinsam organisierte Veranstaltungen statt, die teilweise ins Unterrichtsprogramm integriert sind und bei denen Sch\u00fclerinnen und Sch\u00fcler mitwirken. <br \/>\n<br \/>\nDaneben k\u00fcmmern sich die Aktiven des Vereins um das Aufkl\u00e4ren und Ermitteln der Lebensdaten und Schicksale von Verfolgten. W\u00e4hrend die Namen und Daten der j\u00fcdischen Opfer und der aus religi\u00f6ser Sendung heraus Widerst\u00e4ndigen relativ gut dokumentiert waren, blieben die aus politischen Gr\u00fcnden Verfolgten bisher wenig ber\u00fccksichtigt. Memor hat sich dessen angenommen. Im Sommer 2012 entdeckten sie, dass auch mindestens zwei Menschen aus Gernsheim den Krankenmorden in Hadamar zum Opfer fielen. <br \/>\n<br \/>\nEin Meilenstein und ein Erfolgt der Gedenkarbeit in Gernsheim zeigte sich, als die Stadtverordnetenversammlung am 15.5.2012 das Verlegen von \u201eStolperstenen\u201c beschloss. Memor ist vom Magistrat der Sch\u00f6fferstadt Gernsheim mit wesentlichen Aufgaben des Recherchierens, Organisierens und der Werbung um Paten beauftragt. <\/td>\n<\/tr>\n<tr class=\"row-4\">\n\t<td class=\"column-1\">Internet<\/td><td class=\"column-2\">eigene Website: <a href=\"http:\/\/www.memorgernsheim.de\"target=\"_blank\"><b>www.memorgernsheim.de<\/b><\/a><\/td>\n<\/tr>\n<\/tbody>\n<\/table>\n<!-- #tablepress-20 from cache -->\n<div class='printomatic pom-default ' id='id3101' alt='Seitentext drucken' title='Seitentext drucken' data-print_target='article'><\/div>\n","protected":false},"excerpt":{"rendered":"","protected":false},"author":1,"featured_media":0,"parent":0,"menu_order":0,"comment_status":"open","ping_status":"open","template":"page-full-width.php","meta":{"footnotes":""},"class_list":["entry","page","publish","author-admin","post-383"],"_links":{"self":[{"href":"https:\/\/www.lag-gedenken-in-hessen.de\/index.php?rest_route=\/wp\/v2\/pages\/383","targetHints":{"allow":["GET"]}}],"collection":[{"href":"https:\/\/www.lag-gedenken-in-hessen.de\/index.php?rest_route=\/wp\/v2\/pages"}],"about":[{"href":"https:\/\/www.lag-gedenken-in-hessen.de\/index.php?rest_route=\/wp\/v2\/types\/page"}],"author":[{"embeddable":true,"href":"https:\/\/www.lag-gedenken-in-hessen.de\/index.php?rest_route=\/wp\/v2\/users\/1"}],"replies":[{"embeddable":true,"href":"https:\/\/www.lag-gedenken-in-hessen.de\/index.php?rest_route=%2Fwp%2Fv2%2Fcomments&post=383"}],"version-history":[{"count":5,"href":"https:\/\/www.lag-gedenken-in-hessen.de\/index.php?rest_route=\/wp\/v2\/pages\/383\/revisions"}],"predecessor-version":[{"id":1242,"href":"https:\/\/www.lag-gedenken-in-hessen.de\/index.php?rest_route=\/wp\/v2\/pages\/383\/revisions\/1242"}],"wp:attachment":[{"href":"https:\/\/www.lag-gedenken-in-hessen.de\/index.php?rest_route=%2Fwp%2Fv2%2Fmedia&parent=383"}],"curies":[{"name":"wp","href":"https:\/\/api.w.org\/{rel}","templated":true}]}}