{"id":399,"date":"2014-10-22T07:08:04","date_gmt":"2014-10-22T05:08:04","guid":{"rendered":"http:\/\/wordpress.gedenken-in-hessen.de\/?page_id=399"},"modified":"2019-09-20T22:55:04","modified_gmt":"2019-09-20T20:55:04","slug":"foerderverein-juedische-geschichte-und-kultur-im-kreis-gross-gerau-e-v","status":"publish","type":"page","link":"https:\/\/www.lag-gedenken-in-hessen.de\/?page_id=399","title":{"rendered":"F\u00f6rderverein J\u00fcdische Geschichte und Kultur im Kreis Gro\u00df-Gerau e.V."},"content":{"rendered":"<p><img loading=\"lazy\" decoding=\"async\" class=\"aligncenter size-full wp-image-95\" src=\"https:\/\/www.lag-gedenken-in-hessen.de\/wp-content\/uploads\/Grossgerau-Logo.jpg\" alt=\"Grossgerau Logo\" width=\"170\" height=\"191\" \/><\/p>\n\n<table id=\"tablepress-22\" class=\"tablepress tablepress-id-22\">\n<tbody class=\"row-striping\">\n<tr class=\"row-1\">\n\t<td class=\"column-1\"><b>Kurzbeschreibung <\/b> <\/td><td class=\"column-2\">Der Verein hat es sich zur Aufgabe gemacht, verbliebene Zeugnisse j\u00fcdischer Kultur aufzufinden, zu dokumentieren und die Erinnerung daran wachzuhalten. Dazu wurde u.a. die ehemalige Synagoge Erfelden erworben und restauriert. Sie ist heute Kultur- und Begegnungszentrum. <\/td>\n<\/tr>\n<tr class=\"row-2\">\n\t<td class=\"column-1\"><b>Tr\u00e4ger \/<br \/>\nInitiative<\/b><\/td><td class=\"column-2\">F\u00f6rderverein J\u00fcdische Geschichte und Kultur im Kreis Gro\u00df-Gerau e.V.<\/td>\n<\/tr>\n<tr class=\"row-3\">\n\t<td class=\"column-1\"><b>Information<\/b><\/td><td class=\"column-2\"><b>Ziele<\/b><br \/>\n<br \/>\nZiel des Vereins ist es, die bis in das 13. Jahrhundert zur\u00fcckreichenden Spuren j\u00fcdischer Geschichte im Kreis zu dokumentieren und insbesondere das Schicksal der von den Nazis vertriebenen und ermordeten j\u00fcdischen Familien vor dem Vergessen zu bewahren.<br \/>\n<br \/>\n<b>ausf\u00fchrliche Beschreibung<\/b><br \/>\n<br \/>\nDas Judentum in Deutschland hat pr\u00e4gende Spuren in unserer Geschichte hinterlassen, auch in unserer unmittelbaren Umgebung und direkten Nachbarschaft. Im Kreis Gro\u00df-Gerau reichen die Spuren j\u00fcdischer Mitb\u00fcrger bis in das 13. Jahrhundert zur\u00fcck, als sich w\u00e4hrend einer gro\u00dfen Wanderungsbewegung von S\u00fcd nach Nord einige Familien niederlie\u00dfen. <br \/>\n<br \/>\nDem Nebeneinander mit seinen H\u00f6hen und Tiefen, den Gegens\u00e4tzen und Gemeinsamkeiten wurde von 1933 bis 1945 ein Ende gesetzt. Dem rassistischen Wahn, der durch das nationalsozialistische Regime gesch\u00fcrt wurde, sind viele Juden zum Opfer gefallen. Das j\u00fcdische Leben in unserer Gesellschaft wurde zerst\u00f6rt, Nachbarn verschwanden. <br \/>\n<br \/>\n<b>Die ehemalige Synagoge Erfelden<\/b><br \/>\n<br \/>\nDas Haus entspricht in seiner architektonischen Schlichtheit einer typischen Dorfsynagoge. Vor der einf\u00fchlsamen Restaurierung hatte das Geb\u00e4ude eine bewegte Vergangenheit, die nachfolgend entlang einiger ausgew\u00e4hlter Daten kurz skizziert werden soll:<br \/>\n<br \/>\n\n<table id=\"tablepress-23\" class=\"tablepress tablepress-id-23\">\n<tbody>\n<tr class=\"row-1\">\n\t<td class=\"column-1\">1877<\/td><td class=\"column-2\">Einweihung der Synagoge Erfelden<\/td>\n<\/tr>\n<tr class=\"row-2\">\n\t<td class=\"column-1\">1927<\/td><td class=\"column-2\">50-Jahr-Feier des Bestehens der Synagoge<\/td>\n<\/tr>\n<tr class=\"row-3\">\n\t<td class=\"column-1\">1938<\/td><td class=\"column-2\">Verkauf des Geb\u00e4udes und Umbau in ein Wohnhaus<\/td>\n<\/tr>\n<tr class=\"row-4\">\n\t<td class=\"column-1\">1989<\/td><td class=\"column-2\">Erwerb der ehemaligen Synagoge Erfelden durch den F\u00f6rderverein J\u00fcdische Geschichte und Kultur im Kreis Gro\u00df-Gerau e.V.<\/td>\n<\/tr>\n<tr class=\"row-5\">\n\t<td class=\"column-1\">1989 - 1994<\/td><td class=\"column-2\">Restaurierung des Geb\u00e4udes zur Erhaltung und \u00dcberf\u00fchrung in den Originalzustand<\/td>\n<\/tr>\n<tr class=\"row-6\">\n\t<td class=\"column-1\">1991<\/td><td class=\"column-2\">Verleihung des Denkmalschutz-Preises an den F\u00f6rderverein J\u00fcdische Geschichte und Kultur im Kreis Gro\u00df-Gerau e.V.<\/td>\n<\/tr>\n<tr class=\"row-7\">\n\t<td class=\"column-1\">1994<\/td><td class=\"column-2\">Einweihung der ehemaligen Synagoge als Kultur- und Begegnungszentrum<\/td>\n<\/tr>\n<\/tbody>\n<\/table>\n<br \/>\n<br \/>\n<b>Angebot<\/b><br \/>\n<br \/>\nNeben der Aufgabe als Dokumentationszentrum werden geeignete Materialien didaktisch aufbereitet, um sie Schulklassen f\u00fcr eine aktive Erarbeitung der heimatlichen Geschichte zur Verf\u00fcgung zu stellen. <br \/>\n<br \/>\nPr\u00e4senzbibliothek sowie Archiv zum j\u00fcdischen Leben auf dem Lande, hier speziell im Kreis Gro\u00df-Gerau, sind zur Zeit noch im Aufbau, k\u00f6nnen jedoch von Interessierten bereits genutzt werden. <br \/>\n<br \/>\nMehrere wechselnde Ausstellungen j\u00e4hrlich geben Einblick in Ergebnisse historischer Forschung vor Ort und informieren \u00fcber unterschiedliche geschichtliche Aspekte. <br \/>\n<br \/>\nVortr\u00e4ge, Lesungen, musikalische Veranstaltungen, historische und k\u00fcnstlerische Ausstellungen sprechen eine Vielzahl von Bewohnern des Kreises an (das Programm kann angefordert werden). <br \/>\n<br \/>\nEin speziell auf Schulen zugeschnittenes Angebot sieht die Betreuung und Begleitung von Sch\u00fclergruppen im Haus sowohl zur j\u00fcdischen Geschichte auf dem Land als auch zu Fragen der j\u00fcdischen Religion vor. <br \/>\n<br \/>\nMaterialordner zum selbst\u00e4ndigen Arbeiten stehen bereit. Auch eine fachliche Begleitung w\u00e4hrend schulischer Projektwochen kann vereinbart werden. Dar\u00fcber hinaus werden nach Bedarf Seminare in Kooperation mit anderen Bildungstr\u00e4gern, z.B. in der Lehrerfortbildung, durchgef\u00fchrt. <br \/>\n<br \/>\nFr\u00fchzeitige Terminvereinbarungen sind erw\u00fcnscht, da die ehemalige Synagoge ausschlie\u00dflich ehrenamtlich betreut wird. <\/td>\n<\/tr>\n<tr class=\"row-4\">\n\t<td class=\"column-1\"><b>Standort<\/b><\/td><td class=\"column-2\">Ehemalige Synagoge Erfelden, Neugasse 43, 64560 Riedstadt-Erfelden <\/td>\n<\/tr>\n<tr class=\"row-5\">\n\t<td class=\"column-1\"><b>Internet<\/b><\/td><td class=\"column-2\">eigene Website: <a href=\"http:\/\/www.fjgk.de\"target=\"_blank\"><b>www.fjgk.de<\/b><\/a><\/td>\n<\/tr>\n<tr class=\"row-6\">\n\t<td class=\"column-1\"><b>Kontakt:<\/b><\/td><td class=\"column-2\"><strong>Walter Ullrich<br \/>\nRingstra\u00dfe 50<br \/>\n64560 Riedstadt-Erfelden<br \/>\n06147 \/ 8361<br \/>\n<a href=\"mailto:walter.ullrich@freenet.de\">walter.ullrich@freenet.de<\/a><\/strong><br \/>\n<\/td>\n<\/tr>\n<\/tbody>\n<\/table>\n<!-- #tablepress-22 from cache -->\n<div class='printomatic pom-default ' id='id6897' alt='Seitentext drucken' title='Seitentext drucken' data-print_target='article'><\/div>\n","protected":false},"excerpt":{"rendered":"","protected":false},"author":1,"featured_media":0,"parent":0,"menu_order":0,"comment_status":"open","ping_status":"open","template":"page-full-width.php","meta":{"footnotes":""},"class_list":["entry","page","publish","author-admin","post-399"],"_links":{"self":[{"href":"https:\/\/www.lag-gedenken-in-hessen.de\/index.php?rest_route=\/wp\/v2\/pages\/399","targetHints":{"allow":["GET"]}}],"collection":[{"href":"https:\/\/www.lag-gedenken-in-hessen.de\/index.php?rest_route=\/wp\/v2\/pages"}],"about":[{"href":"https:\/\/www.lag-gedenken-in-hessen.de\/index.php?rest_route=\/wp\/v2\/types\/page"}],"author":[{"embeddable":true,"href":"https:\/\/www.lag-gedenken-in-hessen.de\/index.php?rest_route=\/wp\/v2\/users\/1"}],"replies":[{"embeddable":true,"href":"https:\/\/www.lag-gedenken-in-hessen.de\/index.php?rest_route=%2Fwp%2Fv2%2Fcomments&post=399"}],"version-history":[{"count":6,"href":"https:\/\/www.lag-gedenken-in-hessen.de\/index.php?rest_route=\/wp\/v2\/pages\/399\/revisions"}],"predecessor-version":[{"id":1231,"href":"https:\/\/www.lag-gedenken-in-hessen.de\/index.php?rest_route=\/wp\/v2\/pages\/399\/revisions\/1231"}],"wp:attachment":[{"href":"https:\/\/www.lag-gedenken-in-hessen.de\/index.php?rest_route=%2Fwp%2Fv2%2Fmedia&parent=399"}],"curies":[{"name":"wp","href":"https:\/\/api.w.org\/{rel}","templated":true}]}}