{"id":420,"date":"2014-10-22T07:44:50","date_gmt":"2014-10-22T05:44:50","guid":{"rendered":"http:\/\/wordpress.gedenken-in-hessen.de\/?page_id=420"},"modified":"2019-09-20T22:41:43","modified_gmt":"2019-09-20T20:41:43","slug":"juedisches-museum-in-der-ehemaligen-rotenburger-mikwe-erinnerungs-und-begegnungsstaette-rotenburg-a-d-fulda","status":"publish","type":"page","link":"https:\/\/www.lag-gedenken-in-hessen.de\/?page_id=420","title":{"rendered":"J\u00fcdisches Museum in der ehemaligen Rotenburger Mikwe &#8211; Erinnerungs- und Begegnungsst\u00e4tte Rotenburg a. d. Fulda"},"content":{"rendered":"<p><img loading=\"lazy\" decoding=\"async\" class=\"aligncenter size-medium wp-image-99\" src=\"https:\/\/www.lag-gedenken-in-hessen.de\/wp-content\/uploads\/haus-300x273.jpg\" alt=\"haus\" width=\"300\" height=\"273\" srcset=\"https:\/\/www.lag-gedenken-in-hessen.de\/wp-content\/uploads\/haus-300x273.jpg 300w, https:\/\/www.lag-gedenken-in-hessen.de\/wp-content\/uploads\/haus.jpg 500w\" sizes=\"auto, (max-width: 300px) 100vw, 300px\" \/><\/p>\n\n<table id=\"tablepress-25\" class=\"tablepress tablepress-id-25\">\n<tbody class=\"row-striping\">\n<tr class=\"row-1\">\n\t<td class=\"column-1\"><b>Kurzbeschreibung <\/b> <\/td><td class=\"column-2\">Das J\u00fcdische Museum in der ehemaligen Mikwe wurde am 10. September 2006 unter Beteiligung einer gro\u00dfen Zahl von Nachkommen ehemaliger j\u00fcdischer Familien feierlich eingeweiht. Die Restaurierung des Geb\u00e4udes erfolgte unter Federf\u00fchrung der Stadt, f\u00fcr die Gestaltung der Dauerausstellung zur lokalen und regionalen j\u00fcdischen Geschichte sorgte der F\u00f6rderkreis Ehemaliges J\u00fcdisches Ritualbad e. V., der die Einrichtung auch betreut. Ein Katalog wird zurzeit erarbeitet. Die Rotenburger Mikwe erhielt 2008 das Signet als besonders sch\u00fctzenswertes Kulturgut nach der Haager Konvention.<\/td>\n<\/tr>\n<tr class=\"row-2\">\n\t<td class=\"column-1\"><b>Tr\u00e4ger \/<br \/>\nInitiative<\/b><\/td><td class=\"column-2\">F\u00f6rderkreis Ehemaliges Ritualbad e. V. (in Verbindung mit der Stadt Rotenburg)<\/td>\n<\/tr>\n<tr class=\"row-3\">\n\t<td class=\"column-1\"><b>Information<\/b><\/td><td class=\"column-2\"><b>Die Mikwaot<\/b><br \/>\n<br \/>\nDort begegnen dem Besucher in dichter r\u00e4umlicher N\u00e4he zwei zeitlich weit auseinander liegende bauliche Situationen: <br \/>\n\u2022 ein Tauchbad f\u00fcr zugeleitetes Wasser aus dem Jahr 1835, das 1925 mit einem gefliesten Badebassin ausgestattet wurde <br \/>\n\u2022 ein Grundwasser-Tauchbecken eines j\u00fcdischen Ritualbades aus der Mitte des 17. Jahrhunderts in ca. 4 m Tiefe; dieses ist mit einem Schacht verbunden, der dem Kaschern diente, der rituellen Reinigung neuen Geschirrs und der Sch\u00e4chtmesser.<br \/>\n<br \/>\n<b>Namen ein Gesicht geben<\/b><br \/>\n<br \/>\nAuf der Treppe zum Obergeschoss passiert der Besucher eine Portr\u00e4tgalerie \u201eNamen ein Gesicht geben\u201c mit \u00fcber 200 ehemaligen j\u00fcdischen Bewohnern Rotenburgs. Eine Gedenktafel enth\u00e4lt 365 Namen von Opfern der Shoah aus der Region.<br \/>\n<br \/>\n<b>Dauerausstellung<\/b><br \/>\n<br \/>\nIn der Dauerausstellung im oberen Geschoss erinnern Objekte und Dokumente an 600 Jahre j\u00fcdischen Lebens in Rotenburg und Umgebung - unter dem Motto: \u201eWas \u00fcbrig blieb\u201c. <br \/>\n<br \/>\nDie Thorarolle aus der im November 1938 gesch\u00e4ndeten und verw\u00fcsteten Rotenburger Synagoge ist eines der markantesten Exponate, ebenso ist eine Estherrolle zu sehen und eine Mappa, Julius Blumenbaums Beschneidungstuch von 1901, das danach als Thorawickelband seine Verwendung fand..In einer der eigens f\u00fcr die Ausstellung konzipierten Vitrinen liegt der Judenstern von Ruth Katzenstein-G\u00fctzlaff, Tochter des ehemaligen Rotenburger Stadtrats Siegfried Katzenstein \u2013 daneben die Totenmaske ihres Onkels Prof. Moritz Katzenstein, des ber\u00fchmten Chirurgen und besten Freund Einsteins in den 1920er Jahren. <br \/>\n<br \/>\nSchicksale emigrierter, deportierter und ermordeter Juden aus dem osthessischen Raum sind \u00fcber ein Computerterminal zug\u00e4nglich, ebenso findet man dort Biographien von Pers\u00f6nlichkeiten, die in der Region gelebt und gewirkt haben oder hier aufgewachsen sind.<br \/>\n<br \/>\n<b>Topographie des Erinnerns<\/b><br \/>\n<br \/>\nZur Topographie des Erinnerns in Rotenburg z\u00e4hlt auch der J\u00fcdische Zentralfriedhof am Hausberg, ebenso die Judaica-Geschichtswerkstatt in der Jakob-Grimm-Schule und ein Stadtrundgang zu den St\u00e4tten fr\u00fcheren j\u00fcdischen Lebens. <br \/>\n<br \/>\n<b>Angebote<\/b><br \/>\n<br \/>\nZu den genannten Zielen\/Themen bietet der F\u00f6rderkreis F\u00fchrungen an, ebenso zu den St\u00e4tten j\u00fcdischen Lebens in Bad Hersfeld, Bebra und Alheim-Baumbach sowie zu den dortigen j\u00fcdischen Friedh\u00f6fen. F\u00fcr Rotenburg und Bad Hersfeld gibt es au\u00dferdem gef\u00fchrte Rundg\u00e4nge zu den 2010 und 2011 verlegten \u201eStolpersteinen\u201c.<\/td>\n<\/tr>\n<tr class=\"row-4\">\n\t<td class=\"column-1\"><b>Standort<\/b><\/td><td class=\"column-2\">J\u00fcdisches Museum in der ehemaligen Mikwe \u2013 Erinnerungs- und Begegnungsst\u00e4tte<br \/>\nBrauhausstra\u00dfe 2, 36199 Rotenburg an der Fulda <\/td>\n<\/tr>\n<tr class=\"row-5\">\n\t<td class=\"column-1\"><b>Internet<\/b><\/td><td class=\"column-2\">eigene Websites: <a href=\"http:\/\/www.mikwe.de\/\"target=\"_blank\"><b>www.mikwe.de<\/b><\/a> und <a href=\"http:\/\/www.hassia-judaica.de\"target=\"_blank\"><b>www.hassia-judaica.de<\/b><\/a><br \/>\nauf der Website der <a href=\"http:\/\/www.hlz.tu-darmstadt.de\/index.php?id=713\"target=\"_blank\"><b>HLZ<\/b><\/a><br \/>\nauf der Website <a href=\"http:\/\/www.alemannia-judaica.de\/rotenburg_fulda_synagoge.htm\"target=\"_blank\"><b>www.alemannia-judaica.de<\/b><\/b><\/td>\n<\/tr>\n<tr class=\"row-6\">\n\t<td class=\"column-1\"><b>Publikationen<\/b><br \/>\n(Auswahl)<\/td><td class=\"column-2\">\u2022 Nuhn, Heinrich: Der j\u00fcdische Friedhof in Rotenburg, in: Barbara H\u00e4ndler-Lachmann (Hrsg.): Kultur \u2013 Geschichte. Historische St\u00e4tten, Denkm\u00e4ler, vergessene Orte und Museen im Kreis Hersfeld-Rotenburg. Bad Hersfeld 1995, S. 240-243. <br \/>\n\u2022 Ders.: Jiskor - Gedenke. Beitr\u00e4ge zur Geschichte der Rotenburger Juden. 2. erw. Aufl. Rotenburg a. d. F. 1999. <br \/>\n\u2022 Ders.: Rotenburg in der Revolution 1848 \u2013 Schauplatz antij\u00fcdischer Exzesse. Multimedia-DVD (AG Spurensuche Jakob-Grimm-Schule). Rotenburg a. d. F. 1999. <br \/>\n\u2022 Ders.: Spuren j\u00fcdischen Lebens. Ein Rundgang durch Rotenburg a. d. Fulda. Haigerloch 2001. <br \/>\n\u2022 Ders.: Die Rotenburger Mikwe. Kulturdenkmal und Zeugnis der Vielfalt j\u00fcdischen Lebens (Hassia Judaica). Rotenburg a. d. F. 2006. <br \/>\n\u2022 Ders.: Spurenlos? 600 Jahre j\u00fcdisches Kleinstadt- und Landleben in (Wald-)Hessen. Lokale Spuren im Raum Bad Hersfeld \u2013 Rotenburg an der Fulda. Multimedia-DVD (AG Spurensuche Jakob-Grimm-Schule). Rotenburg a. d. F. 2008. <br \/>\n\u2022 Ders.: J\u00fcdisches Leben in Baumbach. Ein virtueller Rundgang. Multimedia-DVD (AG Spurensuche Jakob-Grimm-Schule) 2. Aufl. Rotenburg a. d. F. 2008 <br \/>\n\u2022 Ders.: Vor aller Augen in Bebra und Umgebung. Multimedia-DVD (Hassia Judaica). Rotenburg a. d. F. 2009. <br \/>\n\u2022 Ders: Stolpersteine f\u00fcr Rosa Hahn und 14 weitere Hersfelder Opfer des Holocaust (Gesellschaft f\u00fcr Christlich-J\u00fcdische Zusammenarbeit). Bad Hersfeld 2010. <br \/>\n\u2022 Ders: J\u00fcdische Sch\u00fcler der Hersfelder Alten Klosterschule 1809 bis 1937. Multimedia-DVD (Konrad-Duden-Schule). Bad Hersfeld 2010. <br \/>\n\u2022 Ders.: In Memoriam. 28 Hersfelder Opfer des Holocaust (Gesellschaft f\u00fcr Christlich-J\u00fcdische Zusammenarbeit). Bad Hersfeld 2011. <br \/>\n\u2022 Ders.: In Memoriam. 43 Rotenburger Opfer des Holocaust (Hassia Judaica). Rotenburg a. d. F. 2011. <br \/>\n\u2022 Ders.: Spurensuche und Erinnerungsarbeit vor Ort \u2013 das Beispiel Rotenburg an der Fulda, in: Andreas Hedwig, Reinhard Neebe u. Annegret Wenz-Haubfleisch (Hrsg.): Die Verfolgung der Juden w\u00e4hrend der NS-Zeit. Stand und Perspektiven der Dokumentation, der Vermittlung und der Erinnerung. Marburg 2011, S. 135-145. <\/td>\n<\/tr>\n<\/tbody>\n<\/table>\n<!-- #tablepress-25 from cache -->\n<div class='printomatic pom-default ' id='id2974' alt='Seitentext drucken' title='Seitentext drucken' data-print_target='article'><\/div>\n","protected":false},"excerpt":{"rendered":"","protected":false},"author":1,"featured_media":0,"parent":0,"menu_order":0,"comment_status":"open","ping_status":"open","template":"page-full-width.php","meta":{"footnotes":""},"class_list":["entry","page","publish","author-admin","post-420"],"_links":{"self":[{"href":"https:\/\/www.lag-gedenken-in-hessen.de\/index.php?rest_route=\/wp\/v2\/pages\/420","targetHints":{"allow":["GET"]}}],"collection":[{"href":"https:\/\/www.lag-gedenken-in-hessen.de\/index.php?rest_route=\/wp\/v2\/pages"}],"about":[{"href":"https:\/\/www.lag-gedenken-in-hessen.de\/index.php?rest_route=\/wp\/v2\/types\/page"}],"author":[{"embeddable":true,"href":"https:\/\/www.lag-gedenken-in-hessen.de\/index.php?rest_route=\/wp\/v2\/users\/1"}],"replies":[{"embeddable":true,"href":"https:\/\/www.lag-gedenken-in-hessen.de\/index.php?rest_route=%2Fwp%2Fv2%2Fcomments&post=420"}],"version-history":[{"count":7,"href":"https:\/\/www.lag-gedenken-in-hessen.de\/index.php?rest_route=\/wp\/v2\/pages\/420\/revisions"}],"predecessor-version":[{"id":1219,"href":"https:\/\/www.lag-gedenken-in-hessen.de\/index.php?rest_route=\/wp\/v2\/pages\/420\/revisions\/1219"}],"wp:attachment":[{"href":"https:\/\/www.lag-gedenken-in-hessen.de\/index.php?rest_route=%2Fwp%2Fv2%2Fmedia&parent=420"}],"curies":[{"name":"wp","href":"https:\/\/api.w.org\/{rel}","templated":true}]}}