{"id":433,"date":"2014-10-22T08:19:41","date_gmt":"2014-10-22T06:19:41","guid":{"rendered":"http:\/\/wordpress.gedenken-in-hessen.de\/?page_id=433"},"modified":"2019-09-20T22:59:22","modified_gmt":"2019-09-20T20:59:22","slug":"gedenkstaette-und-museum-trutzhain","status":"publish","type":"page","link":"https:\/\/www.lag-gedenken-in-hessen.de\/?page_id=433","title":{"rendered":"Gedenkst\u00e4tte und Museum Trutzhain"},"content":{"rendered":"<p><img loading=\"lazy\" decoding=\"async\" class=\"aligncenter size-full wp-image-137\" src=\"https:\/\/www.lag-gedenken-in-hessen.de\/wp-content\/uploads\/Trutzhain-Logo.jpg\" alt=\"Trutzhain Logo\" width=\"170\" height=\"29\" \/><\/p>\n\n<table id=\"tablepress-26\" class=\"tablepress tablepress-id-26\">\n<tbody class=\"row-striping\">\n<tr class=\"row-1\">\n\t<td class=\"column-1\"><b>Kurzbeschreibung <\/b> <\/td><td class=\"column-2\">Gedenkst\u00e4tte und Museum Trutzhain wurde 2003 als vierte zentrale NS- Gedenkst\u00e4tte in Hessen er\u00f6ffnet. In ihr wird insbesondere an das Schicksal der Kriegsgefangenen unter dem NS- Regime erinnert. Zur Gedenkst\u00e4tte geh\u00f6ren neben dem Museum der historische Ortskern mit der ehemaligen Lagerstra\u00dfe und den Baracken des Kriegsgefangenenlagers STALAG IX A Ziegenhain sowie zwei Friedh\u00f6fe (Kriegsgr\u00e4berst\u00e4tten). Bis heute ist die Struktur des Lagers erhalten und steht seit 1985 unter Denkmalschutz.<\/td>\n<\/tr>\n<tr class=\"row-2\">\n\t<td class=\"column-1\"><b>Tr\u00e4ger \/<br \/>\nInitiative<\/b><\/td><td class=\"column-2\">Magistrat der Stadt Schwalmstadt<br \/>\nGedenkst\u00e4tte und Museum Trutzhain <br \/>\nDie Arbeit der Gedenkst\u00e4tte Trutzhain wird gef\u00f6rdert durch die Hessische Landeszentrale f\u00fcr politische Bildung und den Schwalm-Eder-Kreis.<\/td>\n<\/tr>\n<tr class=\"row-3\">\n\t<td class=\"column-1\"><b>Information<\/b><\/td><td class=\"column-2\"><b>Dauerausstellung<\/b><br \/>\n<br \/>\nDie Dauerausstellung befindet sich in einer Wachbaracke des ehemaligen Kriegsgefangenen-Mannschafts-Stammlagers STALAG IX A Ziegenhain. Die Ausstellung dokumentiert den Zeitraum von der Entstehung des Kriegsgefangenenlagers 1939 auf einer bis dahin als Kreisjungviehweide genutzten Fl\u00e4che bis zur Gr\u00fcndung der Gemeinde Trutzhain 1951. <br \/>\n<br \/>\nDer Schwerpunkt der Pr\u00e4sentation liegt auf der Zeit des STALAG. Das zwischen 1939 und 1945 bestehende Lager war mit zeitweilig mehr als 10.000 Insassen und \u00fcber 43.000 registrierten Kriegsgefangenen in externen Arbeitskommandos das gr\u00f6\u00dfte auf dem Gebiet des heutigen Bundeslandes Hessen. Unter den verschiedenen Nationalit\u00e4ten (wie Polen, Belgier, Holl\u00e4nder, Engl\u00e4nder, Jugoslawen\/ Serben, Italiener, US-Amerikaner) befanden sich \u00fcberwiegend Franzosen, darunter der sp\u00e4tere franz\u00f6sische Staatspr\u00e4sident Fran\u00e7ois Mitterand. <br \/>\n<br \/>\nDie seit Herbst 1941 eintreffenden sowjetischen Kriegsgefangenen wurden in einem gesondert durch Stacheldraht vom Gesamtlager abgetrennten Teil dem so genannten \u201eRussenlager\u201c unter menschenunw\u00fcrdigen Bedingungen untergebracht. Viele von ihnen starben. <br \/>\n<br \/>\nDie unterschiedliche, zumeist v\u00f6lkerrechtswidrige Behandlung der einzelnen Gefangenengruppen und deren Einsatz zur Zwangsarbeit sind zentrales Thema der Gedenkst\u00e4tte. <br \/>\n<br \/>\nDer andere Teil der Ausstellung zeigt die Nachkriegsnutzungen des Areals zun\u00e4chst als Civil Internment Camp 95 der US-Armee zur Internierung von Mitgliedern der Waffen-SS, SS, SA, NSDAP und der Wehrmacht. Zwischen 1946 und 1947, fanden j\u00fcdische DPs (Displaced Persons), \u00dcberlebende des Holocaust, eine zeitweilige Unterkunft in den Baracken. Die amerikanische Milit\u00e4rregierung richtete hier das DP-camp 95-443 ein. F\u00fcr etwa 2000 polnische Juden war das Lager Durchgangsstation auf ihrem Weg nach Pal\u00e4stina, in die USA oder ein anderes Land. <br \/>\n<br \/>\nDurch die ab Fr\u00fchjahr 1948 in den Baracken einquartierten Heimatvertriebenen und Ostfl\u00fcchtlinge kam es 1951 schlie\u00dflich zur Gr\u00fcndung der Gemeinde Trutzhain. <br \/>\n<br \/>\nNeben der p\u00e4dagogischen Vermittlung und der historischen Forschung kommt der Gedenkst\u00e4tte und Museum Trutzhain bei der Schicksalskl\u00e4rung der Opfer eine Schl\u00fcsselrolle zu. <br \/>\n<br \/>\n<br \/>\n<b>Angebote<\/b><br \/>\n<br \/>\n\u2022 F\u00fchrung durch die Dauerausstellung, den historischen Ortskern und zu den Friedh\u00f6fen u. a. zu den Themen: <br \/>\nVom STALAG IX A Ziegenhain zur Gemeinde Trutzhain <br \/>\nTrutzhain - Ein Dorf wie jedes andere? <br \/>\nErinnert und vergessen - der schwierige Umgang mit der Vergangenheit <br \/>\n\u2022 \u00d6ffentliche Gel\u00e4ndef\u00fchrung an jedem 2. Samstag im Monat <br \/>\n\u2022 Spezielle Angebote f\u00fcr Schulklassen und Jugendgruppen nach Absprache (f\u00fcr die historisch-politische Bildungsarbeit stehen Erinnerungsberichte von ehemaligen Kriegsgefangenen, Filme mit Zeitzeugeninterviews aus unterschiedlichen Lagerphasen, Dokumente und p\u00e4dagogische Materialien zur Verf\u00fcgung) <br \/>\n\u2022 Studien- und Projekttage zu verschiedenen Themenbereichen <br \/>\n\u2022 Lehrerfortbildungen<br \/>\n\u2022 Abendveranstaltungen: wissenschaftliche Vortr\u00e4ge, Lesungen, Zeitzeugengespr\u00e4che etc. <br \/>\n\u2022 Sonderausstellungen<\/td>\n<\/tr>\n<tr class=\"row-4\">\n\t<td class=\"column-1\"><b>Standort<\/b><\/td><td class=\"column-2\">Gedenkst\u00e4tte und Museum Trutzhain, Seilerweg 1, 34613 Schwalmstadt-Trutzhain <\/td>\n<\/tr>\n<tr class=\"row-5\">\n\t<td class=\"column-1\"><b>Internet<\/b><\/td><td class=\"column-2\">eigene Website: <a href=\"http:\/\/www.gedenkstaette-trutzhain.de\"target=\"_blank\"><b>www.gedenkstaette-trutzhain.de<\/b><\/a><br \/>\nauf der Website der <a href=\"http:\/\/www.hlz.tu-darmstadt.de\/index.php?id=103\"target=\"_blank\"><b>HLZ<\/b><\/a><\/td>\n<\/tr>\n<tr class=\"row-6\">\n\t<td class=\"column-1\"><b>Publikationen<br \/>\nund Filme <\/b><br \/>\n(Auswahl)<\/td><td class=\"column-2\">\u2022 Brandes, Karin \/ Gerstmann, Hans: Gedenkst\u00e4tte und Museum Trutzhain. Vom Stalag IX A Ziegenhain zur Gemeinde Trutzhain. Begleitheft zur Ausstellung 18. Mai bis 4. Juni 2000, Schwalmstadt 2003. <br \/>\n\u2022 Burger, Waltraud: Zwischen Schicksalskl\u00e4rung und Einbeziehung der Erlebnisgeneration \u2013 die Arbeit der Gedenkst\u00e4tte Trutzhain. In: Zwangsarbeit w\u00e4hrend der NS-Zeit. Nachweisbeschaffung, historische Forschung und Auseinandersetzung mit der Vergangenheit in Hessen. Hg. Andreas Hedwig , Marburg 2005, S. 75-82. <br \/>\n\u2022 \"Die Behandlung war eines zivilisierten Volkes nicht w\u00fcrdig\". Zeitzeugen erinnern sich an ihre Kriegsgefangenschaft im STALAG IX A Ziegenhain, zusammengestellt und kommentiert von Bert Beckmann, Schwalmstadt 2010. <br \/>\n\u2022 Gedenkst\u00e4tte und Museum Trutzhain: Die Dauerausstellung. Texte: Waltraud Burger, Schwalmstadt 2. Aufl. 2012. (Auch erh\u00e4ltlich in englischer, franz\u00f6sischer, polnischer, italienischer und russischer Sprache). <br \/>\n\u2022 Gedenkst\u00e4tte und Museum Trutzhain: Rundgang. (Brosch\u00fcre mit Erl\u00e4uterungen zu 25 Stationen des historischen Lagerrundgangs, 31 S.; Bearb.: Waltraud Burger) und Gel\u00e4nde\u00fcbersicht, Schwalmstadt (2006). <br \/>\n\u2022 Gerstmann, Hans: Trutzhain \u2013 ein Resultat j\u00fcngster deutscher Geschichte. In: Schw\u00e4lmer Jahrbuch, 2001, hrsg. v. Schw\u00e4lmer Heimatbund e.V., S. 136 \u2013 149. <br \/>\n\u2022 Grzimek, Martin: Trutzhain. Ein Dorf. Frankfurt 1986. <br \/>\n\u2022 Gusew, Iwan: Tagebuch 25.10.1944 bis 25. M\u00e4rz 1945, Redaktion: Waltraud Burger und Lukas Grede, Schwalmstadt 3. Aufl. 2010. <br \/>\n\u2022 Raskop, Martina: \u201eIm Fremden ungewollt zuhaus\u201c \u2013 Neue Heimat in Hessen und Trutzhain. Begleitband zur Ausstellung. Hg. Gedenkst\u00e4tte und Museum Trutzhain, Schwalmstadt 2011. <br \/>\n\u2022 Trutzhain. Chronik 1951-2001. Hg. Magistrat der Stadt Schwalmstadt, Schwalmstadt 2001. <br \/>\n<br \/>\n<b>Filme <\/b><br \/>\n\u2022 \u201eTrutzhain \u2013 Erinnerungen an ein Kriegsgefangenenlager\u201c (35 Min., Kurzfassung 20 Min.). <br \/>\n\u2022 \u201eErinnert und vergessen\u201c (45 Min.). <br \/>\n\u2022 \u201eKriegsbeute Arbeit. Einsatz der Kriegsgefangenen in Hessen\u201c (35 Min.). <br \/>\n\u2022 Zeitzeugeninterview mit Lea Waks (20 Min.).<\/td>\n<\/tr>\n<\/tbody>\n<\/table>\n<!-- #tablepress-26 from cache -->\n<div class='printomatic pom-default ' id='id9774' alt='Seitentext drucken' title='Seitentext drucken' data-print_target='article'><\/div>\n","protected":false},"excerpt":{"rendered":"","protected":false},"author":1,"featured_media":0,"parent":0,"menu_order":0,"comment_status":"open","ping_status":"open","template":"page-full-width.php","meta":{"footnotes":""},"class_list":["entry","page","publish","author-admin","post-433"],"_links":{"self":[{"href":"https:\/\/www.lag-gedenken-in-hessen.de\/index.php?rest_route=\/wp\/v2\/pages\/433","targetHints":{"allow":["GET"]}}],"collection":[{"href":"https:\/\/www.lag-gedenken-in-hessen.de\/index.php?rest_route=\/wp\/v2\/pages"}],"about":[{"href":"https:\/\/www.lag-gedenken-in-hessen.de\/index.php?rest_route=\/wp\/v2\/types\/page"}],"author":[{"embeddable":true,"href":"https:\/\/www.lag-gedenken-in-hessen.de\/index.php?rest_route=\/wp\/v2\/users\/1"}],"replies":[{"embeddable":true,"href":"https:\/\/www.lag-gedenken-in-hessen.de\/index.php?rest_route=%2Fwp%2Fv2%2Fcomments&post=433"}],"version-history":[{"count":5,"href":"https:\/\/www.lag-gedenken-in-hessen.de\/index.php?rest_route=\/wp\/v2\/pages\/433\/revisions"}],"predecessor-version":[{"id":1236,"href":"https:\/\/www.lag-gedenken-in-hessen.de\/index.php?rest_route=\/wp\/v2\/pages\/433\/revisions\/1236"}],"wp:attachment":[{"href":"https:\/\/www.lag-gedenken-in-hessen.de\/index.php?rest_route=%2Fwp%2Fv2%2Fmedia&parent=433"}],"curies":[{"name":"wp","href":"https:\/\/api.w.org\/{rel}","templated":true}]}}