{"id":443,"date":"2014-10-22T08:26:54","date_gmt":"2014-10-22T06:26:54","guid":{"rendered":"http:\/\/wordpress.gedenken-in-hessen.de\/?page_id=443"},"modified":"2019-09-20T22:57:48","modified_gmt":"2019-09-20T20:57:48","slug":"gedenkstaette-breitenau","status":"publish","type":"page","link":"https:\/\/www.lag-gedenken-in-hessen.de\/?page_id=443","title":{"rendered":"Gedenkst\u00e4tte Breitenau"},"content":{"rendered":"<p><img loading=\"lazy\" decoding=\"async\" class=\"aligncenter size-full wp-image-107\" src=\"https:\/\/www.lag-gedenken-in-hessen.de\/wp-content\/uploads\/LogoBreitenau.jpg\" alt=\"LogoBreitenau\" width=\"170\" height=\"53\" \/><\/p>\n\n<table id=\"tablepress-27\" class=\"tablepress tablepress-id-27\">\n<tbody class=\"row-striping\">\n<tr class=\"row-1\">\n\t<td class=\"column-1\"><b>Tr\u00e4ger \/<br \/>\nInitiative<\/b><\/td><td class=\"column-2\">Verein zur F\u00f6rderung der Gedenkst\u00e4tte und des Archivs Breitenau e.V.<\/td>\n<\/tr>\n<tr class=\"row-2\">\n\t<td class=\"column-1\"><b>Standort<\/b><\/td><td class=\"column-2\">Gedenkst\u00e4tte Breitenau, Br\u00fcckenstra\u00dfe 12, 34302 Guxhagen<\/td>\n<\/tr>\n<tr class=\"row-3\">\n\t<td class=\"column-1\"><b>Internet<\/b><\/td><td class=\"column-2\"><a href=\"http:\/\/www.gedenkstaette-breitenau.de\"target=\"_blank\"><b>www.gedenkstaette-breitenau.de<\/b><\/a><br \/>\nauf der Website der <a href=\"http:\/\/www.hlz.tu-darmstadt.de\/index.php?id=108\"target=\"_blank\"><b>HLZ<\/b><\/a><\/td>\n<\/tr>\n<tr class=\"row-4\">\n\t<td class=\"column-1\"><b>Publikationen<\/b><br \/>\n(Auswahl)<\/td><td class=\"column-2\">\u2022 Borstel, Stephan von; Krause-Vilmar, Dietfrid: breitenau 1933 \u2013 1945. bilder, texte, dokumente \u2013 images, texts, documents. Kassel 2008 (kassel university press). Es handelt sich um einen erweiterten Ausstellungskatalog in deutscher und englischer Sprache. <br \/>\n\u2022 Krause-Vilmar, Dietfrid: Das Konzentrationslager Breitenau. Ein staatliches Schutzhaftlager 1933\/ 34. Hrsg.: Fachbereich Erziehungswissenschaft \/ Humanwissenschaften der Universit\u00e4t Gesamthochschule Kassel. 2. durchges. Auflage, Marburg 2000 (Nationalsozialismus in Nordhessen \u2013 Schriften zur regionalen Zeitgeschichte, H. 18). <br \/>\n\u2022 Richter, Gunnar (Hrsg.): Breitenau. Zur Geschichte eines nationalsozialistischen Konzentrations- und Arbeitserziehungslagers. Kassel 1993. <br \/>\n\u2022 Richter, Gunnar (Red.): Die Gedenkst\u00e4tte Breitenau in Guxhagen bei Kassel. Ein Leseheft. 2. \u00fcberarb. u. erg. Aufl. Kassel (Selbstverlag) 2002 (zum Preis von 1,50 \u20ac zzgl. Porto \u00fcber die Gedenkst\u00e4tte zu bestellen). <br \/>\n\u2022 Richter, Gunnar: Das Arbeitserziehungslager Breitenau (1940-1945). Ein Beitrag zum nationalsozialistischen Lagersystem. Straflager, Haftst\u00e4tte und KZ-Durchgangslager der Gestapostelle Kassel f\u00fcr Gefangene aus Hessen und Th\u00fcringen. Hrsg.: Fachbereich Erziehungswissenschaft \/ Humanwissenschaften der Universit\u00e4t Kassel. Kassel 2009 (Nationalsozialismus in Nordhessen \u2013 Schriften zur regionalen Zeitgeschichte, Bd. 22). <br \/>\n<br \/>\nErg\u00e4nzende Informationen zur Nutzung Breitenaus \u00fcber die NS-Lagerzeit hinaus bietet: <br \/>\n\u2022 Aya\u00df, Wolfgang: Das Arbeitshaus Breitenau. Bettler, Landstreicher, Prostituierte, Zuh\u00e4lter und F\u00fcrsorgeempf\u00e4nger in der Korrektions- und Landarmenanstalt Breitenau (1874 \u2013 1949). Hrsg.: Gesamthochschule Kassel, Fachbereich 1 und Verein f\u00fcr hessische Geschichte und Landeskunde. Kassel 1992 (Nationalsozialismus in Nordhessen \u2013 Schriften zur regionalen Zeitgeschichte, H. 14 und Hessische Forschungen zur geschichtlichen Landes- und Volkskunde, H. 23). <\/td>\n<\/tr>\n<\/tbody>\n<\/table>\n\n<div class='printomatic pom-default ' id='id9645' alt='Seitentext drucken' title='Seitentext drucken' data-print_target='article'><\/div>\n","protected":false},"excerpt":{"rendered":"","protected":false},"author":1,"featured_media":0,"parent":0,"menu_order":0,"comment_status":"open","ping_status":"open","template":"page-full-width.php","meta":{"footnotes":""},"class_list":["entry","page","publish","author-admin","post-443"],"_links":{"self":[{"href":"https:\/\/www.lag-gedenken-in-hessen.de\/index.php?rest_route=\/wp\/v2\/pages\/443","targetHints":{"allow":["GET"]}}],"collection":[{"href":"https:\/\/www.lag-gedenken-in-hessen.de\/index.php?rest_route=\/wp\/v2\/pages"}],"about":[{"href":"https:\/\/www.lag-gedenken-in-hessen.de\/index.php?rest_route=\/wp\/v2\/types\/page"}],"author":[{"embeddable":true,"href":"https:\/\/www.lag-gedenken-in-hessen.de\/index.php?rest_route=\/wp\/v2\/users\/1"}],"replies":[{"embeddable":true,"href":"https:\/\/www.lag-gedenken-in-hessen.de\/index.php?rest_route=%2Fwp%2Fv2%2Fcomments&post=443"}],"version-history":[{"count":6,"href":"https:\/\/www.lag-gedenken-in-hessen.de\/index.php?rest_route=\/wp\/v2\/pages\/443\/revisions"}],"predecessor-version":[{"id":1234,"href":"https:\/\/www.lag-gedenken-in-hessen.de\/index.php?rest_route=\/wp\/v2\/pages\/443\/revisions\/1234"}],"wp:attachment":[{"href":"https:\/\/www.lag-gedenken-in-hessen.de\/index.php?rest_route=%2Fwp%2Fv2%2Fmedia&parent=443"}],"curies":[{"name":"wp","href":"https:\/\/api.w.org\/{rel}","templated":true}]}}