{"id":529,"date":"2014-10-27T08:07:23","date_gmt":"2014-10-27T06:07:23","guid":{"rendered":"http:\/\/wordpress.gedenken-in-hessen.de\/?page_id=529"},"modified":"2019-09-20T23:13:36","modified_gmt":"2019-09-20T21:13:36","slug":"projekt-juedisches-leben-in-frankfurt-spurensuche-begegnung-erinnerung-e-v","status":"publish","type":"page","link":"https:\/\/www.lag-gedenken-in-hessen.de\/?page_id=529","title":{"rendered":"Projekt j\u00fcdisches Leben in Frankfurt &#8211; Spurensuche, Begegnung, Erinnerung e. V."},"content":{"rendered":"<p><img loading=\"lazy\" decoding=\"async\" class=\"aligncenter size-medium wp-image-525\" src=\"https:\/\/www.lag-gedenken-in-hessen.de\/wp-content\/uploads\/J\u00fcdisches-Leben-Logo-300x112.jpg\" alt=\"J\u00fcdisches Leben Logo\" width=\"300\" height=\"112\" srcset=\"https:\/\/www.lag-gedenken-in-hessen.de\/wp-content\/uploads\/J\u00fcdisches-Leben-Logo-300x112.jpg 300w, https:\/\/www.lag-gedenken-in-hessen.de\/wp-content\/uploads\/J\u00fcdisches-Leben-Logo.jpg 340w\" sizes=\"auto, (max-width: 300px) 100vw, 300px\" \/><\/p>\n\n<table id=\"tablepress-34\" class=\"tablepress tablepress-id-34\">\n<tbody class=\"row-striping\">\n<tr class=\"row-1\">\n\t<td class=\"column-1\"><b>Tr\u00e4ger \/<br \/>\nInitiative<\/b><\/td><td class=\"column-2\">Projekt j\u00fcdisches Leben in Frankfurt<br \/>\nSpurensuche, Begegnung, Erinnerung e. V.<\/td>\n<\/tr>\n<tr class=\"row-2\">\n\t<td class=\"column-1\"><b>Information<\/b><\/td><td class=\"column-2\">Die Erinnerung an das fr\u00fchere j\u00fcdische Leben in Frankfurt und die Auseinandersetzung mit j\u00fcdischem Leben heute stehen im Mittelpunkt der Arbeit des Projektes J\u00fcdisches Leben in Frankfurt.<br \/>\n<br \/>\nDie Projektgruppe forscht \u00fcber die Schicksale ehemaliger Frankfurterinnen und Frankfurter j\u00fcdischer Herkunft, organisiert Zeitzeugengespr\u00e4che in Schulen und hat ein methodisches Konzept f\u00fcr die Vor-und Nachbereitung solcher Begegnungen entwickelt. <br \/>\n<br \/>\nSeit 1984 beteiligt sich die Projektgruppe an dem j\u00e4hrlichen Besuchsprogramm der Stadt f\u00fcr ehemalige Frankfurterinnen und Frankfurter j\u00fcdischer Herkunft. 2012 wurde das Programm auch f\u00fcr die Angeh\u00f6rigen der Zweiten Generation ge\u00f6ffnet. Die Mitglieder des Projektes unterst\u00fctzen in Zusammenarbeit mit verschiedenen Archiven und lokalen Initiativen die G\u00e4ste bei der Spurensuche, stellen Kontakte zu Orten, die mit der Geschichte der Familie verbunden sind, her und begleiten die Besucher. Die Begegnungen werden dokumentiert, die Ergebnisse archiviert und ver\u00f6ffentlicht.<\/td>\n<\/tr>\n<tr class=\"row-3\">\n\t<td class=\"column-1\"><b>Internet<\/b><\/td><td class=\"column-2\">eigene Homepage: <a href=\"http:\/\/www.juedisches-leben-frankurt.de\/home\/\"target=\"_blank\"><b>www.juedisches-leben-frankfurt.de<\/b><\/a><\/td>\n<\/tr>\n<\/tbody>\n<\/table>\n<!-- #tablepress-34 from cache -->\n<div class='printomatic pom-default ' id='id1680' alt='Seitentext drucken' title='Seitentext drucken' data-print_target='article'><\/div>\n","protected":false},"excerpt":{"rendered":"","protected":false},"author":1,"featured_media":0,"parent":0,"menu_order":0,"comment_status":"open","ping_status":"open","template":"page-full-width.php","meta":{"footnotes":""},"class_list":["entry","page","publish","author-admin","post-529"],"_links":{"self":[{"href":"https:\/\/www.lag-gedenken-in-hessen.de\/index.php?rest_route=\/wp\/v2\/pages\/529","targetHints":{"allow":["GET"]}}],"collection":[{"href":"https:\/\/www.lag-gedenken-in-hessen.de\/index.php?rest_route=\/wp\/v2\/pages"}],"about":[{"href":"https:\/\/www.lag-gedenken-in-hessen.de\/index.php?rest_route=\/wp\/v2\/types\/page"}],"author":[{"embeddable":true,"href":"https:\/\/www.lag-gedenken-in-hessen.de\/index.php?rest_route=\/wp\/v2\/users\/1"}],"replies":[{"embeddable":true,"href":"https:\/\/www.lag-gedenken-in-hessen.de\/index.php?rest_route=%2Fwp%2Fv2%2Fcomments&post=529"}],"version-history":[{"count":3,"href":"https:\/\/www.lag-gedenken-in-hessen.de\/index.php?rest_route=\/wp\/v2\/pages\/529\/revisions"}],"predecessor-version":[{"id":1244,"href":"https:\/\/www.lag-gedenken-in-hessen.de\/index.php?rest_route=\/wp\/v2\/pages\/529\/revisions\/1244"}],"wp:attachment":[{"href":"https:\/\/www.lag-gedenken-in-hessen.de\/index.php?rest_route=%2Fwp%2Fv2%2Fmedia&parent=529"}],"curies":[{"name":"wp","href":"https:\/\/api.w.org\/{rel}","templated":true}]}}