{"id":610,"date":"2014-12-10T13:11:47","date_gmt":"2014-12-10T11:11:47","guid":{"rendered":"https:\/\/www.lag-gedenken-in-hessen.de\/?page_id=610"},"modified":"2022-09-24T20:49:45","modified_gmt":"2022-09-24T18:49:45","slug":"wetzlar-erinnert-e-v","status":"publish","type":"page","link":"https:\/\/www.lag-gedenken-in-hessen.de\/?page_id=610","title":{"rendered":"Wetzlar erinnert e. V."},"content":{"rendered":"<p><img loading=\"lazy\" decoding=\"async\" class=\"aligncenter wp-image-1512 size-full\" src=\"https:\/\/www.lag-gedenken-in-hessen.de\/wp-content\/uploads\/Logo-WZ-erinnert-eV-LAG-Hessen-1280.jpg\" alt=\"Wetzlar Erinnert Collage\" width=\"1280\" height=\"587\" srcset=\"https:\/\/www.lag-gedenken-in-hessen.de\/wp-content\/uploads\/Logo-WZ-erinnert-eV-LAG-Hessen-1280.jpg 1280w, https:\/\/www.lag-gedenken-in-hessen.de\/wp-content\/uploads\/Logo-WZ-erinnert-eV-LAG-Hessen-1280-300x138.jpg 300w, https:\/\/www.lag-gedenken-in-hessen.de\/wp-content\/uploads\/Logo-WZ-erinnert-eV-LAG-Hessen-1280-1024x470.jpg 1024w, https:\/\/www.lag-gedenken-in-hessen.de\/wp-content\/uploads\/Logo-WZ-erinnert-eV-LAG-Hessen-1280-768x352.jpg 768w\" sizes=\"auto, (max-width: 1280px) 100vw, 1280px\" \/><\/p>\n\n<table id=\"tablepress-35\" class=\"tablepress tablepress-id-35\">\n<tbody class=\"row-striping\">\n<tr class=\"row-1\">\n\t<td class=\"column-1\"><b>Kurzbeschreibung<\/b><\/td><td class=\"column-2\">Wetzlar erinnert e.V.<br \/>\n<br \/>\nZiel des Vereins ist es lebendige Erinnerungsarbeit zur NS-Zeit zu leisten, die gerade auch jungen Menschen Zug\u00e4nge zur kritischen Auseinandersetzung mit der NS-Vergangenheit erm\u00f6glicht.<br \/>\n<br \/>\nSeit 2012 thematisiert der \u00bbWeg der Erinnerung\u00ab die Zeit von 1933-1945 und f\u00fchrt zu den Orten, an denen die faschistischen T\u00e4ter ihren Terror vorbereitet und ausgef\u00fchrt haben. Er beschreibt aber auch das Schicksal der Opfer und erzeugt Empathie mit den Betroffenen. Es wird gezeigt, wie die Nazis ihre Gewaltherrschaft auf alle Lebensbereiche derer, die nicht in ihr ideologisches Weltbild passten, ausgeweitet haben und wie diese systematisch ihrer Lebensgrundlagen beraubt, verhaftet, deportiert und vernichtet wurden. <br \/>\nEs werden auch die Orte und Namen aufgezeigt, die f\u00fcr Widerstand und Menschlichkeit stehen. Mittlerweile 3000 Menschen haben sich an diesem F\u00fchrungsangebot beteiligt.<br \/>\n<br \/>\nAu\u00dferdem erforscht der Verein das regionale Ausma\u00df der NS-Zwangsarbeit mit dem Ziel, die Ergebnisse in einer zeitgem\u00e4\u00dfen Ausstellung zu dokumentieren. Seit 2018 wurden 15 von insgesamt 25 geplanten Tafeln Ereignisse der NS-Zeit an \u00f6ffentlich zugehbaren Orten aufgestellt. Die 900 x 700 mm gro\u00dfen Tafeln aus dem Material heutiger Stra\u00dfenschilder sollen den vorbeigehenden Passanten sagen: \u00bbHallo, hier war mal was, dass Du wissen solltest\u00ab. QR-Codes auf den Tafeln f\u00fchren zu Hintergrundinformationsseiten im Internet.<br \/>\n<\/td>\n<\/tr>\n<tr class=\"row-2\">\n\t<td class=\"column-1\"><b>Tr\u00e4ger\/Initiative<\/b><\/td><td class=\"column-2\">Verein \u00bbWETZLAR ERINNERT\u00ab e.V.<\/td>\n<\/tr>\n<tr class=\"row-3\">\n\t<td class=\"column-1\"><b>Standort<\/b><\/td><td class=\"column-2\">Verein \u00bbWETZLAR ERINNERT\u00ab e.V.<br \/>\nHelgebachstra\u00dfe 32<br \/>\nD 35578 Wetzlar<\/td>\n<\/tr>\n<tr class=\"row-4\">\n\t<td class=\"column-1\"><b>Internet<\/b><\/td><td class=\"column-2\">Eigene Homepage: <a href=\"http:\/\/www.wetzlar-erinnert.de\/\"><b>www.wetzlar-erinnert.de<\/b><\/a><\/td>\n<\/tr>\n<tr class=\"row-5\">\n\t<td class=\"column-1\"><b>Mailadresse<\/b><\/td><td class=\"column-2\"><a href=\"mailto:info@wetzlar-erinnert.de\"><b>info@wetzlar-erinnert.de<\/b><\/a><\/td>\n<\/tr>\n<\/tbody>\n<\/table>\n<!-- #tablepress-35 from cache -->\n<div class='printomatic pom-default ' id='id3261' alt='Seitentext drucken' title='Seitentext drucken' data-print_target='article'><\/div>\n","protected":false},"excerpt":{"rendered":"","protected":false},"author":1,"featured_media":0,"parent":0,"menu_order":0,"comment_status":"open","ping_status":"open","template":"page-full-width.php","meta":{"footnotes":""},"class_list":["entry","page","publish","author-admin","post-610"],"_links":{"self":[{"href":"https:\/\/www.lag-gedenken-in-hessen.de\/index.php?rest_route=\/wp\/v2\/pages\/610","targetHints":{"allow":["GET"]}}],"collection":[{"href":"https:\/\/www.lag-gedenken-in-hessen.de\/index.php?rest_route=\/wp\/v2\/pages"}],"about":[{"href":"https:\/\/www.lag-gedenken-in-hessen.de\/index.php?rest_route=\/wp\/v2\/types\/page"}],"author":[{"embeddable":true,"href":"https:\/\/www.lag-gedenken-in-hessen.de\/index.php?rest_route=\/wp\/v2\/users\/1"}],"replies":[{"embeddable":true,"href":"https:\/\/www.lag-gedenken-in-hessen.de\/index.php?rest_route=%2Fwp%2Fv2%2Fcomments&post=610"}],"version-history":[{"count":5,"href":"https:\/\/www.lag-gedenken-in-hessen.de\/index.php?rest_route=\/wp\/v2\/pages\/610\/revisions"}],"predecessor-version":[{"id":1513,"href":"https:\/\/www.lag-gedenken-in-hessen.de\/index.php?rest_route=\/wp\/v2\/pages\/610\/revisions\/1513"}],"wp:attachment":[{"href":"https:\/\/www.lag-gedenken-in-hessen.de\/index.php?rest_route=%2Fwp%2Fv2%2Fmedia&parent=610"}],"curies":[{"name":"wp","href":"https:\/\/api.w.org\/{rel}","templated":true}]}}