{"id":782,"date":"2015-10-02T10:29:57","date_gmt":"2015-10-02T08:29:57","guid":{"rendered":"https:\/\/www.lag-gedenken-in-hessen.de\/?page_id=782"},"modified":"2017-11-23T15:21:20","modified_gmt":"2017-11-23T13:21:20","slug":"presse","status":"publish","type":"page","link":"https:\/\/www.lag-gedenken-in-hessen.de\/?page_id=782","title":{"rendered":"Presse"},"content":{"rendered":"<hr \/>\n<h3>KZ-Gedenkst\u00e4tten bef\u00fcrchten schweren Schaden f\u00fcr die Erinnerungskultur<\/h3>\n<p>Vor dem Hintergrund von Meldungen zur Frage eines m\u00f6glichen AfD-Vorsitzes im Kulturaus\u00adschuss unterst\u00fctzt die Arbeitsgemeinschaft der KZ-Gedenkst\u00e4tten, in der die Leiterinnen und Leiter der vom Bund institutionell gef\u00f6rderten Gedenkst\u00e4tten Bergen-Belsen, Buchenwald, Dachau, Flossenb\u00fcrg, Mittelbau-Dora, Neuengamme, Ravensbr\u00fcck und Sachsenhausen zu\u00adsammengeschlossen sind, die partei\u00fcbergreifende Initiative von Kulturschaffenden, die sich mit einem \u201eOffenen Brief- F\u00fcr Freiheit und Vielfalt in Kunst und Kultur!&#8220; an den \u00c4ltestenrat des Bundestages gewandt haben <a href=\"http:\/\/www.kulturausschuss-schuetzen.de\/\">(www.kulturausschuss-schuetzen.de)<\/a><\/p>\n<p>Die Arbeitsgemeinschaft der KZ-Gedenkst\u00e4tten teilt die Sorge, dass bei \u00dcbernahme des Vor\u00adsitzes im Ausschuss f\u00fcr Kultur und Medien durch einen Vertreter der AfD-Fraktion im In- und Ausland betr\u00e4chtlicher Schaden f\u00fcr die in einem langen Prozess der gesellschaftlichen Ver\u00adst\u00e4ndigung entwickelte bundesdeutsche Erinnerungskultur droht. Die Erinnerung an die na\u00adtionalsozialistischen Verbrechen ist ein unverzichtbarer Bestandteil des demokratischen Selbstverst\u00e4ndnisses der Bundesrepublik Deutschland. Sie wird von ma\u00dfgeblichen Funkti\u00adonstr\u00e4gern der AfD infrage gestellt. Es darf nicht zugelassen werden, dass die parlamentari\u00adsche Stimme bundesdeutscher Kulturpolitik in den H\u00e4nden jener liegt, die eine \u201eerinne\u00adrungspolitische Wende um 180 Grad&#8220; fordern, sich zum Stolz auf \u201edie Leistungen deutscher Soldaten in zwei Weltkriegen&#8220; bekennen und erkl\u00e4ren, dass man den Deutschen \u201ediese zw\u00f6lf Jahre nicht mehr Vorhalten&#8220; m\u00fcsse.<\/p>\n<p>Die Arbeitsgemeinschaft der KZ-Gedenkst\u00e4tten fordert deshalb die Fraktionen im Deutschen Bundestag, die sich der Freiheit der Kultur und dem Gedenken an die Opfer des NS-Regimes verpflichtet wissen, dazu auf, durch die Geltendmachung ihrer Zugriffsrechte die \u00dcbernahme des Ausschussvorsitzes durch die AfD-Fraktion zu verhindern.<\/p>\n<p>Berlin, den 29. September 2017<\/p>\n<p>Arbeitsgemeinschaft der KZ-Gedenkst\u00e4tten in der Bundesrepublik Deutschland<\/p>\n<p>Dr. Insa Eschebach, Leiterin der Gedenkst\u00e4tte Ravensbr\u00fcck<\/p>\n<p>Dr. Detlef Garbe, Direktor der KZ-Gedenkst\u00e4tte Neuengamme<\/p>\n<p>Dr. Gabriele Hammermann, Leiterin der KZ-Gedenkst\u00e4tte Dachau<\/p>\n<p>Dr. Stefan H\u00f6rdler, Leiter der KZ-Gedenkst\u00e4tte Mittelbau-Dora<\/p>\n<p>Prof. Dr. G\u00fcnter Morsch, Direktor der Stiftung Brandenburgische Gedenkst\u00e4tten und Leiter der Ge\u00addenkst\u00e4tte und Museum Sachsenhausen<\/p>\n<p>Prof. Dr. Volkhard Knigge, Direktor der Stiftung Buchenwald-Dora Dr. J\u00f6rg Skriebeleit, Leiter der KZ-Gedenkst\u00e4tte Flossenb\u00fcrg<\/p>\n<p>Dr. Jens-Christian Wagner, Gesch\u00e4ftsf\u00fchrer der Stiftung Nieders\u00e4chsische Gedenkst\u00e4tten Gesch\u00e4ftsf\u00fchrung:<\/p>\n<p>Dr. Thomas Lutz, Gedenkst\u00e4ttenreferat<\/p>\n<p>Stiftung Topographie des Terrors, Niederkirchnerstra\u00dfe 8, 10963 Berlin Tel.: 030-254509-15; <a href=\"mailto:lutz@topographie.de\">lutz@topographie.de<\/a><\/p>\n<hr \/>\n<p>Auszug aus den &#8222;archivnachrichten&#8220; 15\/1-2015:<\/p>\n<p><span style=\"text-decoration: underline;\"><strong>Erinnerungsarbeit in Hessen<\/strong><\/span><br \/>\n<strong>Wanderausstellung der Landesarbeitsgemeinschaft der Gedenkst\u00e4tten- und Erinnerungsinitiativen zur NS-Zeit<\/strong><\/p>\n<p>Flankierend zu seiner Ausstellung \u00fcber \u201eEugenik und NS-Euthanasie im 20. Jahrhun\u00ad dert&#8220; pr\u00e4sentierte das Staatsarchiv Marburg \u00fcber die Sommermonate die aus zw\u00f6lf Tafeln bestehende Wanderausstellung \u201eGedenken in Hessen&#8220; der Landesarbeitsgemeinschaft der Gedenkst\u00e4tten- und Erinnerungsinitiativen zur NS-Zeit in Hessen (LAG), die von Interessenten bei der LAG weiterhin angefordert werden kann.<\/p>\n<p>Der mehrteilige US-amerikanische Film \u201e Holocaust&#8220;, ausgestrahlt 1979 in den dritten Programmen des deutschen Fernsehens, der die fiktive Geschichte der j\u00fcdischen Familie Wei\u00df thematisierte, hatte eine gera\u00ad dezu katalytische Wirkung. Das betonten die Leiterin des Gedenkst\u00e4ttenreferates der Landeszentrale f\u00fcr po\u00ad litische Bildung, Dr. Monika H\u00f6lscher, und das Mitglied des Sprecherrats der LAG und Leiter der Gedenkst\u00e4tte Breitenau, Dr. Gunnar Richter, bei der Er\u00f6ffnung der Ausstellung im Hessischen Staatsarchiv Marburg am 7. Juli in ihren Vortr\u00e4gen. Erstmals waren breite Bev\u00f6lke\u00ad rungsschichten nicht nur bereit, sich mit den Verbre\u00ad chen des NS-Regimes auseinanderzusetzen, sondern begannen in der Folge auch im lokalen Raum &#8211; nach dem Motto \u201eGrabe, wo du stehst&#8220; &#8211; nach Spuren der Verfolgung zu suchen und die NS-Geschichte aufzuar\u00ad beiten.<\/p>\n<p>Hatte es bundesweit vor 1980 jenseits der gro\u00dfen KZ-Gedenkst\u00e4tten kaum lokale Gedenkorte gegeben , sprossen sie nun auch in Hessen geradezu hervor: eine Entwicklung, in deren Folge die Landeszentrale f\u00fcr politische Bildung 1997 das Gedenkst\u00e4ttenreferat einrichtete und sich 1999 Vertreter der Gedenkst\u00e4tten und Erinnerungsinitiativen in Marburg zu einer Inter\u00ad essen- und Arbeitsgemeinschaft zusammenschlossen. Beide, Gedenkst\u00e4ttenreferat und LAG, arbeiten seither eng zusammen . Die Landeszentrale betreut &#8211; \u00fcber das gesamte Land Hessen verteilt &#8211; derzeit die beachtliche Zahl von \u00fcber f\u00fcnfzig Gedenkst\u00e4tten und Initiativen. In der LAG organisiert sind davon rund vierzig. Typisch f\u00fcr die hessische Gedenkst\u00e4ttenlandschaft ist, dass sie mit Ausnahme von vier Einrichtungen allesamt ehren\u00ad amtlich betreut werden, worin sich ein au\u00dferordentlich hohes zivilgesellschaftliches Engagement spiegelt.<\/p>\n<p>Die LAG nahm die skizzierte Entwicklung zum Anlass, in einer systematisierenden Ausstellung die Gedenkst\u00e4ttenlandschaft und das Spektrum ihrer Ge\u00ad denkarbeit in Hessen vorzustellen : Der fr\u00fche Widerstand gegen die NS-Diktatur und Zwangsarbeit sind ebenso Thema wie Straf- und Arbeitserziehungslager, Kriegsgefangenenlager, fr\u00fche Konzentrationslager und KZ-Au\u00dfenlager. Die Verfolgung bestimmter Gruppen wie Juden, Sinti und Roma, Behinderte und psychisch Kranke werden ebenfalls thematisiert . Einige Tafeln zu Synagogen und Mikwen als zerst\u00f6rte und restaurierte oder wiederentdeckte Erinnerungsorte an j\u00fcdisches Le\u00ad ben sowie verfolgte und ermordete j\u00fcdische Mitb\u00fcrger erg\u00e4nzen die Ausstellung . Gerade in Hessen sind diese wegen der Bedeutung des Judentums &#8211; auch auf dem\u00a0Land &#8211; in besonderer Anzahl vorhanden. Vorgestellt werden zudem Gedenk- und Bildungseinrichtungen, die sich der Vermittlung verschiedener Aspekte des Nationalsozialismus widmen. Der Ausstellung gelingt\u00a0es gleichzeitig, das Funktionieren des NS-Regimes im lokalen hessischen Raum aufzuzeigen sowie den eigen\u00ad st\u00e4ndigen und spezifischen Beitrag der Gedenkst\u00e4tten und Initiativen zu dessen Erforschung und Vermittlung an eine breite \u00d6ffentlichkeit mit vielf\u00e4ltigen Mitteln an\u00ad schaulich zu dokumentieren.<\/p>\n<p>Interessenten k\u00f6nnen die Wanderausstellung bei der LAG anfordern und vor Ort pr\u00e4sentieren . Es ist m\u00f6glich, sie durch Info-Tafeln zu einzelnen lokalen Initiativen und Gedenkorten zu erg\u00e4nzen und zu ver\u00ad tiefen; im Staatsarchiv Marburg informierten die Ge\u00ad denkst\u00e4tte und das Museum Trutzhain (ehemaliges Kriegsgefangenenlager Stalag IX A Ziegenhain), die Geschichtswerkstatt Marburg e. V., der Arbeitskreis Landsynagoge Roth e. V., das Dokumentations-und In\u00ad formationszentrum Stadtallendorf sowie das J\u00fcdische Museum in der ehemaligen Mikwe in Rotenburg an der Fulda \u00fcber ihre Arbeit .<\/p>\n<p>Annegret Wenz-Haubfleisch , Hessisches Staatsarchiv Marburg<\/p>\n<p>Kontakt f\u00fcr die Ausleihe:<br \/>\nRenate Dreesen (rdreesen@gmx.net)<\/p>\n<p><a href=\"https:\/\/www.lag-gedenken-in-hessen.de\/wp-content\/uploads\/Ausstellungsartikel-archivnachrichten-aus-hessen.pdf\" target=\"_blank\" rel=\"noopener\">Den Artikel mit Bildern k\u00f6nnen Sie hier downloaden.<\/a><\/p>\n","protected":false},"excerpt":{"rendered":"<p>KZ-Gedenkst\u00e4tten bef\u00fcrchten schweren Schaden f\u00fcr die Erinnerungskultur Vor dem Hintergrund von Meldungen zur Frage eines m\u00f6glichen AfD-Vorsitzes im Kulturaus\u00adschuss unterst\u00fctzt die Arbeitsgemeinschaft der KZ-Gedenkst\u00e4tten, in der die Leiterinnen und Leiter der vom Bund institutionell gef\u00f6rderten Gedenkst\u00e4tten Bergen-Belsen, Buchenwald, Dachau, Flossenb\u00fcrg, Mittelbau-Dora, Neuengamme, Ravensbr\u00fcck und Sachsenhausen zu\u00adsammengeschlossen sind, die partei\u00fcbergreifende Initiative von Kulturschaffenden, die sich mit &#8230; <span class=\"more\"><a class=\"more-link\" href=\"https:\/\/www.lag-gedenken-in-hessen.de\/?page_id=782\">[weiterlesen&#8230;]<\/a><\/span><\/p>\n","protected":false},"author":1,"featured_media":0,"parent":0,"menu_order":0,"comment_status":"closed","ping_status":"closed","template":"page-full-width.php","meta":{"footnotes":""},"class_list":["entry","page","publish","author-admin","post-782"],"_links":{"self":[{"href":"https:\/\/www.lag-gedenken-in-hessen.de\/index.php?rest_route=\/wp\/v2\/pages\/782","targetHints":{"allow":["GET"]}}],"collection":[{"href":"https:\/\/www.lag-gedenken-in-hessen.de\/index.php?rest_route=\/wp\/v2\/pages"}],"about":[{"href":"https:\/\/www.lag-gedenken-in-hessen.de\/index.php?rest_route=\/wp\/v2\/types\/page"}],"author":[{"embeddable":true,"href":"https:\/\/www.lag-gedenken-in-hessen.de\/index.php?rest_route=\/wp\/v2\/users\/1"}],"replies":[{"embeddable":true,"href":"https:\/\/www.lag-gedenken-in-hessen.de\/index.php?rest_route=%2Fwp%2Fv2%2Fcomments&post=782"}],"version-history":[{"count":5,"href":"https:\/\/www.lag-gedenken-in-hessen.de\/index.php?rest_route=\/wp\/v2\/pages\/782\/revisions"}],"predecessor-version":[{"id":801,"href":"https:\/\/www.lag-gedenken-in-hessen.de\/index.php?rest_route=\/wp\/v2\/pages\/782\/revisions\/801"}],"wp:attachment":[{"href":"https:\/\/www.lag-gedenken-in-hessen.de\/index.php?rest_route=%2Fwp%2Fv2%2Fmedia&parent=782"}],"curies":[{"name":"wp","href":"https:\/\/api.w.org\/{rel}","templated":true}]}}