{"id":8,"date":"2014-10-17T15:48:56","date_gmt":"2014-10-17T13:48:56","guid":{"rendered":"http:\/\/wordpress.gedenken-in-hessen.de\/?page_id=8"},"modified":"2024-10-15T17:48:05","modified_gmt":"2024-10-15T15:48:05","slug":"sprecherrat","status":"publish","type":"page","link":"https:\/\/www.lag-gedenken-in-hessen.de\/?page_id=8","title":{"rendered":"Sprecher_innenrat"},"content":{"rendered":"<hr \/>\n<p><strong>Am 3. September 1999 gr\u00fcndete sich in Marburg die Landesarbeitsgemeinschaft als Interessenvertretung der Gedenkst\u00e4tten und Erinnerungsinitiativen zur NS-Zeit in Hessen. Sie versteht sich als ein landesweiter Zusammenschluss, der f\u00fcr alle in der Erinnerungsarbeit an die NS-Zeit t\u00e4tigen Einrichtungen offen ist. Ihr Ziel ist intensivere Kooperation und regelm\u00e4\u00dfiger Erfahrungsaustausch auf der einen sowie verst\u00e4rkte \u00d6ffentlichkeitsarbeit und die Wahrnehmung politischer Interessen auf der anderen Seite.<\/strong><\/p>\n<p><strong>Nach au\u00dfen vertreten wird die LAG-Hessen durch den gew\u00e4hlten Sprecher_innenrat, der \u00fcber die gemeinsame Mailadresse: <a href=\"mailto:Sprecher_innen@laggih.de\">Sprecher_innen@laggih.de<\/a> ( oder Sprecherrat@laggih.de ) erreichbar ist. (Mails an diese Adresse werden an alle Mitglieder des Rats weitergeleitet).<\/strong><\/p>\n<hr \/>\n<p><strong>Die Mitglieder des Sprecher_innenrats der Landesarbeitsgemeinschaft sind nach der Wahl bei der letzten Mitgliederversammlung am 02.10.2024\u00a0 (in alphabetischer Reihenfolge):<\/strong><\/p>\n<p><strong>Thomas Altmeyer<\/strong><br \/><strong> (Studienkreis Deutscher Widerstand 1933-1945 e. V.)<\/strong><br \/><strong> E-Mail: <a href=\"mailto:altmeyer@widerstand-1933-1945.de\">altmeyer@widerstand-1933-1945.de<\/a><\/strong><\/p>\n<p><strong>Dr. Ann Katrin D\u00fcben<\/strong><br \/><strong>(Gedenkst\u00e4tte Breitenau)<\/strong><br \/><strong> E-Mail: <a href=\"mailto:dueben@gedenkstaette-breitenau.de\">dueben@gedenkstaette-breitenau.de<\/a><\/strong><\/p>\n<p><strong>Dr. Katherine Lukat <\/strong><br \/><strong>E-Mail:\u00a0<a href=\"mailto:katherine.lukat@wiesbaden.de\"> katherine.lukat@wiesbaden.de<\/a><\/strong><\/p>\n<p><strong>Judith Sucher<\/strong><br \/><strong>E-Mail: <a href=\"mailto:Judith.Sucher@lwv-hessen.de\">Judith.Sucher@lwv-hessen.de<\/a><\/strong><\/p>\n\n<div class='printomatic pom-default ' id='id7853' alt='Seitentext drucken' title='Seitentext drucken' data-print_target='article'><\/div>\n","protected":false},"excerpt":{"rendered":"<p>Am 3. September 1999 gr\u00fcndete sich in Marburg die Landesarbeitsgemeinschaft als Interessenvertretung der Gedenkst\u00e4tten und Erinnerungsinitiativen zur NS-Zeit in Hessen. Sie versteht sich als ein landesweiter Zusammenschluss, der f\u00fcr alle in der Erinnerungsarbeit an die NS-Zeit t\u00e4tigen Einrichtungen offen ist. Ihr Ziel ist intensivere Kooperation und regelm\u00e4\u00dfiger Erfahrungsaustausch auf der einen sowie verst\u00e4rkte \u00d6ffentlichkeitsarbeit und &#8230; <span class=\"more\"><a class=\"more-link\" href=\"https:\/\/www.lag-gedenken-in-hessen.de\/?page_id=8\">[weiterlesen&#8230;]<\/a><\/span><\/p>\n","protected":false},"author":1,"featured_media":0,"parent":0,"menu_order":0,"comment_status":"closed","ping_status":"closed","template":"page-full-width.php","meta":{"footnotes":""},"class_list":["entry","page","publish","author-admin","post-8"],"_links":{"self":[{"href":"https:\/\/www.lag-gedenken-in-hessen.de\/index.php?rest_route=\/wp\/v2\/pages\/8","targetHints":{"allow":["GET"]}}],"collection":[{"href":"https:\/\/www.lag-gedenken-in-hessen.de\/index.php?rest_route=\/wp\/v2\/pages"}],"about":[{"href":"https:\/\/www.lag-gedenken-in-hessen.de\/index.php?rest_route=\/wp\/v2\/types\/page"}],"author":[{"embeddable":true,"href":"https:\/\/www.lag-gedenken-in-hessen.de\/index.php?rest_route=\/wp\/v2\/users\/1"}],"replies":[{"embeddable":true,"href":"https:\/\/www.lag-gedenken-in-hessen.de\/index.php?rest_route=%2Fwp%2Fv2%2Fcomments&post=8"}],"version-history":[{"count":29,"href":"https:\/\/www.lag-gedenken-in-hessen.de\/index.php?rest_route=\/wp\/v2\/pages\/8\/revisions"}],"predecessor-version":[{"id":1882,"href":"https:\/\/www.lag-gedenken-in-hessen.de\/index.php?rest_route=\/wp\/v2\/pages\/8\/revisions\/1882"}],"wp:attachment":[{"href":"https:\/\/www.lag-gedenken-in-hessen.de\/index.php?rest_route=%2Fwp%2Fv2%2Fmedia&parent=8"}],"curies":[{"name":"wp","href":"https:\/\/api.w.org\/{rel}","templated":true}]}}