{"id":805,"date":"2017-11-01T11:17:30","date_gmt":"2017-11-01T09:17:30","guid":{"rendered":"https:\/\/www.lag-gedenken-in-hessen.de\/?page_id=805"},"modified":"2019-09-20T23:15:18","modified_gmt":"2019-09-20T21:15:18","slug":"stiftung-adam-von-trott-imshausen-e-v","status":"publish","type":"page","link":"https:\/\/www.lag-gedenken-in-hessen.de\/?page_id=805","title":{"rendered":"Stiftung Adam von Trott, Imshausen e.V."},"content":{"rendered":"<p><img loading=\"lazy\" decoding=\"async\" class=\"size-full wp-image-814 alignleft\" src=\"https:\/\/www.lag-gedenken-in-hessen.de\/wp-content\/uploads\/S-Adam-von-trott.jpeg\" alt=\"\" width=\"320\" height=\"240\" srcset=\"https:\/\/www.lag-gedenken-in-hessen.de\/wp-content\/uploads\/S-Adam-von-trott.jpeg 320w, https:\/\/www.lag-gedenken-in-hessen.de\/wp-content\/uploads\/S-Adam-von-trott-300x225.jpeg 300w, https:\/\/www.lag-gedenken-in-hessen.de\/wp-content\/uploads\/S-Adam-von-trott-160x120.jpeg 160w\" sizes=\"auto, (max-width: 320px) 100vw, 320px\" \/><img loading=\"lazy\" decoding=\"async\" class=\"size-full wp-image-817 alignleft\" src=\"https:\/\/www.lag-gedenken-in-hessen.de\/wp-content\/uploads\/Adam-Davos.jpg\" alt=\"\" width=\"260\" height=\"240\" \/><\/p>\n<p><img loading=\"lazy\" decoding=\"async\" class=\"size-medium wp-image-820\" src=\"https:\/\/www.lag-gedenken-in-hessen.de\/wp-content\/uploads\/Gedenkstein_komp-225x300.jpeg\" alt=\"\" width=\"225\" height=\"300\" srcset=\"https:\/\/www.lag-gedenken-in-hessen.de\/wp-content\/uploads\/Gedenkstein_komp-225x300.jpeg 225w, https:\/\/www.lag-gedenken-in-hessen.de\/wp-content\/uploads\/Gedenkstein_komp.jpeg 240w\" sizes=\"auto, (max-width: 225px) 100vw, 225px\" \/><\/p>\n\n<table id=\"tablepress-38\" class=\"tablepress tablepress-id-38\">\n<tbody class=\"row-striping\">\n<tr class=\"row-1\">\n\t<td class=\"column-1\"><b>Kurzbeschreibung<\/b>  <\/td><td class=\"column-2\">Die Stiftung Adam von Trott, Imshausen e.V., 1986 errichtet zum Gedenken an den Widerstandsk\u00e4mpfer Adam von Trott zu Solz, bietet einen Ort f\u00fcr Dialog und Reflexion. Sie verfolgt das Ziel, im historischen Elternhaus des Widerstandsk\u00e4mpfers Adam von Trott zu Solz ein Zentrum f\u00fcr Begegnung von Menschen verschiedenster Herkunft und Pr\u00e4gung zu erhalten und weiter zu entwickeln. Inhaltliche Schwerpunkte der Veranstaltungen und Tagungen sind die Erinnerung an Diktatur und Widerstand, Friedensarbeit im Geist der \u00d6kumene und Ost-West-Begegnung.<\/td>\n<\/tr>\n<tr class=\"row-2\">\n\t<td class=\"column-1\"><b>Tr\u00e4ger \/<br \/>\nInitiative<\/b>  <\/td><td class=\"column-2\">Stiftung Adam von Trott, Imshausen e.V.<\/td>\n<\/tr>\n<tr class=\"row-3\">\n\t<td class=\"column-1\"><b>Information<\/b>  <br \/>\n<br \/>\n<br \/>\n<\/td><td class=\"column-2\"><b>Beschreibung<\/b><br \/>\n<br \/>\nDer Stiftung Adam von Trott, Imshausen e.V. steht ein ansprechendes historisches Geb\u00e4udeensemble zur Verf\u00fcgung \u2013 ruhig gelegen in einem Park und umgeben von einer ausgedehnten Waldlandschaft.<br \/>\n<br \/>\nDas Herrenhaus wurde 1791 im franz\u00f6sischen Baustil errichtet und war bis zur Mitte des 20. Jahrhunderts Wohnsitz der Familie von Trott zu Solz. Adam von Trott verbrachte hier einen Teil seiner Kindheit und Jugend. Seinen Eltern, dem Kgl. preu\u00dfischen Oberpr\u00e4sidenten und Kultusminister August von Trott zu Solz (1855-1938) und seiner Frau Eleonore (1875-1948), diente es als Ruhesitz.<br \/>\nNach ihrem Tode erwarb 1950 die Kommunit\u00e4t Imshausen, eine von Adams Schwester Vera mitgegr\u00fcndete geistliche Gemeinschaft, das Herrenhaus und lebte und arbeitete hier bis 1995.<br \/>\nSeither komplett restauriert und f\u00fcr den Tagungsbetrieb umgebaut, hat das Haus sein besonderes historisches Flair bewahren k\u00f6nnen.<br \/>\nDas Visser 't Hooft Haus, das neben dem Herrenhaus liegt, ist aus einer ehemaligen Scheune hervorgegangen, die von 1986-1988 zum Begegnungshaus der Stiftung ausgebaut wurde.<br \/>\nSeinen Namen erhielt es aus Anlass des 60. Jahrestages des 20. Juli 1944 in Erinnerung an den ersten Generalsekret\u00e4r des \u00d6kumenischen Rates der Kirchen. Der Niederl\u00e4nder Willem A. Visser 't Hooft (1900-1985) unterst\u00fctzte w\u00e4hrend des Zweiten Weltkriegs europ\u00e4ische Widerstandsk\u00e4mpfer gegen das NS-Regime \u2013 darunter Adam von Trott und Dietrich Bonhoeffer \u2013 im Bem\u00fchen um eine internationale Friedensordnung. Mit seiner gro\u00dfen Dialogf\u00e4higkeit und Tatkraft wurde Visser 't Hooft zum Wegbereiter der Welt\u00f6kumene. 1966 wurde er mit dem Friedenspreis des Deutschen Buchhandels ausgezeichnet.<br \/>\nBeide H\u00e4user k\u00f6nnen als Tagungs- und Begegnungsh\u00e4user von Selbstversorgergruppen genutzt werden. Mit insgesamt 43 Betten (Herrenhaus 23 und Visser 't Hooft-Haus 20 Betten) in Ein- und Zweibettzimmern bietet es vor allem solchen Gruppen Platz, die hier an historisch-politischen aber auch \u2013 aufgrund der N\u00e4he der christlichen Kommunit\u00e4t Imshausen \u2013 an religi\u00f6s-ethischen Fragestellungen interessiert sind.<br \/>\nDie Stiftung Adam von Trott, Imshausen e.V. ist in ihren Anliegen ihrem Namensgeber Adam von Trott zu Solz (1909-1944) verpflichtet. Er leistete als fr\u00fcher und entschiedener Gegner des Nationalsozialismus Widerstand gegen das Regime. Trott wurde nach dem Scheitern des Attentats vom 20. Juli 1944 auf Hitler am 15. August 1944 vom Volksgerichtshof zum Tode verurteilt und am 26. August in Berlin-Pl\u00f6tzensee ermordet. Adam von Trott lag es am Herzen, Menschen der verschiedensten Grund\u00fcberzeugungen miteinander zu verbinden. Hierf\u00fcr nutzte er sein weit gespanntes Netzwerk pers\u00f6nlicher Freundschaften.<br \/>\nDie inhaltlichen \u201eS\u00e4ulen\u201c der Stiftungsarbeit sind heute die Besch\u00e4ftigung mit<br \/>\n\u2022\tWiderstand in den Diktaturen (Schwerpunkte: Nationalsozialismus und DDR)<br \/>\n\u2022\tWiderstehen in der Demokratie<br \/>\n\u2022\tF\u00f6rderung der \u00f6kumenischen Idee<br \/>\n<br \/>\n<b>Angebot <\/b><br \/>\n\u2022\t\u00d6ffentliche Veranstaltungen zu historischen, politischen und gesellschaftlichen Fragestellungen (Imsh\u00e4user Gespr\u00e4che, Gedenkfeier am 20. Juli),<br \/>\n\u2022\tStudientage f\u00fcr Sch\u00fclerinnen und Sch\u00fcler, Fortbildungsveranstaltungen f\u00fcr Lehrerinnen und Lehrer,<br \/>\n\u2022\tmehrt\u00e4gige Tagungen<br \/>\n\u2022\tNutzung der Tagungsh\u00e4user durch externe Gruppen mit eigenen Arbeitsprogrammen<br \/>\n\u2022\tF\u00fchrungen durch Haus und Erinnerungsort Imshausen, Vortr\u00e4ge zu Adam von Trott zu Solz und zum Widerstand gegen den Nationalsozialismus (Termine nach Vereinbarung)<br \/>\n<\/td>\n<\/tr>\n<tr class=\"row-4\">\n\t<td class=\"column-1\"><b>Standort<\/b>  <\/td><td class=\"column-2\">Stiftung Adam von Trott, Imshausen e.V.<br \/>\nIm Trottenpark<br \/>\n36179 Bebra-Imshausen <\/td>\n<\/tr>\n<tr class=\"row-5\">\n\t<td class=\"column-1\"><b>Internet<\/b>  <\/td><td class=\"column-2\">eigene Website: <a href=\"http:\/\/www.stiftung-adam-von-trott.de\/\"target=\"_blank\"><br \/>\n<b>www.stiftung-adam-von-trott.de<\/b><\/a><br \/>\n<\/td>\n<\/tr>\n<tr class=\"row-6\">\n\t<td class=\"column-1\"><b>Publikationen<\/b>  <br \/>\n(Auswahl)<\/td><td class=\"column-2\">Clarita von Trott zu Solz: Adam von Trott zu Solz. Eine Lebensbeschreibung, Lukas-Verlag Berlin 2009<br \/>\nBenigna von Krusenstjern: \u00bbda\u00df es Sinn hat zu sterben - gelebt zu haben\u00ab. Adam von Trott zu Solz \u2022 1909 - 1944 \u2022 Biographie, Wallstein-Verlag G\u00f6ttingen 2009 <br \/>\nHenric L. Wuermeling: Adam von Trott zu Solz. Schl\u00fcsselfigur im Widerstand gegen Hitler, Pantheon-Verlag M\u00fcnchen 2009 <br \/>\nHellmut Sito Schlingensiepen und Christian Bimm Coers: \u00bbNoch stehen wir am Anfang\u2026\u00ab<br \/>\nAdam von Trott zu Solz, 1909\u20131944, DVD-Video, Unterrichtsfilm, ca. 28 Minute<br \/>\n<\/td>\n<\/tr>\n<\/tbody>\n<\/table>\n<!-- #tablepress-38 from cache -->\n<div class='printomatic pom-default ' id='id6681' alt='Seitentext drucken' title='Seitentext drucken' data-print_target='article'><\/div>\n","protected":false},"excerpt":{"rendered":"","protected":false},"author":1,"featured_media":814,"parent":0,"menu_order":0,"comment_status":"closed","ping_status":"closed","template":"page-full-width.php","meta":{"footnotes":""},"class_list":{"0":"entry","1":"page","2":"publish","3":"author-admin","4":"post-805","6":"has-post-thumbnail"},"_links":{"self":[{"href":"https:\/\/www.lag-gedenken-in-hessen.de\/index.php?rest_route=\/wp\/v2\/pages\/805","targetHints":{"allow":["GET"]}}],"collection":[{"href":"https:\/\/www.lag-gedenken-in-hessen.de\/index.php?rest_route=\/wp\/v2\/pages"}],"about":[{"href":"https:\/\/www.lag-gedenken-in-hessen.de\/index.php?rest_route=\/wp\/v2\/types\/page"}],"author":[{"embeddable":true,"href":"https:\/\/www.lag-gedenken-in-hessen.de\/index.php?rest_route=\/wp\/v2\/users\/1"}],"replies":[{"embeddable":true,"href":"https:\/\/www.lag-gedenken-in-hessen.de\/index.php?rest_route=%2Fwp%2Fv2%2Fcomments&post=805"}],"version-history":[{"count":9,"href":"https:\/\/www.lag-gedenken-in-hessen.de\/index.php?rest_route=\/wp\/v2\/pages\/805\/revisions"}],"predecessor-version":[{"id":1247,"href":"https:\/\/www.lag-gedenken-in-hessen.de\/index.php?rest_route=\/wp\/v2\/pages\/805\/revisions\/1247"}],"wp:featuredmedia":[{"embeddable":true,"href":"https:\/\/www.lag-gedenken-in-hessen.de\/index.php?rest_route=\/wp\/v2\/media\/814"}],"wp:attachment":[{"href":"https:\/\/www.lag-gedenken-in-hessen.de\/index.php?rest_route=%2Fwp%2Fv2%2Fmedia&parent=805"}],"curies":[{"name":"wp","href":"https:\/\/api.w.org\/{rel}","templated":true}]}}